{"id":2475,"date":"2020-03-26T15:39:27","date_gmt":"2020-03-26T14:39:27","guid":{"rendered":"https:\/\/www.bspool.eu\/politica-de-calidad\/"},"modified":"2020-03-27T11:56:17","modified_gmt":"2020-03-27T10:56:17","slug":"politica-de-qualitat","status":"publish","type":"page","link":"https:\/\/www.bspool.eu\/ca\/politica-de-qualitat\/","title":{"rendered":"Pol\u00edtica de qualitat"},"content":{"rendered":"<p>[vc_row full_width=&#8221;stretch_row_content_no_spaces&#8221; full_height=&#8221;yes&#8221; css=&#8221;.vc_custom_1567752867180{margin-bottom: 40px !important;background-image: url(https:\/\/www.bspool.eu\/wp-content\/uploads\/2019\/08\/banner-relacionados.jpg?id=768) !important;background-position: center !important;background-repeat: no-repeat !important;background-size: cover !important;}&#8221; el_class=&#8221;banner&#8221;][vc_column][vc_row_inner row_content_width=&#8221;container&#8221;][vc_column_inner][vc_custom_heading text=&#8221;Pol\u00edtica de qualitat&#8221; font_container=&#8221;tag:h1|text_align:center|color:%23ffffff&#8221; use_theme_fonts=&#8221;yes&#8221; font_weight=&#8221;font-weight: 400;&#8221;][vc_single_image image=&#8221;306&#8243; img_size=&#8221;full&#8221; alignment=&#8221;center&#8221; onclick=&#8221;custom_link&#8221; image_svg=&#8221;yes&#8221; image_content_width=&#8221;50px&#8221; link=&#8221;#content&#8221; el_class=&#8221;banner-icon-scroll&#8221;][\/vc_column_inner][\/vc_row_inner][\/vc_column][\/vc_row][vc_row row_content_width=&#8221;container&#8221; el_id=&#8221;content&#8221; css=&#8221;.vc_custom_1567752941429{margin-bottom: 40px !important;}&#8221;][vc_column][vc_column_text]<\/p>\n<h3>Pol\u00edtica de qualitat<\/h3>\n<p>La Pol\u00edtica de Qualitat de BSV ELECTRONIC, S.L. \u00e9s el marc per establir els objectius de millora del Sistema de Gesti\u00f3 de Qualitat i s&#8217;estructura en els seg\u00fcents punts:<\/p>\n<ol>\n<li>Compliment del termini de lliurament del producte o del temps de resposta a qualsevol consulta per part del client, incloent la negociaci\u00f3 amb els prove\u00efdors.<\/li>\n<li>Abs\u00e8ncia d&#8217;incid\u00e8ncies en el producte, tant comprat com fabricat.<\/li>\n<li>Facilitat d&#8217;\u00fas, configuraci\u00f3 i instal\u00b7laci\u00f3 del producte subministrat.<\/li>\n<li>Competitivitat en preus en el sector. Tant en la tarifa de venda com en el cost de compra.<\/li>\n<li>Cobrament de la totalitat de vendes efectuades.<\/li>\n<li>Personalitzaci\u00f3 del producte i adaptaci\u00f3 al client.<\/li>\n<li>Millora tecnol\u00f2gica cont\u00ednua, cobrint les prestacions demandades, la fiabilitat del producte i les novetats del sector.<\/li>\n<li>Claredat en l&#8217;etiquetat i la composici\u00f3 del producte.<\/li>\n<li>Control documental del producte i de la seva tra\u00e7abilitat.<\/li>\n<li>Informaci\u00f3 completa i r\u00e0pida al client.<\/li>\n<li>Coneixement espec\u00edfic del seu lloc de feina, cada persona de l&#8217;empresa.<\/li>\n<li>Millora cont\u00ednua dels processos, par\u00e0metres i indicadors de qualitat.<\/li>\n<li>Compliment de la legislaci\u00f3 aplicable.<\/li>\n<\/ol>\n<p>[\/vc_column_text][\/vc_column][\/vc_row]<\/p>\n","protected":false},"excerpt":{"rendered":"<p>[vc_row full_width=&#8221;stretch_row_content_no_spaces&#8221; full_height=&#8221;yes&#8221; css=&#8221;.vc_custom_1567752867180{margin-bottom: 40px !important;background-image: url(https:\/\/www.bspool.eu\/wp-content\/uploads\/2019\/08\/banner-relacionados.jpg?id=768) !important;background-position: center !important;background-repeat: no-repeat !important;background-size: cover !important;}&#8221; el_class=&#8221;banner&#8221;][vc_column][vc_row_inner row_content_width=&#8221;container&#8221;][vc_column_inner][vc_custom_heading text=&#8221;Pol\u00edtica de qualitat&#8221; font_container=&#8221;tag:h1|text_align:center|color:%23ffffff&#8221; use_theme_fonts=&#8221;yes&#8221; font_weight=&#8221;font-weight: 400;&#8221;][vc_single_image image=&#8221;306&#8243; img_size=&#8221;full&#8221; alignment=&#8221;center&#8221; onclick=&#8221;custom_link&#8221; image_svg=&#8221;yes&#8221; image_content_width=&#8221;50px&#8221; link=&#8221;#content&#8221; el_class=&#8221;banner-icon-scroll&#8221;][\/vc_column_inner][\/vc_row_inner][\/vc_column][\/vc_row][vc_row row_content_width=&#8221;container&#8221; el_id=&#8221;content&#8221; css=&#8221;.vc_custom_1567752941429{margin-bottom: 40px !important;}&#8221;][vc_column][vc_column_text] Pol\u00edtica de qualitat La Pol\u00edtica de Qualitat de BSV ELECTRONIC, S.L. \u00e9s el marc per establir els objectius de [&hellip;]<\/p>\n","protected":false},"author":1,"featured_media":0,"parent":0,"menu_order":0,"comment_status":"closed","ping_status":"closed","template":"","meta":[],"_links":{"self":[{"href":"https:\/\/www.bspool.eu\/ca\/wp-json\/wp\/v2\/pages\/2475"}],"collection":[{"href":"https:\/\/www.bspool.eu\/ca\/wp-json\/wp\/v2\/pages"}],"about":[{"href":"https:\/\/www.bspool.eu\/ca\/wp-json\/wp\/v2\/types\/page"}],"author":[{"embeddable":true,"href":"https:\/\/www.bspool.eu\/ca\/wp-json\/wp\/v2\/users\/1"}],"replies":[{"embeddable":true,"href":"https:\/\/www.bspool.eu\/ca\/wp-json\/wp\/v2\/comments?post=2475"}],"version-history":[{"count":2,"href":"https:\/\/www.bspool.eu\/ca\/wp-json\/wp\/v2\/pages\/2475\/revisions"}],"predecessor-version":[{"id":2477,"href":"https:\/\/www.bspool.eu\/ca\/wp-json\/wp\/v2\/pages\/2475\/revisions\/2477"}],"wp:attachment":[{"href":"https:\/\/www.bspool.eu\/ca\/wp-json\/wp\/v2\/media?parent=2475"}],"curies":[{"name":"wp","href":"https:\/\/api.w.org\/{rel}","templated":true}]}}