{"id":2490,"date":"2019-08-19T13:04:53","date_gmt":"2019-08-19T11:04:53","guid":{"rendered":"https:\/\/www.bspool.eu\/productos\/"},"modified":"2024-05-17T12:06:28","modified_gmt":"2024-05-17T10:06:28","slug":"productes","status":"publish","type":"page","link":"https:\/\/www.bspool.eu\/ca\/productes\/","title":{"rendered":"Productes"},"content":{"rendered":"<p>[vc_row full_width=&#8221;stretch_row_content_no_spaces&#8221; full_height=&#8221;yes&#8221; css=&#8221;.vc_custom_1567697324485{background-image: url(https:\/\/www.bspool.eu\/wp-content\/uploads\/2019\/08\/banner-productos.jpg?id=338) !important;background-position: center !important;background-repeat: no-repeat !important;background-size: cover !important;}&#8221; el_class=&#8221;banner&#8221;][vc_column][vc_row_inner row_content_width=&#8221;container&#8221;][vc_column_inner width=&#8221;1\/2&#8243;][vc_custom_heading text=&#8221;Els nostres<br \/>\n<strong>productes<\/strong>&#8221; font_container=&#8221;tag:h1|text_align:left|color:%23ffffff&#8221; use_theme_fonts=&#8221;yes&#8221; font_weight=&#8221;font-weight: 400;&#8221; css=&#8221;.vc_custom_1715940384288{margin-bottom: 40px !important;}&#8221;][vc_column_text el_class=&#8221;text&#8211;white&#8221;]Els productes de BS Pool estan dissenyats per aconseguir que l&#8217;aigua de les piscines, tant p\u00fabliques com particulars, es mantingui en perfecte estat sense usar productes qu\u00edmics.<\/p>\n<p>Dissenyem i fabriquem equips de cloraci\u00f3 salina, mecanismes de dosificaci\u00f3 de productes de desinfecci\u00f3 de l&#8217;aigua, aix\u00ed com m\u00e0quines per a la programaci\u00f3 i automatitzaci\u00f3 de processos.[\/vc_column_text][\/vc_column_inner][vc_column_inner width=&#8221;1\/2&#8243;][\/vc_column_inner][\/vc_row_inner][vc_row_inner row_content_width=&#8221;container&#8221;][vc_column_inner][vc_single_image image=&#8221;306&#8243; img_size=&#8221;full&#8221; alignment=&#8221;center&#8221; onclick=&#8221;custom_link&#8221; image_svg=&#8221;yes&#8221; image_content_width=&#8221;50px&#8221; link=&#8221;#content&#8221; el_class=&#8221;banner-icon-scroll&#8221;][\/vc_column_inner][\/vc_row_inner][\/vc_column][\/vc_row][vc_row el_id=&#8221;content&#8221; css=&#8221;.vc_custom_1567755556698{padding-top: 0px !important;}&#8221;][vc_column css=&#8221;.vc_custom_1567755547611{padding-top: 0px !important;}&#8221;][\/vc_column][\/vc_row][vc_row row_responsive=&#8221;d&#8211;none d&#8211;md-flex&#8221; css=&#8221;.vc_custom_1567755579954{margin-top: 25px !important;margin-right: 10px !important;margin-bottom: 25px !important;margin-left: 10px !important;padding-top: 25px !important;padding-bottom: 25px !important;background-color: #002642 !important;}&#8221;][vc_column css=&#8221;.vc_custom_1566294892314{padding-top: 0px !important;}&#8221;][vc_row_inner][vc_column_inner width=&#8221;1\/4&#8243; css=&#8221;.vc_custom_1568736694524{padding-top: 15% !important;padding-right: 10% !important;padding-bottom: 15% !important;padding-left: 10% !important;background-image: url(https:\/\/www.bspool.eu\/wp-content\/uploads\/2019\/08\/banner-productos-2-3.jpg?id=379) !important;background-position: center !important;background-repeat: no-repeat !important;background-size: contain !important;}&#8221;][vc_single_image image=&#8221;6466&#8243; img_size=&#8221;full&#8221; image_svg=&#8221;yes&#8221; image_content_width=&#8221;100px&#8221;][vc_custom_heading text=&#8221;Cloraci\u00f3 salina&#8221; font_container=&#8221;tag:h2|font_size:45px|text_align:left|color:%23ffffff&#8221; use_theme_fonts=&#8221;yes&#8221; css=&#8221;.vc_custom_1652166484577{margin-bottom: 20px !important;}&#8221;][vc_btn title=&#8221;Veure Productes&#8221; style=&#8221;custom&#8221; custom_background=&#8221;#a1e4f2&#8243; custom_text=&#8221;#002642&#8243; link=&#8221;url:https%3A%2F%2Fwww.bspool.eu%2Fca%2Fcloracio-salina%2F|||&#8221; css=&#8221;.vc_custom_1586171947301{margin-bottom: 0px !important;}&#8221; el_class=&#8221;btn-custom&#8211;small&#8221;][\/vc_column_inner][vc_column_inner el_class=&#8221;producto-fondo-dosing&#8221; width=&#8221;1\/4&#8243; css=&#8221;.vc_custom_1652177093170{padding-top: 15% !important;padding-right: 10% !important;padding-bottom: 15% !important;padding-left: 10% !important;background-image: url(https:\/\/www.bspool.eu\/wp-content\/uploads\/2020\/07\/banner-productos-2-3.png?id=3782) !important;background-position: center !important;background-repeat: no-repeat !important;background-size: contain !important;}&#8221;][vc_single_image image=&#8221;6470&#8243; img_size=&#8221;full&#8221; image_svg=&#8221;yes&#8221; image_content_width=&#8221;87px&#8221;][vc_custom_heading text=&#8221;Dosificaci\u00f3&#8221; font_container=&#8221;tag:h2|font_size:45px|text_align:left|color:%23ffffff&#8221; use_theme_fonts=&#8221;yes&#8221; css=&#8221;.vc_custom_1652166478533{margin-bottom: 20px !important;}&#8221;][vc_btn title=&#8221;Veure Productes&#8221; style=&#8221;custom&#8221; custom_background=&#8221;#a1e4f2&#8243; custom_text=&#8221;#002642&#8243; link=&#8221;url:https%3A%2F%2Fwww.bspool.eu%2Fca%2Fdosificacio%2F|||&#8221; el_class=&#8221;btn-custom&#8211;small&#8221; css=&#8221;.vc_custom_1586171981281{margin-bottom: 0px !important;}&#8221;][\/vc_column_inner][vc_column_inner width=&#8221;1\/4&#8243; css=&#8221;.vc_custom_1568736856738{padding-top: 15% !important;padding-right: 10% !important;padding-bottom: 15% !important;padding-left: 10% !important;background-image: url(https:\/\/www.bspool.eu\/wp-content\/uploads\/2019\/08\/banner-productos-4.jpg?id=350) !important;background-position: center !important;background-repeat: no-repeat !important;background-size: contain !important;}&#8221;][vc_single_image image=&#8221;6474&#8243; img_size=&#8221;full&#8221; image_svg=&#8221;yes&#8221; image_content_width=&#8221;83px&#8221;][vc_custom_heading text=&#8221;Automatitzaci\u00f3&#8221; font_container=&#8221;tag:h2|font_size:45px|text_align:left|color:%23ffffff&#8221; use_theme_fonts=&#8221;yes&#8221; css=&#8221;.vc_custom_1652166472512{margin-bottom: 20px !important;}&#8221;][vc_btn title=&#8221;Veure Productes&#8221; style=&#8221;custom&#8221; custom_background=&#8221;#a1e4f2&#8243; custom_text=&#8221;#002642&#8243; link=&#8221;url:https%3A%2F%2Fwww.bspool.eu%2Fca%2Fautomatitzacio%2F|||&#8221; el_class=&#8221;btn-custom&#8211;small&#8221; css=&#8221;.vc_custom_1586172009428{margin-bottom: 0px !important;}&#8221;][\/vc_column_inner][vc_column_inner el_class=&#8221;producto-fondo-domotica&#8221; width=&#8221;1\/4&#8243; css=&#8221;.vc_custom_1652177098761{padding-top: 15% !important;padding-right: 10% !important;padding-bottom: 15% !important;padding-left: 10% !important;background-image: url(https:\/\/www.bspool.eu\/wp-content\/uploads\/2022\/05\/001_BSV_WEB_Producto_Domopool_2.png?id=6678) !important;background-position: center !important;background-repeat: no-repeat !important;background-size: contain !important;}&#8221;][vc_single_image image=&#8221;6698&#8243; img_size=&#8221;230x230px&#8221; image_svg=&#8221;yes&#8221; image_content_width=&#8221;83px&#8221;][vc_custom_heading text=&#8221;Dom\u00f2tica&#8221; font_container=&#8221;tag:h2|font_size:45px|text_align:left|color:%23ffffff&#8221; use_theme_fonts=&#8221;yes&#8221; css=&#8221;.vc_custom_1652166456974{margin-bottom: 20px !important;}&#8221;][vc_btn title=&#8221;Veure Productes&#8221; style=&#8221;custom&#8221; custom_background=&#8221;#a1e4f2&#8243; custom_text=&#8221;#002642&#8243; link=&#8221;url:https%3A%2F%2Fwww.bspool.eu%2Fca%2Fdomotica%2F|title:Dom%C3%B2tica||&#8221; el_class=&#8221;btn-custom&#8211;small&#8221; css=&#8221;.vc_custom_1652166463703{margin-bottom: 0px !important;}&#8221;][\/vc_column_inner][\/vc_row_inner][\/vc_column][\/vc_row][vc_row full_width=&#8221;stretch_row_content_no_spaces&#8221; row_responsive=&#8221;d&#8211;none d&#8211;sm-flex&#8221; css=&#8221;.vc_custom_1567755778874{margin-top: -1px !important;margin-right: 0px !important;margin-bottom: 15px !important;margin-left: 0px !important;padding-top: 0px !important;padding-bottom: 0px !important;background-color: #002642 !important;}&#8221;][vc_column css=&#8221;.vc_custom_1567755564641{padding-top: 0px !important;}&#8221; offset=&#8221;vc_hidden-lg&#8221;][vc_row_inner][vc_column_inner css=&#8221;.vc_custom_1567756136305{padding-top: 20% !important;padding-right: 10% !important;padding-bottom: 20% !important;padding-left: 10% !important;background-image: url(https:\/\/www.bspool.eu\/wp-content\/uploads\/2019\/08\/banner-productos-2-3.jpg?id=379) !important;background-position: center !important;background-repeat: no-repeat !important;background-size: cover !important;}&#8221;][vc_single_image image=&#8221;6466&#8243; img_size=&#8221;full&#8221; image_svg=&#8221;yes&#8221; image_content_width=&#8221;100px&#8221;][vc_custom_heading text=&#8221;Cloraci\u00f3 salina&#8221; font_container=&#8221;tag:h2|text_align:left|color:%23ffffff&#8221; use_theme_fonts=&#8221;yes&#8221; css=&#8221;.vc_custom_1585575707345{margin-bottom: 20px !important;}&#8221;][vc_btn title=&#8221;Veure Productes&#8221; style=&#8221;custom&#8221; custom_background=&#8221;#a1e4f2&#8243; custom_text=&#8221;#002642&#8243; link=&#8221;url:https%3A%2F%2Fwww.bspool.eu%2Fca%2Fcloracio-salina%2F|||&#8221; el_class=&#8221;btn-custom&#8221; css=&#8221;.vc_custom_1586171961520{margin-bottom: 0px !important;}&#8221;][\/vc_column_inner][\/vc_row_inner][vc_row_inner][vc_column_inner el_class=&#8221;background-dosificacion-imagen&#8221; css=&#8221;.vc_custom_1595502637177{padding-top: 20% !important;padding-right: 10% !important;padding-bottom: 20% !important;padding-left: 10% !important;background-image: url(https:\/\/www.bspool.eu\/wp-content\/uploads\/2020\/07\/banner-productos-2-3.png?id=3782) !important;background-position: center !important;background-repeat: no-repeat !important;background-size: cover !important;}&#8221;][vc_single_image image=&#8221;6470&#8243; img_size=&#8221;full&#8221; image_svg=&#8221;yes&#8221; image_content_width=&#8221;87px&#8221;][vc_custom_heading text=&#8221;Dosificaci\u00f3&#8221; font_container=&#8221;tag:h2|text_align:left|color:%23ffffff&#8221; use_theme_fonts=&#8221;yes&#8221; css=&#8221;.vc_custom_1585575720992{margin-bottom: 20px !important;}&#8221;][vc_btn title=&#8221;Veure Productes&#8221; style=&#8221;custom&#8221; custom_background=&#8221;#a1e4f2&#8243; custom_text=&#8221;#002642&#8243; link=&#8221;url:https%3A%2F%2Fwww.bspool.eu%2Fca%2Fdosificacio%2F|||&#8221; el_class=&#8221;btn-custom&#8221; css=&#8221;.vc_custom_1586171994242{margin-bottom: 0px !important;}&#8221;][\/vc_column_inner][\/vc_row_inner][vc_row_inner][vc_column_inner css=&#8221;.vc_custom_1567756152356{padding-top: 20% !important;padding-right: 10% !important;padding-bottom: 20% !important;padding-left: 10% !important;background-image: url(https:\/\/www.bspool.eu\/wp-content\/uploads\/2019\/08\/banner-productos-4.jpg?id=350) !important;background-position: center !important;background-repeat: no-repeat !important;background-size: cover !important;}&#8221;][vc_single_image image=&#8221;6474&#8243; img_size=&#8221;full&#8221; image_svg=&#8221;yes&#8221; image_content_width=&#8221;83px&#8221;][vc_custom_heading text=&#8221;Automatitzaci\u00f3&#8221; font_container=&#8221;tag:h2|text_align:left|color:%23ffffff&#8221; use_theme_fonts=&#8221;yes&#8221; css=&#8221;.vc_custom_1585575671382{margin-bottom: 20px !important;}&#8221;][vc_btn title=&#8221;Veure Productes&#8221; style=&#8221;custom&#8221; custom_background=&#8221;#a1e4f2&#8243; custom_text=&#8221;#002642&#8243; link=&#8221;url:https%3A%2F%2Fwww.bspool.eu%2Fca%2Fautomatitzacio%2F|||&#8221; el_class=&#8221;btn-custom&#8221; css=&#8221;.vc_custom_1586172020965{margin-bottom: 0px !important;}&#8221;][\/vc_column_inner][\/vc_row_inner][vc_row_inner][vc_column_inner css=&#8221;.vc_custom_1652170075258{padding-top: 20% !important;padding-right: 10% !important;padding-bottom: 20% !important;padding-left: 10% !important;background-image: url(https:\/\/www.bspool.eu\/wp-content\/uploads\/2022\/05\/001_BSV_WEB_Producto_Domopool_2.png?id=6678) !important;background-position: center !important;background-repeat: no-repeat !important;background-size: cover !important;}&#8221;][vc_single_image image=&#8221;6698&#8243; img_size=&#8221;230x230px&#8221; image_svg=&#8221;yes&#8221; image_content_width=&#8221;83px&#8221;][vc_custom_heading text=&#8221;Dom\u00f2tica&#8221; font_container=&#8221;tag:h2|text_align:left|color:%23ffffff&#8221; use_theme_fonts=&#8221;yes&#8221; css=&#8221;.vc_custom_1652172303314{margin-bottom: 20px !important;}&#8221;][vc_btn title=&#8221;Veure Productes&#8221; style=&#8221;custom&#8221; custom_background=&#8221;#a1e4f2&#8243; custom_text=&#8221;#002642&#8243; link=&#8221;url:https%3A%2F%2Fwww.bspool.eu%2Fdomotica%2F|title:Dom%C3%B3tica||&#8221; el_class=&#8221;btn-custom&#8221; css=&#8221;.vc_custom_1652172318285{margin-bottom: 0px !important;}&#8221;][\/vc_column_inner][\/vc_row_inner][\/vc_column][\/vc_row][vc_row full_width=&#8221;stretch_row_content_no_spaces&#8221; row_responsive=&#8221;d&#8211;none d&#8211;md-flex&#8221; css=&#8221;.vc_custom_1567755812273{padding-top: 50px !important;padding-bottom: 50px !important;background-color: #a1e4f2 !important;}&#8221;][vc_column css=&#8221;.vc_custom_1566294794739{padding-top: 0px !important;}&#8221;][vc_row_inner content_placement=&#8221;middle&#8221; row_content_width=&#8221;container&#8221;][vc_column_inner width=&#8221;1\/2&#8243;][vc_single_image image=&#8221;3777&#8243; img_size=&#8221;full&#8221; css=&#8221;.vc_custom_1595501190214{margin-bottom: 0px !important;}&#8221;][\/vc_column_inner][vc_column_inner width=&#8221;1\/2&#8243;][vc_custom_heading text=&#8221;Descobreix el nostre cat\u00e0leg de productes&#8221; font_container=&#8221;tag:h2|text_align:left|color:%23ffffff&#8221; use_theme_fonts=&#8221;yes&#8221; css=&#8221;.vc_custom_1585576300991{margin-bottom: 30px !important;}&#8221;][vc_custom_heading text=&#8221;Veure cat\u00e0leg &gt;&#8221; font_container=&#8221;tag:p|text_align:left&#8221; use_theme_fonts=&#8221;yes&#8221; link=&#8221;url:https%3A%2F%2Fwww.bspool.eu%2Fca%2Fcatalegs%2F|||&#8221; css=&#8221;.vc_custom_1586172045336{margin-bottom: 0px !important;}&#8221;][\/vc_column_inner][\/vc_row_inner][\/vc_column][\/vc_row][vc_row full_width=&#8221;stretch_row_content_no_spaces&#8221; row_responsive=&#8221;d&#8211;none d&#8211;sm-flex&#8221; css=&#8221;.vc_custom_1567755977504{padding-top: 50px !important;padding-bottom: 30px !important;background-color: #a1e4f2 !important;}&#8221;][vc_column css=&#8221;.vc_custom_1567755802301{padding-top: 0px !important;}&#8221; offset=&#8221;vc_hidden-lg&#8221;][vc_row_inner content_placement=&#8221;middle&#8221; row_content_width=&#8221;container&#8221;][vc_column_inner][vc_custom_heading text=&#8221;Descobreix el nostre cat\u00e0leg de productes&#8221; font_container=&#8221;tag:h2|text_align:left|color:%23ffffff&#8221; use_theme_fonts=&#8221;yes&#8221; css=&#8221;.vc_custom_1585576314151{margin-bottom: 30px !important;}&#8221;][vc_custom_heading text=&#8221;Veure cat\u00e0leg &gt;&#8221; font_container=&#8221;tag:p|text_align:left&#8221; use_theme_fonts=&#8221;yes&#8221; link=&#8221;url:https%3A%2F%2Fwww.bspool.eu%2Fca%2Fcatalegs%2F|||&#8221; css=&#8221;.vc_custom_1586172054291{margin-bottom: 40px !important;}&#8221;][\/vc_column_inner][\/vc_row_inner][vc_row_inner content_placement=&#8221;middle&#8221; row_content_width=&#8221;container&#8221;][vc_column_inner][vc_single_image image=&#8221;3777&#8243; img_size=&#8221;full&#8221; css=&#8221;.vc_custom_1595501216300{margin-bottom: 0px !important;}&#8221;][\/vc_column_inner][\/vc_row_inner][\/vc_column][\/vc_row][vc_row][vc_column]<div class=\"templatera_shortcode\"><div data-vc-full-width=\"true\" data-vc-full-width-init=\"false\" data-vc-stretch-content=\"true\" class=\"vc_row wpb_row vc_row-fluid contacto-mapa-template vc_row-no-padding\"><div class=\"wpb_column vc_column_container vc_col-sm-12\"><div class=\"vc_column-inner vc_custom_1565167632521\"><div class=\"wpb_wrapper\"><div class=\"vc_row wpb_row vc_inner vc_row-fluid vc_custom_1565164237623 vc_row-has-fill vc_row-o-equal-height vc_row-o-content-middle vc_row-flex\"><div class=\"contact-map wpb_column vc_column_container vc_col-sm-6\"><div class=\"vc_column-inner vc_custom_1581421773472\"><div class=\"wpb_wrapper\"><div class=\"wpb_gmaps_widget wpb_content_element vc_custom_1719308171854 google-mapa activado\"><div class=\"wpb_wrapper\"><div class=\"wpb_map_wraper\"><iframe src=\"https:\/\/www.google.com\/maps\/embed?pb=!1m18!1m12!1m3!1d2982.3386247056183!2d2.2865346154332413!3d41.62681147924295!2m3!1f0!2f0!3f0!3m2!1i1024!2i768!4f13.1!3m3!1m2!1s0x12a4c63a08376c23%3A0xef8b27b8ad12c9b7!2sBsv+Electronic%2C+S.L.!5e0!3m2!1ses!2ses!4v1565163041248!5m2!1ses!2ses\" width=\"600\" height=\"550\" frameborder=\"0\" style=\"border:0\" allowfullscreen><\/iframe><\/div><\/div><\/div><div class=\"wpb_gmaps_widget wpb_content_element vc_custom_1719308174793 google-mapa\"><div class=\"wpb_wrapper\"><div class=\"wpb_map_wraper\"><iframe src=\"https:\/\/www.google.com\/maps\/embed?pb=!1m18!1m12!1m3!1d6291.849934518321!2d-1.2040561235960165!3d37.9555379189078!2m3!1f0!2f0!3f0!3m2!1i1024!2i768!4f13.1!3m3!1m2!1s0xd637f29641f2baf%3A0xaab539087c29dfa8!2sPoligono%20Industrial%20Oeste!5e0!3m2!1ses!2ses!4v1581411757660!5m2!1ses!2ses\" width=\"600\" height=\"550\" frameborder=\"0\" style=\"border:0;\" allowfullscreen=\"\"><\/iframe><\/div><\/div><\/div><div class=\"wpb_gmaps_widget wpb_content_element vc_custom_1719308177905 google-mapa\"><div class=\"wpb_wrapper\"><div class=\"wpb_map_wraper\"><iframe src=\"https:\/\/www.google.com\/maps\/embed?pb=!1m18!1m12!1m3!1d3592.3741987918265!2d-80.14115088497843!3d25.791226183623376!2m3!1f0!2f0!3f0!3m2!1i1024!2i768!4f13.1!3m3!1m2!1s0x88d9b4865edb3d8f%3A0x2a1c9624aaff4ca5!2s1680%20Michigan%20Ave%20STE%20700D%2C%20Miami%20Beach%2C%20FL%2033139%2C%20EE.%20UU.!5e0!3m2!1ses!2ses!4v1585149850527!5m2!1ses!2ses\" width=\"600\" height=\"550\" frameborder=\"0\" style=\"border:0\" allowfullscreen><\/iframe><\/div><\/div><\/div><\/div><\/div><\/div><div class=\"wpb_column vc_column_container vc_col-sm-6\"><div class=\"vc_column-inner vc_custom_1565266424778\"><div class=\"wpb_wrapper\">\n\t\t<section  class=\"imagelist imagelist--contact\">\n\t\t    \n\t\t<div class=\"imagelist-item\">\n    \t\t\t        <figure class=\"imagelist-figure\" style=\"width:40px;\">\n          <img class=\"imagelist-img\" src=\"https:\/\/www.bspool.eu\/wp-content\/uploads\/2019\/08\/location.svg\" alt=\"Contacte\">\n        <\/figure>\n\t\t\t\t\t\t        <span class=\"imagelist-title\" style=\"color:#ffffff;\">\n          Contacte        <\/span>\n     \t        <\/div>\n\n    \n\t\t<\/section>\n\n\t\t\n\t<div class=\"wpb_text_column wpb_content_element  listas-home\" >\n\t\t<div class=\"wpb_wrapper\">\n\t\t\t<ul class=\"lista-delegaciones-contact\">\n<li style=\"font-weight: bold;\"><b><u>BSV Electronic Oficines<\/u><\/b><\/li>\n<li><b><u>BSV Planta de Producci\u00f3 M\u00farcia<\/u><\/b><\/li>\n<li><b><u>BSV Delegaci\u00f3 Miami<\/u><\/b><\/li>\n<\/ul>\n\n\t\t<\/div>\n\t<\/div>\n\n\t<div class=\"wpb_text_column wpb_content_element  info-contacto info-contacto-home\" >\n\t\t<div class=\"wpb_wrapper\">\n\t\t\t<ul class=\"info-contact-desplegada activado\">\n<li>C\/ Ribera del Congost 40 A<\/li>\n<li>Poligon Industrial Sector V<\/li>\n<li>08520 Les Franqueses del Vall\u00e8s<\/li>\n<li>Barcelona (Spain)<\/li>\n<li>GPS: N 41\u00ba 37\u2032 36\u201d \/ E 2\u00ba 17\u2032 17\u201d<\/li>\n<li>Tel. <a href=\"tel:+34938615115\">+34 93 861 51 15<\/a><\/li>\n<li>Fax +34 93 861 52 99<\/li>\n<li>bsv@bsvelectronic.com<\/li>\n<\/ul>\n<ul class=\"info-contact-desplegada\">\n<li>Pol\u00edgon Industrial Oest M\u00farcia<\/li>\n<li>Avinguda de les Am\u00e9ricas 10\/2 M\u00f3dulo C<\/li>\n<li>30820 Alcantarilla<\/li>\n<li>Murcia (Spain)<\/li>\n<\/ul>\n<ul class=\"info-contact-desplegada\">\n<li>1680 Michigan Ave STE 700D<\/li>\n<li>Miami Beach, FL 33139<\/li>\n<li>EE. UU.<\/li>\n<\/ul>\n\n\t\t<\/div>\n\t<\/div>\n<\/div><\/div><\/div><\/div><\/div><\/div><\/div><\/div><div class=\"vc_row-full-width vc_clearfix\"><\/div>\r\n<\/div>[\/vc_column][\/vc_row]<\/p>\n","protected":false},"excerpt":{"rendered":"Contacte BSV Electronic Oficines BSV Planta de Producci\u00f3 M\u00farcia BSV Delegaci\u00f3 Miami C\/ Ribera del Congost 40 A Poligon Industrial Sector V 08520 Les Franqueses del Vall\u00e8s Barcelona (Spain) GPS: N 41\u00ba 37\u2032 36\u201d \/ E 2\u00ba 17\u2032 17\u201d Tel. +34 93 861 51 15 Fax +34 93 861 52 99 bsv@bsvelectronic.com Pol\u00edgon Industrial Oest [...]","protected":false},"author":1,"featured_media":0,"parent":0,"menu_order":0,"comment_status":"closed","ping_status":"closed","template":"","meta":[],"_links":{"self":[{"href":"https:\/\/www.bspool.eu\/ca\/wp-json\/wp\/v2\/pages\/2490"}],"collection":[{"href":"https:\/\/www.bspool.eu\/ca\/wp-json\/wp\/v2\/pages"}],"about":[{"href":"https:\/\/www.bspool.eu\/ca\/wp-json\/wp\/v2\/types\/page"}],"author":[{"embeddable":true,"href":"https:\/\/www.bspool.eu\/ca\/wp-json\/wp\/v2\/users\/1"}],"replies":[{"embeddable":true,"href":"https:\/\/www.bspool.eu\/ca\/wp-json\/wp\/v2\/comments?post=2490"}],"version-history":[{"count":13,"href":"https:\/\/www.bspool.eu\/ca\/wp-json\/wp\/v2\/pages\/2490\/revisions"}],"predecessor-version":[{"id":15444,"href":"https:\/\/www.bspool.eu\/ca\/wp-json\/wp\/v2\/pages\/2490\/revisions\/15444"}],"wp:attachment":[{"href":"https:\/\/www.bspool.eu\/ca\/wp-json\/wp\/v2\/media?parent=2490"}],"curies":[{"name":"wp","href":"https:\/\/api.w.org\/{rel}","templated":true}]}}