{"id":2568,"date":"2019-08-19T13:09:14","date_gmt":"2019-08-19T11:09:14","guid":{"rendered":"https:\/\/www.bspool.eu\/catalogos\/"},"modified":"2026-01-15T16:47:06","modified_gmt":"2026-01-15T15:47:06","slug":"catalegs","status":"publish","type":"page","link":"https:\/\/www.bspool.eu\/ca\/catalegs\/","title":{"rendered":"Cat\u00e0leg"},"content":{"rendered":"<p>[vc_row full_width=&#8221;stretch_row_content_no_spaces&#8221; full_height=&#8221;yes&#8221; css=&#8221;.vc_custom_1567699239408{background-image: url(https:\/\/www.bspool.eu\/wp-content\/uploads\/2019\/09\/banner-catalogo.jpg?id=986) !important;background-position: center !important;background-repeat: no-repeat !important;background-size: cover !important;}&#8221; el_class=&#8221;banner&#8221;][vc_column][vc_row_inner row_content_width=&#8221;container&#8221;][vc_column_inner][vc_custom_heading text=&#8221;Descobreix el nostre<br \/>\n<strong>cat\u00e0leg de productes<\/strong>&#8221; font_container=&#8221;tag:h1|text_align:center|color:%23ffffff&#8221; use_theme_fonts=&#8221;yes&#8221; font_weight=&#8221;font-weight: 400;&#8221; css=&#8221;.vc_custom_1585646847503{margin-bottom: 40px !important;}&#8221;][vc_btn title=&#8221;Descarregar aqu\u00ed&#8221; style=&#8221;custom&#8221; custom_background=&#8221;#a1e4f2&#8243; custom_text=&#8221;#002642&#8243; align=&#8221;center&#8221; el_class=&#8221;btn-custom&#8221; link=&#8221;url:https%3A%2F%2Fwww.bspool.eu%2Fwp-content%2Fuploads%2F2026%2F01%2FBSV_Catalogo2026.pdf||target:%20_blank|&#8221;][\/vc_column_inner][\/vc_row_inner][\/vc_column][\/vc_row][vc_row el_id=&#8221;content&#8221;][vc_column css=&#8221;.vc_custom_1567764329245{padding-top: 0px !important;}&#8221;][\/vc_column][\/vc_row][vc_row equal_height=&#8221;yes&#8221; content_placement=&#8221;middle&#8221; row_responsive=&#8221;d&#8211;none d&#8211;md-flex&#8221; css=&#8221;.vc_custom_1567764339427{margin-top: 30px !important;margin-bottom: 30px !important;padding-right: 30px !important;padding-left: 30px !important;}&#8221; el_id=&#8221;content&#8221;][vc_column width=&#8221;1\/4&#8243; css=&#8221;.vc_custom_1652957473257{padding-top: 20% !important;padding-right: 10% !important;padding-bottom: 20% !important;padding-left: 10% !important;background-image: url(https:\/\/www.bspool.eu\/wp-content\/uploads\/2022\/05\/001_Web_BSPool_BannerProductos_CloracionSalina.png?id=6818) !important;background-position: center !important;background-repeat: no-repeat !important;background-size: cover !important;}&#8221; el_class=&#8221;fondo-cloracion-salina&#8221;][vc_single_image image=&#8221;6466&#8243; img_size=&#8221;full&#8221; image_svg=&#8221;yes&#8221; image_content_width=&#8221;100px&#8221;][vc_custom_heading text=&#8221;Cloraci\u00f3 salina&#8221; font_container=&#8221;tag:h2|font_size:45px|text_align:left|color:%23ffffff&#8221; use_theme_fonts=&#8221;yes&#8221; font_weight=&#8221;font-weight: 900;&#8221; css=&#8221;.vc_custom_1652957427621{margin-bottom: 30px !important;}&#8221; el_class=&#8221;texto-sombreado&#8221;][vc_column_text el_class=&#8221;text&#8211;white&#8221;]<a href=\"https:\/\/www.bspool.eu\/ca\/cloracio-salina\/\">Veure Productes &gt;<\/a>[\/vc_column_text][\/vc_column][vc_column width=&#8221;1\/4&#8243; css=&#8221;.vc_custom_1652957484041{padding-top: 20% !important;padding-right: 10% !important;padding-bottom: 20% !important;padding-left: 10% !important;background-image: url(https:\/\/www.bspool.eu\/wp-content\/uploads\/2022\/05\/001_Web_BSPool_BannerProductos_Dosificacion.png?id=6814) !important;background-position: center !important;background-repeat: no-repeat !important;background-size: cover !important;}&#8221; el_class=&#8221;fondo-dosificacion&#8221;][vc_single_image image=&#8221;6521&#8243; img_size=&#8221;full&#8221; image_svg=&#8221;yes&#8221; image_content_width=&#8221;87px&#8221;][vc_custom_heading text=&#8221;Dosificaci\u00f3&#8221; font_container=&#8221;tag:h2|font_size:45px|text_align:left|color:%23ffffff&#8221; google_fonts=&#8221;font_family:Montserrat%3Aregular%2C700|font_style:700%20bold%20regular%3A700%3Anormal&#8221; font_weight=&#8221;font-weight: 900;&#8221; css=&#8221;.vc_custom_1652957431455{margin-bottom: 30px !important;}&#8221; el_class=&#8221;texto-sombreado&#8221;][vc_column_text el_class=&#8221;text&#8211;white&#8221;]<a href=\"https:\/\/www.bspool.eu\/ca\/dosificacion\/\">Veure Productes &gt;<\/a>[\/vc_column_text][\/vc_column][vc_column width=&#8221;1\/4&#8243; css=&#8221;.vc_custom_1652957493356{padding-top: 20% !important;padding-right: 10% !important;padding-bottom: 20% !important;padding-left: 10% !important;background-image: url(https:\/\/www.bspool.eu\/wp-content\/uploads\/2022\/05\/001_Web_BSPool_BannerProductos_Automatizacion.png?id=6810) !important;background-position: center !important;background-repeat: no-repeat !important;background-size: cover !important;}&#8221; el_class=&#8221;fondo-automatizacion&#8221;][vc_single_image image=&#8221;6509&#8243; img_size=&#8221;full&#8221; image_svg=&#8221;yes&#8221; image_content_width=&#8221;83px&#8221;][vc_custom_heading text=&#8221;Automatitzaci\u00f3&#8221; font_container=&#8221;tag:h2|font_size:45px|text_align:left|color:%23ffffff&#8221; google_fonts=&#8221;font_family:Montserrat%3Aregular%2C700|font_style:700%20bold%20regular%3A700%3Anormal&#8221; font_weight=&#8221;font-weight: 900;&#8221; css=&#8221;.vc_custom_1652957434951{margin-bottom: 30px !important;}&#8221; el_class=&#8221;texto-sombreado&#8221;][vc_column_text el_class=&#8221;text&#8211;white&#8221;]<a href=\"\/ca\/automatitzacio\/\">Veure Productes &gt;<\/a>[\/vc_column_text][\/vc_column][vc_column width=&#8221;1\/4&#8243; css=&#8221;.vc_custom_1652957504846{padding-top: 20% !important;padding-right: 10% !important;padding-bottom: 20% !important;padding-left: 10% !important;background-image: url(https:\/\/www.bspool.eu\/wp-content\/uploads\/2022\/05\/001_Web_BSPool_BannerProductos_Domotica.png?id=6806) !important;}&#8221; el_class=&#8221;fondo-dometica&#8221;][vc_single_image image=&#8221;6698&#8243; img_size=&#8221;500px&#8221; image_svg=&#8221;yes&#8221; image_content_width=&#8221;83px&#8221;][vc_custom_heading text=&#8221;Dom\u00f2tica&#8221; font_container=&#8221;tag:h2|font_size:45px|text_align:left|color:%23ffffff&#8221; google_fonts=&#8221;font_family:Montserrat%3Aregular%2C700|font_style:700%20bold%20regular%3A700%3Anormal&#8221; font_weight=&#8221;font-weight: 900;&#8221; css=&#8221;.vc_custom_1652957439080{margin-bottom: 30px !important;}&#8221; el_class=&#8221;texto-sombreado&#8221;][vc_column_text el_class=&#8221;text&#8211;white&#8221;]<a href=\"https:\/\/www.bspool.eu\/ca\/domotica\/\">Veure Productes &gt;<\/a>[\/vc_column_text][\/vc_column][\/vc_row][vc_row full_width=&#8221;stretch_row_content_no_spaces&#8221; equal_height=&#8221;yes&#8221; content_placement=&#8221;middle&#8221; row_responsive=&#8221;d&#8211;none d&#8211;sm-flex&#8221; css=&#8221;.vc_custom_1567764450129{margin-top: 15px !important;}&#8221;][vc_column css=&#8221;.vc_custom_1652957476670{padding-top: 20% !important;padding-right: 10% !important;padding-bottom: 20% !important;padding-left: 10% !important;background-image: url(https:\/\/www.bspool.eu\/wp-content\/uploads\/2022\/05\/001_Web_BSPool_BannerProductos_CloracionSalina.png?id=6818) !important;background-position: center !important;background-repeat: no-repeat !important;background-size: cover !important;}&#8221; offset=&#8221;vc_hidden-lg&#8221; el_class=&#8221;fondo-cloracion-salina&#8221;][vc_single_image image=&#8221;6466&#8243; img_size=&#8221;full&#8221; image_svg=&#8221;yes&#8221; image_content_width=&#8221;100px&#8221;][vc_custom_heading text=&#8221;Cloraci\u00f3 salina&#8221; font_container=&#8221;tag:h2|text_align:left|color:%23ffffff&#8221; use_theme_fonts=&#8221;yes&#8221; font_weight=&#8221;font-weight: 900;&#8221; css=&#8221;.vc_custom_1652957442948{margin-bottom: 30px !important;}&#8221; el_class=&#8221;texto-sombreado&#8221;][vc_column_text el_class=&#8221;text&#8211;white&#8221;]<a href=\"https:\/\/www.bspool.eu\/ca\/cloracio-salina\/\">Veure Productes &gt;<\/a>[\/vc_column_text][\/vc_column][\/vc_row][vc_row full_width=&#8221;stretch_row_content_no_spaces&#8221; content_placement=&#8221;middle&#8221; row_responsive=&#8221;d&#8211;none d&#8211;sm-flex&#8221;][vc_column css=&#8221;.vc_custom_1652957487158{padding-top: 20% !important;padding-right: 10% !important;padding-bottom: 20% !important;padding-left: 10% !important;background-image: url(https:\/\/www.bspool.eu\/wp-content\/uploads\/2022\/05\/001_Web_BSPool_BannerProductos_Dosificacion.png?id=6814) !important;background-position: center !important;background-repeat: no-repeat !important;background-size: cover !important;}&#8221; offset=&#8221;vc_hidden-lg&#8221; el_class=&#8221;fondo-dosificacion&#8221;][vc_single_image image=&#8221;6521&#8243; img_size=&#8221;full&#8221; image_svg=&#8221;yes&#8221; image_content_width=&#8221;87px&#8221;][vc_custom_heading text=&#8221;Dosificaci\u00f3&#8221; font_container=&#8221;tag:h2|text_align:left|color:%23ffffff&#8221; google_fonts=&#8221;font_family:Montserrat%3Aregular%2C700|font_style:700%20bold%20regular%3A700%3Anormal&#8221; font_weight=&#8221;font-weight: 900;&#8221; css=&#8221;.vc_custom_1652957447584{margin-bottom: 30px !important;}&#8221; el_class=&#8221;texto-sombreado&#8221;][vc_column_text el_class=&#8221;text&#8211;white&#8221;]<a href=\"https:\/\/www.bspool.eu\/ca\/dosificacion\/\">Veure Productes &gt;<\/a>[\/vc_column_text][\/vc_column][\/vc_row][vc_row full_width=&#8221;stretch_row_content_no_spaces&#8221; equal_height=&#8221;yes&#8221; content_placement=&#8221;middle&#8221; row_responsive=&#8221;d&#8211;none d&#8211;sm-flex&#8221; css=&#8221;.vc_custom_1652887589797{margin-bottom: 0px !important;}&#8221;][vc_column css=&#8221;.vc_custom_1652957496878{padding-top: 20% !important;padding-right: 10% !important;padding-bottom: 20% !important;padding-left: 10% !important;background-image: url(https:\/\/www.bspool.eu\/wp-content\/uploads\/2022\/05\/001_Web_BSPool_BannerProductos_Automatizacion.png?id=6810) !important;background-position: center !important;background-repeat: no-repeat !important;background-size: cover !important;}&#8221; offset=&#8221;vc_hidden-lg&#8221; el_class=&#8221;fondo-automatizacion&#8221;][vc_single_image image=&#8221;6509&#8243; img_size=&#8221;full&#8221; image_svg=&#8221;yes&#8221; image_content_width=&#8221;83px&#8221;][vc_custom_heading text=&#8221;Automatitzaci\u00f3&#8221; font_container=&#8221;tag:h2|text_align:left|color:%23ffffff&#8221; google_fonts=&#8221;font_family:Montserrat%3Aregular%2C700|font_style:700%20bold%20regular%3A700%3Anormal&#8221; font_weight=&#8221;font-weight: 900;&#8221; css=&#8221;.vc_custom_1652957451451{margin-bottom: 30px !important;}&#8221; el_class=&#8221;texto-sombreado&#8221;][vc_column_text el_class=&#8221;text&#8211;white&#8221;]<a href=\"https:\/\/www.bspool.eu\/ca\/automatitzacio\/\">Veure Productes &gt;<\/a>[\/vc_column_text][\/vc_column][\/vc_row][vc_row full_width=&#8221;stretch_row_content_no_spaces&#8221; equal_height=&#8221;yes&#8221; content_placement=&#8221;middle&#8221; row_responsive=&#8221;d&#8211;none d&#8211;sm-flex&#8221; css=&#8221;.vc_custom_1567764511139{margin-bottom: 15px !important;}&#8221;][vc_column css=&#8221;.vc_custom_1652957508550{padding-top: 20% !important;padding-right: 10% !important;padding-bottom: 20% !important;padding-left: 10% !important;background-image: url(https:\/\/www.bspool.eu\/wp-content\/uploads\/2022\/05\/001_Web_BSPool_BannerProductos_Domotica.png?id=6806) !important;background-position: center !important;background-repeat: no-repeat !important;background-size: cover !important;}&#8221; offset=&#8221;vc_hidden-lg&#8221; el_class=&#8221;fondo-dometica&#8221;][vc_single_image image=&#8221;6698&#8243; img_size=&#8221;500px&#8221; image_svg=&#8221;yes&#8221; image_content_width=&#8221;83px&#8221;][vc_custom_heading text=&#8221;Dom\u00f2tica&#8221; font_container=&#8221;tag:h2|text_align:left|color:%23ffffff&#8221; google_fonts=&#8221;font_family:Montserrat%3Aregular%2C700|font_style:700%20bold%20regular%3A700%3Anormal&#8221; font_weight=&#8221;font-weight: 900;&#8221; css=&#8221;.vc_custom_1652957456297{margin-bottom: 30px !important;}&#8221; el_class=&#8221;texto-sombreado&#8221;][vc_column_text el_class=&#8221;text&#8211;white&#8221;]<a href=\"https:\/\/www.bspool.eu\/ca\/domotica\/\">Veure Productes &gt;<\/a>[\/vc_column_text][\/vc_column][\/vc_row][vc_row full_width=&#8221;stretch_row_content_no_spaces&#8221;][vc_column css=&#8221;.vc_custom_1566807329560{padding-top: 0px !important;}&#8221;][vc_row_inner equal_height=&#8221;yes&#8221; content_placement=&#8221;middle&#8221; css=&#8221;.vc_custom_1566980971573{padding-right: 0px !important;padding-left: 0px !important;}&#8221;][vc_column_inner width=&#8221;1\/2&#8243; css=&#8221;.vc_custom_1566982430894{padding-top: 10% !important;padding-right: 10% !important;padding-bottom: 10% !important;padding-left: 10% !important;background-color: #a1e4f2 !important;}&#8221;][vc_custom_heading text=&#8221;Ets un particular?&#8221; use_theme_fonts=&#8221;yes&#8221; css=&#8221;.vc_custom_1585646979436{margin-bottom: 30px !important;}&#8221;][vc_custom_heading text=&#8221;Deixa les teves dades de contacte i ens posarem en contacte amb tu per donar-te informaci\u00f3 sense comprom\u00eds sobre l&#8217;equip de cloraci\u00f3 salina que s&#8217;adapta m\u00e9s a les teves necessitats.&#8221; font_container=&#8221;tag:p|text_align:left&#8221; use_theme_fonts=&#8221;yes&#8221; css=&#8221;.vc_custom_1585646988508{margin-bottom: 50px !important;}&#8221;]<div role=\"form\" class=\"wpcf7\" id=\"wpcf7-f24070-o1\" dir=\"ltr\">\n<div class=\"screen-reader-response\" aria-live=\"polite\"><\/div>\n<form action=\"\/ca\/wp-json\/wp\/v2\/pages\/2568#wpcf7-f24070-o1\" method=\"post\" class=\"wpcf7-form\" novalidate=\"novalidate\">\n<div style=\"display: none;\">\n<input type=\"hidden\" name=\"_wpcf7\" value=\"24070\" \/>\n<input type=\"hidden\" name=\"_wpcf7_version\" value=\"5.1.8\" \/>\n<input type=\"hidden\" name=\"_wpcf7_locale\" value=\"\" \/>\n<input type=\"hidden\" name=\"_wpcf7_unit_tag\" value=\"wpcf7-f24070-o1\" \/>\n<input type=\"hidden\" name=\"_wpcf7_container_post\" value=\"0\" \/>\n<\/div>\n<div class=\"form-product form-product--particular\">\n  <span class=\"wpcf7-form-control-wrap your-name\"><input type=\"text\" name=\"your-name\" value=\"\" size=\"40\" class=\"wpcf7-form-control wpcf7-text wpcf7-validates-as-required\" aria-required=\"true\" aria-invalid=\"false\" placeholder=\"*Nom i cognoms\" \/><\/span><br \/>\n  <span class=\"wpcf7-form-control-wrap your-email\"><input type=\"email\" name=\"your-email\" value=\"\" size=\"40\" class=\"wpcf7-form-control wpcf7-text wpcf7-email wpcf7-validates-as-required wpcf7-validates-as-email\" aria-required=\"true\" aria-invalid=\"false\" placeholder=\"*Correu electr\u00f2nic\" \/><\/span><br \/>\n  <span class=\"wpcf7-form-control-wrap your-phone\"><input type=\"text\" name=\"your-phone\" value=\"\" size=\"40\" class=\"wpcf7-form-control wpcf7-text\" aria-invalid=\"false\" placeholder=\"Tel\u00e8fon\" \/><\/span><\/p>\n<div class=\"text--right\">\n<span id=\"wpcf7-69dd43014cb4c-wrapper\" class=\"wpcf7-form-control-wrap info-wrap\" style=\"display:none !important; visibility:hidden !important;\"><label for=\"wpcf7-69dd43014cb4c-field\" class=\"hp-message\">Deixeu aquest camp buit.<\/label><input id=\"wpcf7-69dd43014cb4c-field\"  class=\"wpcf7-form-control wpcf7-text\" type=\"text\" name=\"info\" value=\"\" size=\"40\" tabindex=\"-1\" autocomplete=\"new-password\" \/><\/span><br \/>\n<label><span class=\"wpcf7-form-control-wrap politica-privacidad\"><span class=\"wpcf7-form-control wpcf7-checkbox wpcf7-validates-as-required\"><span class=\"wpcf7-list-item first last\"><input type=\"checkbox\" name=\"politica-privacidad[]\" value=\"\" \/><span class=\"wpcf7-list-item-label\"><\/span><\/span><\/span><\/span><span class=\"checkbox-text\">He llegit i accepto la <a href=\"https:\/\/www.bspool.eu\/ca\/politica-privacitat\/\" target=\"!blank\">Pol\u00edtica de Privadesa<\/a>.<\/span><\/label><\/p>\n<p><label><span class=\"wpcf7-form-control-wrap informacion-comercial\"><span class=\"wpcf7-form-control wpcf7-checkbox\"><span class=\"wpcf7-list-item first last\"><input type=\"checkbox\" name=\"informacion-comercial[]\" value=\"\" \/><span class=\"wpcf7-list-item-label\"><\/span><\/span><\/span><\/span><span class=\"checkbox-text\">Accepto rebre la informaci\u00f3 comercial que BSV ELECTRONIC SL consideri oport\u00fa enviar-me per correu electr\u00f2nic. \u00c9s possible donar-se de baixa en qualsevol moment.<\/span><\/label><br \/>\n    <input type=\"submit\" value=\"Enviar\" class=\"wpcf7-form-control wpcf7-submit\" \/>\n  <\/div>\n<\/div>\n<div class=\"wpcf7-response-output wpcf7-display-none\" aria-hidden=\"true\"><\/div><\/form><\/div>[\/vc_column_inner][vc_column_inner width=&#8221;1\/2&#8243; css=&#8221;.vc_custom_1566982437884{padding-top: 10% !important;padding-right: 10% !important;padding-bottom: 10% !important;padding-left: 10% !important;background-color: #002642 !important;}&#8221;][vc_custom_heading text=&#8221;Ets un distribu\u00efdor?&#8221; font_container=&#8221;tag:h2|text_align:left|color:%23a1e4f2&#8243; use_theme_fonts=&#8221;yes&#8221; css=&#8221;.vc_custom_1585646998026{margin-bottom: 30px !important;}&#8221;][vc_custom_heading text=&#8221;Omple el formulari amb les dades de la teva empresa per rebre informaci\u00f3 sobre les solucions de cloraci\u00f3 salina que podr\u00e0s oferir als teus clients.&#8221; font_container=&#8221;tag:p|text_align:left|color:%23a1e4f2&#8243; use_theme_fonts=&#8221;yes&#8221; css=&#8221;.vc_custom_1585647004133{margin-bottom: 50px !important;}&#8221;]<div role=\"form\" class=\"wpcf7\" id=\"wpcf7-f24069-o2\" dir=\"ltr\">\n<div class=\"screen-reader-response\" aria-live=\"polite\"><\/div>\n<form action=\"\/ca\/wp-json\/wp\/v2\/pages\/2568#wpcf7-f24069-o2\" method=\"post\" class=\"wpcf7-form\" novalidate=\"novalidate\">\n<div style=\"display: none;\">\n<input type=\"hidden\" name=\"_wpcf7\" value=\"24069\" \/>\n<input type=\"hidden\" name=\"_wpcf7_version\" value=\"5.1.8\" \/>\n<input type=\"hidden\" name=\"_wpcf7_locale\" value=\"\" \/>\n<input type=\"hidden\" name=\"_wpcf7_unit_tag\" value=\"wpcf7-f24069-o2\" \/>\n<input type=\"hidden\" name=\"_wpcf7_container_post\" value=\"0\" \/>\n<\/div>\n<div class=\"form-product form-product--distribuidor\">\n  <span class=\"wpcf7-form-control-wrap your-name\"><input type=\"text\" name=\"your-name\" value=\"\" size=\"40\" class=\"wpcf7-form-control wpcf7-text wpcf7-validates-as-required\" aria-required=\"true\" aria-invalid=\"false\" placeholder=\"*Nom empresa\" \/><\/span><br \/>\n  <span class=\"wpcf7-form-control-wrap your-email\"><input type=\"email\" name=\"your-email\" value=\"\" size=\"40\" class=\"wpcf7-form-control wpcf7-text wpcf7-email wpcf7-validates-as-required wpcf7-validates-as-email\" aria-required=\"true\" aria-invalid=\"false\" placeholder=\"*Correu electr\u00f2nic\" \/><\/span><br \/>\n  <span class=\"wpcf7-form-control-wrap your-phone\"><input type=\"text\" name=\"your-phone\" value=\"\" size=\"40\" class=\"wpcf7-form-control wpcf7-text\" aria-invalid=\"false\" placeholder=\"Tel\u00e8fon\" \/><\/span><\/p>\n<div class=\"text--right\">\n<span id=\"wpcf7-69dd43014d46d-wrapper\" class=\"wpcf7-form-control-wrap info-wrap\" style=\"display:none !important; visibility:hidden !important;\"><label for=\"wpcf7-69dd43014d46d-field\" class=\"hp-message\">Deixeu aquest camp buit.<\/label><input id=\"wpcf7-69dd43014d46d-field\"  class=\"wpcf7-form-control wpcf7-text\" type=\"text\" name=\"info\" value=\"\" size=\"40\" tabindex=\"-1\" autocomplete=\"new-password\" \/><\/span><br \/>\n<label><span class=\"wpcf7-form-control-wrap politica-privacidad\"><span class=\"wpcf7-form-control wpcf7-checkbox wpcf7-validates-as-required\"><span class=\"wpcf7-list-item first last\"><input type=\"checkbox\" name=\"politica-privacidad[]\" value=\"\" \/><span class=\"wpcf7-list-item-label\"><\/span><\/span><\/span><\/span><span class=\"checkbox-text\">He llegit i accepto la <a href=\"https:\/\/www.bspool.eu\/ca\/politica-privacitat\/\" target=\"!blank\">Pol\u00edtica de Privadesa<\/a>.<\/span><\/label><\/p>\n<p><label><span class=\"wpcf7-form-control-wrap informacion-comercial\"><span class=\"wpcf7-form-control wpcf7-checkbox\"><span class=\"wpcf7-list-item first last\"><input type=\"checkbox\" name=\"informacion-comercial[]\" value=\"\" \/><span class=\"wpcf7-list-item-label\"><\/span><\/span><\/span><\/span><span class=\"checkbox-text\">Accepto rebre la informaci\u00f3 comercial que BSV ELECTRONIC SL consideri oport\u00fa enviar-me per correu electr\u00f2nic. \u00c9s possible donar-se de baixa en qualsevol moment.<\/span><\/label><br \/>\n<input type=\"submit\" value=\"Enviar\" class=\"wpcf7-form-control wpcf7-submit\" \/><\/p><\/div>\n<\/div>\n<div class=\"wpcf7-response-output wpcf7-display-none\" aria-hidden=\"true\"><\/div><\/form><\/div>[\/vc_column_inner][\/vc_row_inner][\/vc_column][\/vc_row]<\/p>\n","protected":false},"excerpt":{"rendered":"<p>[vc_row full_width=&#8221;stretch_row_content_no_spaces&#8221; full_height=&#8221;yes&#8221; css=&#8221;.vc_custom_1567699239408{background-image: url(https:\/\/www.bspool.eu\/wp-content\/uploads\/2019\/09\/banner-catalogo.jpg?id=986) !important;background-position: center !important;background-repeat: no-repeat !important;background-size: cover !important;}&#8221; el_class=&#8221;banner&#8221;][vc_column][vc_row_inner row_content_width=&#8221;container&#8221;][vc_column_inner][vc_custom_heading text=&#8221;Descobreix el nostre cat\u00e0leg de productes&#8221; font_container=&#8221;tag:h1|text_align:center|color:%23ffffff&#8221; use_theme_fonts=&#8221;yes&#8221; font_weight=&#8221;font-weight: 400;&#8221; css=&#8221;.vc_custom_1585646847503{margin-bottom: 40px !important;}&#8221;][vc_btn title=&#8221;Descarregar aqu\u00ed&#8221; style=&#8221;custom&#8221; custom_background=&#8221;#a1e4f2&#8243; custom_text=&#8221;#002642&#8243; align=&#8221;center&#8221; el_class=&#8221;btn-custom&#8221; link=&#8221;url:https%3A%2F%2Fwww.bspool.eu%2Fwp-content%2Fuploads%2F2026%2F01%2FBSV_Catalogo2026.pdf||target:%20_blank|&#8221;][\/vc_column_inner][\/vc_row_inner][\/vc_column][\/vc_row][vc_row el_id=&#8221;content&#8221;][vc_column css=&#8221;.vc_custom_1567764329245{padding-top: 0px !important;}&#8221;][\/vc_column][\/vc_row][vc_row equal_height=&#8221;yes&#8221; content_placement=&#8221;middle&#8221; row_responsive=&#8221;d&#8211;none d&#8211;md-flex&#8221; css=&#8221;.vc_custom_1567764339427{margin-top: 30px !important;margin-bottom: 30px !important;padding-right: 30px !important;padding-left: 30px !important;}&#8221; el_id=&#8221;content&#8221;][vc_column width=&#8221;1\/4&#8243; css=&#8221;.vc_custom_1652957473257{padding-top: [&hellip;]<\/p>\n","protected":false},"author":1,"featured_media":0,"parent":0,"menu_order":0,"comment_status":"closed","ping_status":"closed","template":"","meta":[],"_links":{"self":[{"href":"https:\/\/www.bspool.eu\/ca\/wp-json\/wp\/v2\/pages\/2568"}],"collection":[{"href":"https:\/\/www.bspool.eu\/ca\/wp-json\/wp\/v2\/pages"}],"about":[{"href":"https:\/\/www.bspool.eu\/ca\/wp-json\/wp\/v2\/types\/page"}],"author":[{"embeddable":true,"href":"https:\/\/www.bspool.eu\/ca\/wp-json\/wp\/v2\/users\/1"}],"replies":[{"embeddable":true,"href":"https:\/\/www.bspool.eu\/ca\/wp-json\/wp\/v2\/comments?post=2568"}],"version-history":[{"count":13,"href":"https:\/\/www.bspool.eu\/ca\/wp-json\/wp\/v2\/pages\/2568\/revisions"}],"predecessor-version":[{"id":34608,"href":"https:\/\/www.bspool.eu\/ca\/wp-json\/wp\/v2\/pages\/2568\/revisions\/34608"}],"wp:attachment":[{"href":"https:\/\/www.bspool.eu\/ca\/wp-json\/wp\/v2\/media?parent=2568"}],"curies":[{"name":"wp","href":"https:\/\/api.w.org\/{rel}","templated":true}]}}