{"id":4239,"date":"2020-11-05T13:04:06","date_gmt":"2020-11-05T12:04:06","guid":{"rendered":"https:\/\/www.bspool.eu\/?page_id=4239"},"modified":"2023-11-07T12:25:25","modified_gmt":"2023-11-07T11:25:25","slug":"condicions-generals-de-venda","status":"publish","type":"page","link":"https:\/\/www.bspool.eu\/ca\/condicions-generals-de-venda\/","title":{"rendered":"Condicions Generals de Venda"},"content":{"rendered":"<p>[vc_row full_width=&#8221;stretch_row_content_no_spaces&#8221; full_height=&#8221;yes&#8221; css=&#8221;.vc_custom_1567752812439{margin-bottom: 40px !important;background-image: url(https:\/\/www.bspool.eu\/wp-content\/uploads\/2019\/08\/banner-relacionados.jpg?id=768) !important;background-position: center !important;background-repeat: no-repeat !important;background-size: cover !important;}&#8221; el_class=&#8221;banner&#8221;][vc_column][vc_row_inner row_content_width=&#8221;container&#8221;][vc_column_inner][vc_custom_heading text=&#8221;Condiciones Generales de Venta&#8221; font_container=&#8221;tag:h1|text_align:center|color:%23ffffff&#8221; use_theme_fonts=&#8221;yes&#8221; font_weight=&#8221;font-weight: 400;&#8221;][vc_single_image image=&#8221;306&#8243; img_size=&#8221;full&#8221; alignment=&#8221;center&#8221; onclick=&#8221;custom_link&#8221; image_svg=&#8221;yes&#8221; image_content_width=&#8221;50px&#8221; css=&#8221;.vc_custom_1567752759762{margin-bottom: 40px !important;}&#8221; link=&#8221;#content&#8221; el_class=&#8221;banner-icon-scroll&#8221;][\/vc_column_inner][\/vc_row_inner][\/vc_column][\/vc_row][vc_row row_content_width=&#8221;container&#8221; el_id=&#8221;content&#8221; css=&#8221;.vc_custom_1567752819112{margin-bottom: 40px !important;}&#8221;][vc_column][vc_column_text]<strong>Condiciones generales de venta y entrega. BSV ELECTRONIC S.L.<\/strong><\/p>\n<hr \/>\n<p><strong>1. \u00c1mbito de Aplicaci\u00f3n<\/strong><\/p>\n<p>Las ventas y las entregas por parte de BSV ELECTRONIC S.L, se har\u00e1n exclusivamente de acuerdo con los siguientes T\u00e9rminos y Condiciones Generales de Venta y Entrega (&#8220;<strong>Condiciones de Venta<\/strong>&#8220;), que ser\u00e1n aceptadas por el Cliente por el hecho de realizar un pedido o de recibir una entrega. Tambi\u00e9n se aplicar\u00e1n a todas las transacciones futuras con el Cliente. Se excluir\u00e1 la aplicaci\u00f3n de los t\u00e9rminos y condiciones contradictorios o adicionales del Cliente, incluso aunque BSV ELECTRONIC S.L, no objetase expresamente a los mismos.<\/p>\n<p><strong>2.<\/strong> <strong>Conclusi\u00f3n del Contrato<\/strong><\/p>\n<p>2.1. Las ofertas de BSV ELECTRONIC S.L, no ser\u00e1n vinculantes. Un contrato no ser\u00e1 efectivo hasta que el pedido no haya sido confirmado por BSV ELECTRONIC S.L, y se regir\u00e1 exclusivamente por el contenido de la confirmaci\u00f3n de pedido y de las presentes Condiciones de Venta. Las promesas o acuerdos verbales ser\u00e1n v\u00e1lidos \u00fanicamente si un empelado autorizado de BSV ELECTRONIC S.L, las confirma por escrito.<\/p>\n<p>2.2. El personal de venta de BSV ELECTRONIC S.L, no est\u00e1 autorizado a representar a dicha entidad. En concreto, el personal de venta no podr\u00e1 concluir contratos ni hacer promesas vinculantes en relaci\u00f3n a los productos a entregar (&#8220;<strong>Productos<\/strong>&#8220;) o dem\u00e1s condiciones.<\/p>\n<p><strong>3. Per\u00edodos de Entrega y Fechas de Entrega<\/strong><\/p>\n<p>3.1. Las fechas y per\u00edodos de entrega s\u00f3lo ser\u00e1n vinculantes si se han acordado expresamente en el contrato como tales y el Cliente ha suministrado a BSV ELECTRONIC S.L, de manera oportuna, toda la informaci\u00f3n o documentaci\u00f3n requerida para llevar a cabo dicha entrega, y ha realizado cualquier pago anticipado en la forma y cantidad acordada entre las partes. Los per\u00edodos de entrega acordados por las partes comenzar\u00e1n en la fecha de confirmaci\u00f3n del pedido. En caso de contratos adicionales o suplementarios en fecha posterior, los per\u00edodos y fechas de entrega se prorrogar\u00e1n o se reajustar\u00e1n en consecuencia, seg\u00fan el caso.<\/p>\n<p>3.2. Los casos que no se puedan prever, evitar y que est\u00e9n fuera del control y\/o del \u00e1mbito de influencia de BSV ELECTRONIC S.L, y por los cuales \u00e9sta no asume responsabilidad alguna, tales como, guerra, desastres naturales o conflictos laborales, eximir\u00e1n a BSV ELECTRONIC S.L, mientras dichas circunstancias se mantengan, de su obligaci\u00f3n de realizar las entregas dentro de plazo o de cumplirlas de manera oportuna. Los per\u00edodos, fechas de entrega y cumplimiento, seg\u00fan el caso, se prorrogar\u00e1n o se reajustar\u00e1n, por el tiempo en que se den dichas circunstancias, y el Cliente deber\u00e1 ser informado de las mismas de manera oportuna.<\/p>\n<p>3.3. Cualquier compromiso de BSV ELECTRONIC S.L, en relaci\u00f3n a Productos que BSV ELECTRONIC S.L, no produzca por s\u00ed misma pero que obtenga de terceos, quedar\u00e1 sujeto a que BSV ELECTRONIC S.L, los reciba de los terceros proveedores en tiempo y en las cantidades acordadas.<\/p>\n<p>3.4. En el supuesto en que el Cliente no hubiese aceptado debidamente la entrega o hubiese incumplido cualesquiera de sus obligaciones de cooperar con BSV ELECTRONIC S.L, \u00e9sta tendr\u00e1 derecho, sin perjuicio de cualesquiera otros derechos que tuviese a, (i) almacenar razonablemente los Productos a costa y riesgo del Cliente, o (ii) a resolver el contrato de acuerdo con la legislaci\u00f3n aplicable.<\/p>\n<p>3.5. BSV ELECTRONIC S.L, podr\u00e1 hacer entregas parciales por motivos justificados, si y en la medida en que sea razonable para el Cliente.<\/p>\n<p><strong>4. Env\u00edo, Transmisi\u00f3n del Riesgo, Seguros de Transporte<\/strong><\/p>\n<p>4.1. A falta de otras instrucciones por parte del Cliente, BSV ELECTRONIC S.L, enviar\u00e1 los Productos al Cliente bajo el coste y riesgo del Cliente. El env\u00edo se har\u00e1 mediante un razonable sistema de env\u00edo con el embalado habitual. La direcci\u00f3n para los env\u00edos al Cliente ser\u00e1 la misma que utilice BSV ELECTRONIC S.L para comunicaciones ordinarias con el mismo, a no ser que el Cliente designe otra por escrito.<\/p>\n<p>4.2. El riesgo se transmitir\u00e1 al Cliente en el momento de la entrega de los Productos en el lugar de entrega acordado. En el supuesto en que el Cliente hubiese incumplido la obligaci\u00f3n de aceptaci\u00f3n, el riesgo se transferir\u00e1 al Cliente en el momento del incumplimiento. En el supuesto en que los Productos tengan que ser recogidos por el Cliente o un tercero autorizado por \u00e9ste, y la entrega se demore por causas imputables al Cliente, el riesgo lo asumir\u00e1 el Cliente a partir de la fecha en que se le notifique a \u00e9ste la disposici\u00f3n de los Productos para su env\u00edo.<\/p>\n<p>4.3. El Cliente est\u00e1 obligado a inspeccionar los Productos en el momento de su recepci\u00f3n para constatar si existen da\u00f1os de transporte y deber\u00e1 informar a BSV ELECTRONIC S.L, inmediatamente acerca de dichos da\u00f1os de transporte a fin de permitir que BSV ELECTRONIC S.L entable potenciales reclamaciones contra el transportista. El Cliente deber\u00e1, sujeto a la libre discrecionalidad de BSV ELECTRONIC S.L devolver prontamente los Productos da\u00f1ados o prepararlos para su recogida por parte de BSV ELECTRONIC S.L en su embalaje original.<\/p>\n<p><strong>5. Precios, Condiciones de Pago<\/strong><\/p>\n<p>5.1 Salvo que las partes hayan acordado un precio concreto, \u00e9ste ser\u00e1 determinado por la lista de precios de BSV ELECTRONIC S.L, aplicable en la fecha de conclusi\u00f3n del contrato.<\/p>\n<p>5.2. Si la fecha de entrega acordada es posterior a la conclusi\u00f3n del contrato, y si, tras la conclusi\u00f3n del mismo, BSV ELECTRONIC S.L, incurre en un aumento de costes con relaci\u00f3n a los Productos fuera de su control y que no fuera razonablemente previsible por parte de BSV ELECTRONIC S.L, en el momento de concluir el contrato, BSV ELECTRONIC S.L, tendr\u00e1 derecho, a su entera discreci\u00f3n, a repercutir dichos costes incrementando proporcionalmente el precio acordado.<\/p>\n<p>5.3. Todos los precios de BSV ELECTRONIC S.L son precios calculados sobre la base \u201cex Works\u201d y excluido el IVA legalmente aplicable. BSV ELECTRONIC S.L, se reserva el derecho de cargar costes adicionales de embarque, flete, transporte o env\u00edo y cualesquiera tasas medioambientales, los cuales, seg\u00fan el caso, ser\u00e1n cargados de forma separada, sujeto al Incoterm que en su caso puedan acordar las partes. Si la entrega de los Productos se lleva a cabo en un pa\u00eds no miembro de la Uni\u00f3n Europea, el Cliente asumir\u00e1 todas las tasas as\u00ed como los posibles aranceles de aduanas que se devenguen con la importaci\u00f3n de los Productos; BSV ELECTRONIC S.L, tendr\u00e1 derecho a cargar cualesquiera costes y\/o multas en que el Cliente incurra, como consecuencia del incumplimiento por parte del Cliente de dichas obligaciones.<\/p>\n<p>5.4.\u00a0BSV ELECTRONIC S.L, podr\u00e1 emitir facturas parciales para entregas parciales.<\/p>\n<p>5.5. Cada una de las facturas de BSV ELECTRONIC S.L, salvo que se haya acordado otra cosa, deber\u00e1 ser pagada en el plazo m\u00e1ximo de 60 d\u00edas desde la fecha de la misma; en caso de que este plazo de pago hubiera vencido sin que el pago se hubiese efectuado, el Cliente incurrir\u00e1 en incumplimiento. Si las partes acuerdan descuentos por pronto pago anuales, dichos descuentos se aplicar\u00e1n si en el momento en que BSV ELECTRONIC S.L, reciba el pago no hay importes pendientes de pago por parte del Cliente a BSV ELECTRONIC S.L, Los pagos realizados por el Cliente no se entender\u00e1n realizados hasta que BSV ELECTRONIC S.L, haya recibido los mismos. BSV ELECTRONIC S.L, tendr\u00e1 derecho a aplicar los pagos recibidos de un Cliente a las reclamaciones de pagos pendientes anteriores que el Cliente adeudase a BSV ELECTRONIC S.L.<\/p>\n<p>5.6. En caso en que el Cliente incurra en incumplimiento, BSV ELECTRONIC S.L, podr\u00e1 solicitar intereses de demora al tipo de inter\u00e9s aplicado por el Banco Central Europeo a su m\u00e1s reciente operaci\u00f3n principal de financiaci\u00f3n efectuada antes del primer d\u00eda del semestre natural de que se trate m\u00e1s diez puntos porcentuales. Ello ser\u00e1 sin perjuicio del derecho a reclamar cualesquiera da\u00f1os adicionales debidos al incumplimiento.<\/p>\n<p>5.7. El Cliente s\u00f3lo tendr\u00e1 derecho a una compensaci\u00f3n en el supuesto que su impugnaci\u00f3n sea aceptada, est\u00e9 lista para una decisi\u00f3n, o haya sido adjudicada con car\u00e1cter final.<\/p>\n<p>5.8. El Cliente podr\u00e1 hacer valer un derecho de retenci\u00f3n en la medida en que su impugnaci\u00f3n se base en el mismo contrato y sea aceptada, est\u00e9 lista para una decisi\u00f3n, o finalmente se haya acordado sobre ella.<\/p>\n<p>5.9. En el supuesto en que BSV ELECTRONIC S.L, tenga conocimiento del riesgo de la imposibilidad del Cliente de cumplir sus obligaciones tras la conclusi\u00f3n del contrato, BSV ELECTRONIC S.L, podr\u00e1 realizar entregas pendientes \u00fanicamente previo pago anticipado o mediante la aportaci\u00f3n de una garant\u00eda del Cliente a BSV ELECTRONIC S.L. Si dichos pagos anticipados o garant\u00eda no se han hecho efectivos incluso despu\u00e9s de un per\u00edodo razonable de gracia, BSV ELECTRONIC S.L, podr\u00e1 resolver, parcial o totalmente, todos o alguno de los contratos afectados. BSV ELECTRONIC S.L, podr\u00e1 seguir haciendo valer cualesquiera derechos adicionales.<\/p>\n<p><strong>6. Limitaci\u00f3n de Responsabilidad y Compensaci\u00f3n<\/strong><\/p>\n<p>6.1. La obligaci\u00f3n de BSV ELECTRONIC S.L de pagar da\u00f1os y perjuicios quedar\u00e1 limitada de la siguiente manera:<\/p>\n<p style=\"padding-left: 40px;\">(i) Para los da\u00f1os causados por el incumplimiento de una obligaci\u00f3n contractual sustancial, BSV ELECTRONIC S.L, s\u00f3lo ser\u00e1 responsable hasta la cantidad de los da\u00f1os t\u00edpicamente previsibles; BSV ELECTRONIC S.L, no ser\u00e1 responsable de los da\u00f1os causados por el incumplimiento de una obligaci\u00f3n contractual no sustancial.<\/p>\n<p style=\"padding-left: 40px;\">(ii) La limitaci\u00f3n de la responsabilidad tal y como se ha descrito anteriormente, no se aplicar\u00e1 a los da\u00f1os causados por el Cliente intencionadamente o con negligencia grave, a los da\u00f1os personales causados de forma culposa, ni a la responsabilidad prevista en la legislaci\u00f3n espa\u00f1ola sobre responsabilidad civil de producto. Tampoco se aplicar\u00e1 en la medida en que BSV ELECTRONIC S.L, haya asumido una garant\u00eda.<\/p>\n<p>6.2. El Cliente tomar\u00e1 todas las medidas necesarias para evitar y reducir da\u00f1os.<\/p>\n<p><strong>7. Calidad, Derechos de los Clientes en caso de Defectos y deber de inspeccionar los Productos<\/strong><\/p>\n<p>7.1. Los Productos tendr\u00e1n la calidad acordada en el momento de la transmisi\u00f3n del riesgo. La calidad vendr\u00e1 exclusivamente determinada por los acuerdos escritos relativos a las caracter\u00edsticas, componentes y especificaciones de los Productos. No obstante, queda reservado el derecho a que existan desviaciones menores en cuanto a estructura o color respecto a la calidad acordada siempre y cuando se refieran a la naturaleza de los materiales utilizados (madera s\u00f3lida, chapas, piel, productos textiles) y sean habituales en el sector de los instrumentos musicales. Considerados estos como defectos no sustanciales.<\/p>\n<p>7.2. La informaci\u00f3n que se proporciona en los cat\u00e1logos de venta, listados de precios y cualquier otra literatura informativa proporcionada por BSV ELECTRONIC S.L, u otras descripciones de los Productos no constituir\u00e1n una garant\u00eda de una calidad espec\u00edfica de los Productos. La garant\u00eda sobre una calidad espec\u00edfica o duraci\u00f3n deber\u00e1 ser otorgada expresamente por escrito.<\/p>\n<p>7.3. BSV ELECTRONIC S.L, se reserva el derecho de efectuar cambios menores en los Productos en cuanto a su fabricaci\u00f3n, material o acabado, siempre y cuando las caracter\u00edsticas acordadas no se vean alteradas.<\/p>\n<p>7.4. Independientemente de posibles derechos derivados de defectos de los Productos de acuerdo con lo establecido m\u00e1s adelante, el Cliente estar\u00e1 obligado a aceptar los Productos que contengan defectos no sustanciales.<\/p>\n<p>7.5. Los derechos del Cliente en caso de defectos de los Productos requerir\u00e1n que inspeccione los Productos en el momento de la entrega sin retraso indebido y este deber\u00e1 notificar a BSV ELECTRONIC S.L, cualquier defecto por escrito y sin retraso, pero no m\u00e1s tarde de (4) cuatro d\u00edas despu\u00e9s de su entrega; los defectos ocultos deber\u00e1n ser notificados a BSV ELECTRONIC S.L, por escrito sin ning\u00fan retraso indebido a contar desde su descubrimiento.<\/p>\n<p>7.6. En el caso de que se notifique un defecto, BSV ELECTRONIC S.L, tendr\u00e1 el derecho de (i) solicitar fotograf\u00edas e (ii) inspeccionar y probar los Productos respecto a los cuales se haya realizado la reclamaci\u00f3n. El Cliente conceder\u00e1 a BSV ELECTRONIC S.L, el periodo de tiempo requerido y la oportunidad de ejercer dicho derecho. BSV ELECTRONIC S.L, podr\u00e1 asimismo solicitar al Cliente que devuelva a BSV ELECTRONIC S.L, a su propia expensa, los Productos a los cuales se deba la reclamaci\u00f3n. El Cliente estar\u00e1 obligado a devolver a BSV ELECTRONIC S.L, los costes en que esta \u00faltima haya incurrido (por ejemplo gastos de viaje o de env\u00edo) en caso de que resulte de que la reclamaci\u00f3n del Cliente sobre el defecto en cuesti\u00f3n es injustificada, siempre y cuando el Cliente se haya apercibido de esta circunstancia antes de la notificaci\u00f3n del defecto o no se haya apercibido cuando debiera haberlo hecho.<\/p>\n<p>7.7. BSV ELECTRONIC S.L, podr\u00e1 subsanar el defecto a su libre elecci\u00f3n mediante la reparaci\u00f3n del defecto o mediante la entrega de un producto de sustituci\u00f3n, ambos sin coste para el Cliente (conjuntamente la \u201cSubsanaci\u00f3n Posterior\u201d).<\/p>\n<p>7.8. El Cliente deber\u00e1 dar a BSV ELECTRONIC S.L, el tiempo razonable y la oportunidad de Subsanaci\u00f3n Posterior. En caso de que el defecto en un Producto pudiera ser reparado por el Cliente de forma r\u00e1pida y sencilla, el Cliente deber\u00e1 realizar dicha reparaci\u00f3n a petici\u00f3n y coste de BSV ELECTRONIC S.L, en cuyo caso los gastos susceptibles de reembolso deber\u00e1n ser acordados entre las partes con antelaci\u00f3n. BSV ELECTRONIC S.L, deber\u00e1 proporcionar al Cliente las piezas de recambio para la reparaci\u00f3n sin ning\u00fan coste adicional. El Cliente deber\u00e1 proporcionar a BSV ELECTRONIC S.L, las piezas defectuosas que haya sustituido y anotar\u00e1 el n\u00famero de serie del Producto objeto de reparaci\u00f3n en el embalaje de la pieza defectuosa.<\/p>\n<p>7.9. Los art\u00edculos que hayan sido sustituidos por BSV ELECTRONIC S.L, deber\u00e1n, a su solicitud, ser devueltos a BSV ELECTRONIC S.L, y acompa\u00f1ados por un impreso de autorizaci\u00f3n de devoluci\u00f3n que ser\u00e1 proporcionado por BSV ELECTRONIC S.L.<\/p>\n<p>7.10. Los derechos del Cliente en caso de defectos quedar\u00e1n excluidos en los siguientes casos: (i) desgaste natural, (ii) defectos en los Productos debido a motivos de los que el Cliente sea responsable, tales como el uso inapropiado o impropio, la no observaci\u00f3n de las instrucciones de funcionamiento, un inicio incorrecto del funcionamiento o uso incorrecto (ej. uso excesivo), (iii) ensamblaje o instalaci\u00f3n incorrecto por el Cliente o por un tercero por encargo del Cliente, y (iv) el uso de accesorios o recambios inapropiados o el desarrollo de trabajos de reparaci\u00f3n inapropiados por el Cliente o por un tercero encargado por el Cliente.<\/p>\n<p>7.11. En caso de que no se produjera la Subsanaci\u00f3n Posterior, en caso de que dicha subsanaci\u00f3n fuera irrazonable para el Cliente o si BSV ELECTRONIC S.L, hubiera rechazado la subsanaci\u00f3n, el Cliente podr\u00e1, a su elecci\u00f3n, resolver el contrato de acuerdo con sus estipulaciones, reducir el precio de compra en la cantidad autorizada por escrito entre BSV ELECTRONIC S.L y el Cliente y\/ o reclamar da\u00f1os y perjuicios, o la devoluci\u00f3n de los gastos ocasionados in\u00fatilmente.<\/p>\n<p>7.12. Las reclamaciones del Cliente por vicios internos se efectuar\u00e1n en un plazo m\u00e1ximo de (30) d\u00edas desde la entrega de los productos El Cliente. No efectuadas en dicho plazo El Cliente perder\u00e1 el derecho perder\u00e1 toda acci\u00f3n y derecho a repetir contra BSV ELECTRONIC.<\/p>\n<p>7.13. El Cliente, perder\u00e1 todo derecho de repetici\u00f3n contra BSV ELECTRONIC S.L en el caso de que tras examinadas las mercanc\u00edas embaladas o enfardadas encontrase alg\u00fan y no ejercitase la acci\u00f3n correspondiente en el plazo de cuatro (4) d\u00edas siguientes a la recepci\u00f3n de la mercanc\u00eda.<\/p>\n<p>7.14. En el supuesto de defectos externos o manifiestos en la cosa vendida, el comprador debe ejercitar las acciones inmediatamente o en el plazo de cuatro d\u00edas (4) desde la entrega de la mercanc\u00eda por parte de BSV ELECTRONIC S.L a El Cliente cuando las mercanc\u00edas van embaladas o enfardadas, no ejercit\u00e1ndolo en dicho plazo, El Cliente perder\u00e1 toda acci\u00f3n o derecho frente a BSV ELECTRONIC S.L.<\/p>\n<p>7.15. En el caso de que la venta fuese destinada a consumidor final, se estar\u00e1 a los dispuesto en la Ley General de Consumidores y Usuarios 1\/2007 de 16 de noviembre. El plazo establecido en la garant\u00eda del producto, contar\u00e1, a mas tardar, en el plazo de (1) un mes desde la puesta a disposici\u00f3n del producto por parte de BSV ELECTRONIC S.L al Cliente, independientemente de cuando El Cliente entregue la mercanc\u00eda a su cliente. En caso de reclamaci\u00f3n de da\u00f1os por motivos distintos a la existencia de defectos en los Productos o en ejercicio de los derechos del Cliente con relaci\u00f3n a los defectos ocultados de mala fe o causados deliberadamente, ser\u00e1 de aplicaci\u00f3n el periodo establecido por Ley.<\/p>\n<p>7.16. El Cliente se compromete a entregar a BSV ELECTRONIC S.L un listado mensual con los clientes de El cliente a los cuales han sido entregados Productos de BSV ELECTRONIS S.L. El listado contendr\u00e1 identificaci\u00f3n de los clientes de El Cliente, as\u00ed como la fecha de entrega de las mercanc\u00edas de El Cliente a sus clientes, as\u00ed como los productos que EL Cliente haya entregado a sus clientes y que sean de fabricaci\u00f3n de BSV ELECTRONICS S.L.<\/p>\n<p><strong>8. Responsabilidad de Producto<\/strong><\/p>\n<p>En el supuesto en que el Cliente vendiera los Productos, hayan sido modificados o no, el Cliente deber\u00e1 indemnizar a BSV ELECTRONIC S.L, en su relaci\u00f3n interna, frente a cualquier reclamaci\u00f3n por responsabilidad de producto por parte de terceros, y ello en la medida en que el Cliente haya causado el defecto que genera tal responsabilidad frente a terceros.<\/p>\n<p><strong>9. Disposiciones Generales<\/strong><\/p>\n<p>9.1. El Cliente podr\u00e1 ceder los derechos derivados de la relaci\u00f3n contractual entre las partes a terceros, \u00fanicamente con el consentimiento escrito por parte de BSV ELECTRONIC S.L,.El Cliente no podr\u00e1 ceder o transferir el contrato de compraventa como tal sin la aprobaci\u00f3n previa de BSV ELECTRONIC S.L, Cualquier intento de cesi\u00f3n del contrato de compraventa sin el consentimiento previo de BSV ELECTRONIC S.L, ser\u00e1 nulo e inv\u00e1lido.<\/p>\n<p>9.2. Las modificaciones o adiciones al contrato y\/o a las presentes Condiciones de Venta y dem\u00e1s acuerdos paralelos deber\u00e1n formalizarse por escrito. La modificaci\u00f3n al requerimiento formal de que las modificaciones o adiciones se realicen por escrito tambi\u00e9n deber\u00e1 formalizarse de forma escrita.<\/p>\n<p>9.3. Si alguna disposici\u00f3n del contrato y\/o de las presentes Condiciones de Venta fuera considerada inv\u00e1lida, en todo o en parte, la validez del resto de disposiciones no se ver\u00e1 afectada.<\/p>\n<p><strong>10. Derecho aplicable y Jurisdicci\u00f3n.<\/strong><\/p>\n<p>10.1. Cualquier cuesti\u00f3n litigiosa entre las partes se someter\u00e1 a la jurisdicci\u00f3n exclusiva de los Tribunales y Juzgados espa\u00f1oles de la ciudad de Barcelona. BSV ELECTRONIC S.L, podr\u00e1, sin embargo, demandar al Cliente ante cualquier otro tribunal que tenga jurisdicci\u00f3n legal.<\/p>\n<p>10.2. Para cualquier cuesti\u00f3n litigiosa que pueda surgir entre las partes cuando el Cliente tenga su domicilio en territorio extranjero, se acuerda el sometimiento a lo acordado por La Convenci\u00f3n de las Naciones Unidas sobre los Contratos de Compraventa Internacional de Mercader\u00edas.[\/vc_column_text][\/vc_column][\/vc_row]<\/p>\n","protected":false},"excerpt":{"rendered":"<p>[vc_row full_width=&#8221;stretch_row_content_no_spaces&#8221; full_height=&#8221;yes&#8221; css=&#8221;.vc_custom_1567752812439{margin-bottom: 40px !important;background-image: url(https:\/\/www.bspool.eu\/wp-content\/uploads\/2019\/08\/banner-relacionados.jpg?id=768) !important;background-position: center !important;background-repeat: no-repeat !important;background-size: cover !important;}&#8221; el_class=&#8221;banner&#8221;][vc_column][vc_row_inner row_content_width=&#8221;container&#8221;][vc_column_inner][vc_custom_heading text=&#8221;Condiciones Generales de Venta&#8221; font_container=&#8221;tag:h1|text_align:center|color:%23ffffff&#8221; use_theme_fonts=&#8221;yes&#8221; font_weight=&#8221;font-weight: 400;&#8221;][vc_single_image image=&#8221;306&#8243; img_size=&#8221;full&#8221; alignment=&#8221;center&#8221; onclick=&#8221;custom_link&#8221; image_svg=&#8221;yes&#8221; image_content_width=&#8221;50px&#8221; css=&#8221;.vc_custom_1567752759762{margin-bottom: 40px !important;}&#8221; link=&#8221;#content&#8221; el_class=&#8221;banner-icon-scroll&#8221;][\/vc_column_inner][\/vc_row_inner][\/vc_column][\/vc_row][vc_row row_content_width=&#8221;container&#8221; el_id=&#8221;content&#8221; css=&#8221;.vc_custom_1567752819112{margin-bottom: 40px !important;}&#8221;][vc_column][vc_column_text]Condiciones generales de venta y entrega. BSV ELECTRONIC S.L. 1. \u00c1mbito de Aplicaci\u00f3n Las ventas y [&hellip;]<\/p>\n","protected":false},"author":1,"featured_media":0,"parent":0,"menu_order":0,"comment_status":"closed","ping_status":"closed","template":"","meta":[],"_links":{"self":[{"href":"https:\/\/www.bspool.eu\/ca\/wp-json\/wp\/v2\/pages\/4239"}],"collection":[{"href":"https:\/\/www.bspool.eu\/ca\/wp-json\/wp\/v2\/pages"}],"about":[{"href":"https:\/\/www.bspool.eu\/ca\/wp-json\/wp\/v2\/types\/page"}],"author":[{"embeddable":true,"href":"https:\/\/www.bspool.eu\/ca\/wp-json\/wp\/v2\/users\/1"}],"replies":[{"embeddable":true,"href":"https:\/\/www.bspool.eu\/ca\/wp-json\/wp\/v2\/comments?post=4239"}],"version-history":[{"count":2,"href":"https:\/\/www.bspool.eu\/ca\/wp-json\/wp\/v2\/pages\/4239\/revisions"}],"predecessor-version":[{"id":4256,"href":"https:\/\/www.bspool.eu\/ca\/wp-json\/wp\/v2\/pages\/4239\/revisions\/4256"}],"wp:attachment":[{"href":"https:\/\/www.bspool.eu\/ca\/wp-json\/wp\/v2\/media?parent=4239"}],"curies":[{"name":"wp","href":"https:\/\/api.w.org\/{rel}","templated":true}]}}