{"id":6210,"date":"2022-03-23T15:08:01","date_gmt":"2022-03-23T14:08:01","guid":{"rendered":"https:\/\/www.bspool.eu\/domotica\/eypools\/"},"modified":"2024-12-11T13:20:22","modified_gmt":"2024-12-11T12:20:22","slug":"eypools","status":"publish","type":"page","link":"https:\/\/www.bspool.eu\/ca\/domotica\/eypools\/","title":{"rendered":"Eypools"},"content":{"rendered":"<p>[vc_row row_responsive=&#8221;d&#8211;none d&#8211;md-flex&#8221;][vc_column][vc_row_inner equal_height=&#8221;yes&#8221; content_placement=&#8221;middle&#8221; row_content_width=&#8221;container&#8221;][vc_column_inner width=&#8221;7\/12&#8243;][vc_custom_heading text=&#8221;Eypools&#8221; font_container=&#8221;tag:h1|text_align:left&#8221; use_theme_fonts=&#8221;yes&#8221; css=&#8221;.vc_custom_1648044873931{margin-bottom: 20px !important;}&#8221;][vc_column_text css=&#8221;.vc_custom_1733919518674{margin-bottom: 30px !important;}&#8221;]L\u2019eina en l\u00ednia per comunicar-te amb la teva piscina.<\/p>\n<p>EyPools \u00e9s la soluci\u00f3 b\u00e0sica de connectivitat per a piscines, fruit d\u2019anys d\u2019experi\u00e8ncia de BSV en el mercat mundial de les piscines.<\/p>\n<p>Disposa d\u2019una interf\u00edcie intu\u00eftiva i f\u00e0cil d\u2019utilitzar que et permetr\u00e0 controlar par\u00e0metres i comandaments de la piscina des d\u2019un dispositiu amb connexi\u00f3 a Internet.[\/vc_column_text][vc_btn title=&#8221;Veure fitxa t\u00e8cnica&#8221; style=&#8221;custom&#8221; custom_background=&#8221;#d5e7f8&#8243; custom_text=&#8221;#002642&#8243; el_class=&#8221;btn-product&#8221; css=&#8221;.vc_custom_1733919584455{margin-right: 10px !important;margin-bottom: 10px !important;}&#8221; link=&#8221;url:https%3A%2F%2Fwww.bspool.eu%2Fwp-content%2Fuploads%2F2024%2F12%2FFichaTecnica_Eypools.pdf||target:%20_blank|&#8221;][vc_btn title=&#8221;Descarrega Eypools per Android&#8221; style=&#8221;custom&#8221; custom_background=&#8221;#002642&#8243; custom_text=&#8221;#a1e4f2&#8243; el_class=&#8221;btn-product&#8221; css=&#8221;.vc_custom_1649086834434{margin-right: 10px !important;margin-bottom: 10px !important;}&#8221; link=&#8221;url:https%3A%2F%2Fplay.google.com%2Fstore%2Fapps%2Fdetails%3Fid%3Dcom.phone.hello||target:%20_blank|&#8221;][vc_btn title=&#8221;Descarrega Eypools per iOS&#8221; style=&#8221;custom&#8221; custom_background=&#8221;#a1e4f2&#8243; custom_text=&#8221;#002642&#8243; el_class=&#8221;btn-product&#8221; css=&#8221;.vc_custom_1649086849489{margin-right: 10px !important;margin-bottom: 10px !important;}&#8221; link=&#8221;url:https%3A%2F%2Fapps.apple.com%2Fus%2Fapp%2Feypools%2Fid1213348810||target:%20_blank|&#8221;][\/vc_column_inner][vc_column_inner width=&#8221;5\/12&#8243;][vc_single_image image=&#8221;6098&#8243; img_size=&#8221;full&#8221;][\/vc_column_inner][\/vc_row_inner][vc_row_inner row_content_width=&#8221;container&#8221;][vc_column_inner][vc_single_image image=&#8221;669&#8243; img_size=&#8221;full&#8221; alignment=&#8221;center&#8221; onclick=&#8221;custom_link&#8221; image_svg=&#8221;yes&#8221; image_content_width=&#8221;50px&#8221; css=&#8221;.vc_custom_1567698556794{margin-bottom: 40px !important;}&#8221; link=&#8221;#content&#8221;][\/vc_column_inner][\/vc_row_inner][\/vc_column][\/vc_row][vc_row row_responsive=&#8221;d&#8211;none d&#8211;sm-flex&#8221; css=&#8221;.vc_custom_1567761813455{margin-top: 50px !important;}&#8221;][vc_column offset=&#8221;vc_hidden-lg&#8221;][vc_row_inner equal_height=&#8221;yes&#8221; content_placement=&#8221;middle&#8221; row_content_width=&#8221;container&#8221;][vc_column_inner][vc_custom_heading text=&#8221;Eypools&#8221; font_container=&#8221;tag:h1|text_align:left&#8221; use_theme_fonts=&#8221;yes&#8221; css=&#8221;.vc_custom_1648123159486{margin-bottom: 20px !important;}&#8221;][vc_column_text css=&#8221;.vc_custom_1733919522413{margin-bottom: 30px !important;}&#8221;]L\u2019eina en l\u00ednia per comunicar-te amb la teva piscina.<\/p>\n<p>EyPools \u00e9s la soluci\u00f3 b\u00e0sica de connectivitat per a piscines, fruit d\u2019anys d\u2019experi\u00e8ncia de BSV en el mercat mundial de les piscines.<\/p>\n<p>Disposa d\u2019una interf\u00edcie intu\u00eftiva i f\u00e0cil d\u2019utilitzar que et permetr\u00e0 controlar par\u00e0metres i comandaments de la piscina des d\u2019un dispositiu amb connexi\u00f3 a Internet.[\/vc_column_text][\/vc_column_inner][\/vc_row_inner][vc_row_inner equal_height=&#8221;yes&#8221; content_placement=&#8221;middle&#8221; row_content_width=&#8221;container&#8221;][vc_column_inner width=&#8221;1\/2&#8243; offset=&#8221;vc_col-xs-6&#8243; css=&#8221;.vc_custom_1567761726761{padding-right: 0px !important;}&#8221;][vc_btn title=&#8221;Veure fitxa t\u00e8cnica&#8221; style=&#8221;custom&#8221; custom_background=&#8221;#d5e7f8&#8243; custom_text=&#8221;#002642&#8243; align=&#8221;center&#8221; button_block=&#8221;true&#8221; el_class=&#8221;btn-product&#8221; css=&#8221;.vc_custom_1733919619367{margin-bottom: 10px !important;}&#8221; link=&#8221;url:https%3A%2F%2Fplay.google.com%2Fstore%2Fapps%2Fdetails%3Fid%3Dcom.phone.hello||target:%20_blank|&#8221;][vc_btn title=&#8221;Descarrega Eypools per Android&#8221; style=&#8221;custom&#8221; custom_background=&#8221;#002642&#8243; custom_text=&#8221;#a1e4f2&#8243; align=&#8221;center&#8221; button_block=&#8221;true&#8221; el_class=&#8221;btn-product&#8221; css=&#8221;.vc_custom_1649086884776{margin-bottom: 10px !important;}&#8221; link=&#8221;url:https%3A%2F%2Fplay.google.com%2Fstore%2Fapps%2Fdetails%3Fid%3Dcom.phone.hello||target:%20_blank|&#8221;][vc_btn title=&#8221;Descarrega Eypools per iOS&#8221; style=&#8221;custom&#8221; custom_background=&#8221;#a1e4f2&#8243; custom_text=&#8221;#002642&#8243; align=&#8221;center&#8221; button_block=&#8221;true&#8221; el_class=&#8221;btn-product&#8221; css=&#8221;.vc_custom_1649086896353{margin-bottom: 10px !important;}&#8221; link=&#8221;url:https%3A%2F%2Fapps.apple.com%2Fus%2Fapp%2Feypools%2Fid1213348810||target:%20_blank|&#8221;][\/vc_column_inner][vc_column_inner width=&#8221;1\/2&#8243; offset=&#8221;vc_col-xs-6&#8243; css=&#8221;.vc_custom_1567761731749{padding-right: 0px !important;}&#8221;][vc_single_image image=&#8221;6098&#8243; img_size=&#8221;full&#8221; alignment=&#8221;center&#8221;][\/vc_column_inner][\/vc_row_inner][vc_row_inner row_content_width=&#8221;container&#8221;][vc_column_inner][vc_single_image image=&#8221;669&#8243; img_size=&#8221;full&#8221; alignment=&#8221;center&#8221; onclick=&#8221;custom_link&#8221; image_svg=&#8221;yes&#8221; image_content_width=&#8221;50px&#8221; css=&#8221;.vc_custom_1579165244554{margin-bottom: 40px !important;}&#8221; link=&#8221;#contentmobile&#8221;][\/vc_column_inner][\/vc_row_inner][\/vc_column][\/vc_row][vc_row full_width=&#8221;stretch_row_content_no_spaces&#8221; row_responsive=&#8221;d&#8211;none d&#8211;md-flex&#8221; css=&#8221;.vc_custom_1569511969393{padding-top: 5% !important;padding-bottom: 5% !important;background-color: #002642 !important;}&#8221; el_id=&#8221;content&#8221;][vc_column width=&#8221;1\/6&#8243;][\/vc_column][vc_column width=&#8221;2\/3&#8243;][vc_row_inner equal_height=&#8221;yes&#8221; row_content_width=&#8221;container&#8221;][vc_column_inner width=&#8221;1\/4&#8243; offset=&#8221;vc_col-xs-6&#8243;][vc_image_list_father class=&#8221;imagelist&#8211;product&#8221;][vc_image_list_son image_id=&#8221;6135&#8243; image_width=&#8221;146px&#8221; title=&#8221;Sempre alerta&#8221; title_color=&#8221;#ffffff&#8221; css=&#8221;.vc_custom_1649086939402{margin-bottom: 40px !important;padding-right: 10% !important;padding-left: 10% !important;}&#8221;][\/vc_image_list_father][\/vc_column_inner][vc_column_inner width=&#8221;1\/4&#8243; offset=&#8221;vc_col-xs-6&#8243;][vc_image_list_father class=&#8221;imagelist&#8211;product&#8221;][vc_image_list_son image_id=&#8221;6139&#8243; image_width=&#8221;146px&#8221; title=&#8221;Manteniment f\u00e0cil&#8221; title_color=&#8221;#ffffff&#8221; css=&#8221;.vc_custom_1649086962157{margin-bottom: 40px !important;padding-right: 10% !important;padding-left: 10% !important;}&#8221;][\/vc_image_list_father][\/vc_column_inner][vc_column_inner width=&#8221;1\/4&#8243; offset=&#8221;vc_col-xs-6&#8243;][vc_image_list_father class=&#8221;imagelist&#8211;product&#8221;][vc_image_list_son image_id=&#8221;6143&#8243; image_width=&#8221;146px&#8221; title=&#8221;Sistema integral&#8221; title_color=&#8221;#ffffff&#8221; css=&#8221;.vc_custom_1649086975577{margin-bottom: 40px !important;}&#8221;][\/vc_image_list_father][\/vc_column_inner][vc_column_inner width=&#8221;1\/4&#8243; offset=&#8221;vc_col-xs-6&#8243;][vc_image_list_father class=&#8221;imagelist&#8211;product&#8221;][vc_image_list_son image_id=&#8221;6147&#8243; image_width=&#8221;146px&#8221; title=&#8221;Piscina perfecta&#8221; title_color=&#8221;#ffffff&#8221; css=&#8221;.vc_custom_1649086986682{margin-bottom: 40px !important;}&#8221;][\/vc_image_list_father][\/vc_column_inner][\/vc_row_inner][\/vc_column][vc_column width=&#8221;1\/6&#8243;][\/vc_column][\/vc_row][vc_row full_width=&#8221;stretch_row_content_no_spaces&#8221; row_responsive=&#8221;d&#8211;none d&#8211;sm-flex&#8221; css=&#8221;.vc_custom_1579165256963{padding-top: 5% !important;padding-bottom: 5% !important;background-color: #002642 !important;}&#8221; el_id=&#8221;contentmobile&#8221;][vc_column offset=&#8221;vc_hidden-lg&#8221;][vc_row_inner equal_height=&#8221;yes&#8221; row_content_width=&#8221;container&#8221;][vc_column_inner width=&#8221;1\/4&#8243; offset=&#8221;vc_col-xs-6&#8243;][vc_image_list_father class=&#8221;imagelist&#8211;product&#8221;][vc_image_list_son image_id=&#8221;6135&#8243; image_width=&#8221;63px&#8221; title=&#8221;Sempre alerta&#8221; title_color=&#8221;#ffffff&#8221; css=&#8221;.vc_custom_1649086997896{margin-bottom: 40px !important;padding-right: 10% !important;padding-left: 10% !important;}&#8221;][\/vc_image_list_father][\/vc_column_inner][vc_column_inner width=&#8221;1\/4&#8243; offset=&#8221;vc_col-xs-6&#8243;][vc_image_list_father class=&#8221;imagelist&#8211;product&#8221;][vc_image_list_son image_id=&#8221;6139&#8243; image_width=&#8221;63px&#8221; title=&#8221;Manteniment f\u00e0cil&#8221; title_color=&#8221;#ffffff&#8221; css=&#8221;.vc_custom_1649087028393{margin-bottom: 40px !important;padding-right: 10% !important;padding-left: 10% !important;}&#8221;][\/vc_image_list_father][\/vc_column_inner][vc_column_inner width=&#8221;1\/4&#8243; offset=&#8221;vc_col-xs-6&#8243;][vc_image_list_father class=&#8221;imagelist&#8211;product&#8221;][vc_image_list_son image_id=&#8221;6143&#8243; image_width=&#8221;63px&#8221; title=&#8221;Sistema integral&#8221; title_color=&#8221;#ffffff&#8221; css=&#8221;.vc_custom_1648141018149{margin-bottom: 40px !important;}&#8221;][\/vc_image_list_father][\/vc_column_inner][vc_column_inner width=&#8221;1\/4&#8243; offset=&#8221;vc_col-xs-6&#8243;][vc_image_list_father class=&#8221;imagelist&#8211;product&#8221;][vc_image_list_son image_id=&#8221;6147&#8243; image_width=&#8221;63px&#8221; title=&#8221;Piscina perfecta&#8221; title_color=&#8221;#ffffff&#8221; css=&#8221;.vc_custom_1648141032447{margin-bottom: 40px !important;}&#8221;][\/vc_image_list_father][\/vc_column_inner][\/vc_row_inner][\/vc_column][\/vc_row][vc_row full_width=&#8221;stretch_row_content_no_spaces&#8221;][vc_column css=&#8221;.vc_custom_1566807329560{padding-top: 0px !important;}&#8221;][vc_row_inner equal_height=&#8221;yes&#8221; content_placement=&#8221;middle&#8221; css=&#8221;.vc_custom_1566980971573{padding-right: 0px !important;padding-left: 0px !important;}&#8221;][vc_column_inner width=&#8221;1\/2&#8243; css=&#8221;.vc_custom_1566982430894{padding-top: 10% !important;padding-right: 10% !important;padding-bottom: 10% !important;padding-left: 10% !important;background-color: #a1e4f2 !important;}&#8221;][vc_custom_heading text=&#8221;Ets un particular?&#8221; use_theme_fonts=&#8221;yes&#8221; css=&#8221;.vc_custom_1649087127891{margin-bottom: 30px !important;}&#8221;][vc_custom_heading text=&#8221;Deixa les teves dades de contacte i ens posarem en contacte amb tu per donar-te informaci\u00f3 sense cap comprom\u00eds sobre l&#8217;equip de cloraci\u00f3 salina que s&#8217;adapta m\u00e9s a les teves necessitats.&#8221; font_container=&#8221;tag:p|text_align:left&#8221; use_theme_fonts=&#8221;yes&#8221; css=&#8221;.vc_custom_1649087094170{margin-bottom: 50px !important;}&#8221;]<div role=\"form\" class=\"wpcf7\" id=\"wpcf7-f24070-o1\" dir=\"ltr\">\n<div class=\"screen-reader-response\" aria-live=\"polite\"><\/div>\n<form action=\"\/ca\/wp-json\/wp\/v2\/pages\/6210#wpcf7-f24070-o1\" method=\"post\" class=\"wpcf7-form\" novalidate=\"novalidate\">\n<div style=\"display: none;\">\n<input type=\"hidden\" name=\"_wpcf7\" value=\"24070\" \/>\n<input type=\"hidden\" name=\"_wpcf7_version\" value=\"5.1.8\" \/>\n<input type=\"hidden\" name=\"_wpcf7_locale\" value=\"\" \/>\n<input type=\"hidden\" name=\"_wpcf7_unit_tag\" value=\"wpcf7-f24070-o1\" \/>\n<input type=\"hidden\" name=\"_wpcf7_container_post\" value=\"0\" \/>\n<\/div>\n<div class=\"form-product form-product--particular\">\n  <span class=\"wpcf7-form-control-wrap your-name\"><input type=\"text\" name=\"your-name\" value=\"\" size=\"40\" class=\"wpcf7-form-control wpcf7-text wpcf7-validates-as-required\" aria-required=\"true\" aria-invalid=\"false\" placeholder=\"*Nom i cognoms\" \/><\/span><br \/>\n  <span class=\"wpcf7-form-control-wrap your-email\"><input type=\"email\" name=\"your-email\" value=\"\" size=\"40\" class=\"wpcf7-form-control wpcf7-text wpcf7-email wpcf7-validates-as-required wpcf7-validates-as-email\" aria-required=\"true\" aria-invalid=\"false\" placeholder=\"*Correu electr\u00f2nic\" \/><\/span><br \/>\n  <span class=\"wpcf7-form-control-wrap your-phone\"><input type=\"text\" name=\"your-phone\" value=\"\" size=\"40\" class=\"wpcf7-form-control wpcf7-text\" aria-invalid=\"false\" placeholder=\"Tel\u00e8fon\" \/><\/span><\/p>\n<div class=\"text--right\">\n<span id=\"wpcf7-69e1a36ab0518-wrapper\" class=\"wpcf7-form-control-wrap info-wrap\" style=\"display:none !important; visibility:hidden !important;\"><label for=\"wpcf7-69e1a36ab0518-field\" class=\"hp-message\">Deixeu aquest camp buit.<\/label><input id=\"wpcf7-69e1a36ab0518-field\"  class=\"wpcf7-form-control wpcf7-text\" type=\"text\" name=\"info\" value=\"\" size=\"40\" tabindex=\"-1\" autocomplete=\"new-password\" \/><\/span><br \/>\n<label><span class=\"wpcf7-form-control-wrap politica-privacidad\"><span class=\"wpcf7-form-control wpcf7-checkbox wpcf7-validates-as-required\"><span class=\"wpcf7-list-item first last\"><input type=\"checkbox\" name=\"politica-privacidad[]\" value=\"\" \/><span class=\"wpcf7-list-item-label\"><\/span><\/span><\/span><\/span><span class=\"checkbox-text\">He llegit i accepto la <a href=\"https:\/\/www.bspool.eu\/ca\/politica-privacitat\/\" target=\"!blank\">Pol\u00edtica de Privadesa<\/a>.<\/span><\/label><\/p>\n<p><label><span class=\"wpcf7-form-control-wrap informacion-comercial\"><span class=\"wpcf7-form-control wpcf7-checkbox\"><span class=\"wpcf7-list-item first last\"><input type=\"checkbox\" name=\"informacion-comercial[]\" value=\"\" \/><span class=\"wpcf7-list-item-label\"><\/span><\/span><\/span><\/span><span class=\"checkbox-text\">Accepto rebre la informaci\u00f3 comercial que BSV ELECTRONIC SL consideri oport\u00fa enviar-me per correu electr\u00f2nic. \u00c9s possible donar-se de baixa en qualsevol moment.<\/span><\/label><br \/>\n    <input type=\"submit\" value=\"Enviar\" class=\"wpcf7-form-control wpcf7-submit\" \/>\n  <\/div>\n<\/div>\n<div class=\"wpcf7-response-output wpcf7-display-none\" aria-hidden=\"true\"><\/div><\/form><\/div>[\/vc_column_inner][vc_column_inner width=&#8221;1\/2&#8243; css=&#8221;.vc_custom_1566982437884{padding-top: 10% !important;padding-right: 10% !important;padding-bottom: 10% !important;padding-left: 10% !important;background-color: #002642 !important;}&#8221;][vc_custom_heading text=&#8221;Ets un distribu\u00efdor?&#8221; font_container=&#8221;tag:h2|text_align:left|color:%23a1e4f2&#8243; use_theme_fonts=&#8221;yes&#8221; css=&#8221;.vc_custom_1649087160465{margin-bottom: 30px !important;}&#8221;][vc_custom_heading text=&#8221;Omple el formulari amb les dades de la teva empresa per rebre informaci\u00f3 sobre les solucions de cloraci\u00f3 salina que podr\u00e0s oferir als teus clients.&#8221; font_container=&#8221;tag:p|text_align:left|color:%23a1e4f2&#8243; use_theme_fonts=&#8221;yes&#8221; css=&#8221;.vc_custom_1649087303644{margin-bottom: 50px !important;}&#8221;]<div role=\"form\" class=\"wpcf7\" id=\"wpcf7-f24069-o2\" dir=\"ltr\">\n<div class=\"screen-reader-response\" aria-live=\"polite\"><\/div>\n<form action=\"\/ca\/wp-json\/wp\/v2\/pages\/6210#wpcf7-f24069-o2\" method=\"post\" class=\"wpcf7-form\" novalidate=\"novalidate\">\n<div style=\"display: none;\">\n<input type=\"hidden\" name=\"_wpcf7\" value=\"24069\" \/>\n<input type=\"hidden\" name=\"_wpcf7_version\" value=\"5.1.8\" \/>\n<input type=\"hidden\" name=\"_wpcf7_locale\" value=\"\" \/>\n<input type=\"hidden\" name=\"_wpcf7_unit_tag\" value=\"wpcf7-f24069-o2\" \/>\n<input type=\"hidden\" name=\"_wpcf7_container_post\" value=\"0\" \/>\n<\/div>\n<div class=\"form-product form-product--distribuidor\">\n  <span class=\"wpcf7-form-control-wrap your-name\"><input type=\"text\" name=\"your-name\" value=\"\" size=\"40\" class=\"wpcf7-form-control wpcf7-text wpcf7-validates-as-required\" aria-required=\"true\" aria-invalid=\"false\" placeholder=\"*Nom empresa\" \/><\/span><br \/>\n  <span class=\"wpcf7-form-control-wrap your-email\"><input type=\"email\" name=\"your-email\" value=\"\" size=\"40\" class=\"wpcf7-form-control wpcf7-text wpcf7-email wpcf7-validates-as-required wpcf7-validates-as-email\" aria-required=\"true\" aria-invalid=\"false\" placeholder=\"*Correu electr\u00f2nic\" \/><\/span><br \/>\n  <span class=\"wpcf7-form-control-wrap your-phone\"><input type=\"text\" name=\"your-phone\" value=\"\" size=\"40\" class=\"wpcf7-form-control wpcf7-text\" aria-invalid=\"false\" placeholder=\"Tel\u00e8fon\" \/><\/span><\/p>\n<div class=\"text--right\">\n<span id=\"wpcf7-69e1a36ab0f25-wrapper\" class=\"wpcf7-form-control-wrap info-wrap\" style=\"display:none !important; visibility:hidden !important;\"><label for=\"wpcf7-69e1a36ab0f25-field\" class=\"hp-message\">Deixeu aquest camp buit.<\/label><input id=\"wpcf7-69e1a36ab0f25-field\"  class=\"wpcf7-form-control wpcf7-text\" type=\"text\" name=\"info\" value=\"\" size=\"40\" tabindex=\"-1\" autocomplete=\"new-password\" \/><\/span><br \/>\n<label><span class=\"wpcf7-form-control-wrap politica-privacidad\"><span class=\"wpcf7-form-control wpcf7-checkbox wpcf7-validates-as-required\"><span class=\"wpcf7-list-item first last\"><input type=\"checkbox\" name=\"politica-privacidad[]\" value=\"\" \/><span class=\"wpcf7-list-item-label\"><\/span><\/span><\/span><\/span><span class=\"checkbox-text\">He llegit i accepto la <a href=\"https:\/\/www.bspool.eu\/ca\/politica-privacitat\/\" target=\"!blank\">Pol\u00edtica de Privadesa<\/a>.<\/span><\/label><\/p>\n<p><label><span class=\"wpcf7-form-control-wrap informacion-comercial\"><span class=\"wpcf7-form-control wpcf7-checkbox\"><span class=\"wpcf7-list-item first last\"><input type=\"checkbox\" name=\"informacion-comercial[]\" value=\"\" \/><span class=\"wpcf7-list-item-label\"><\/span><\/span><\/span><\/span><span class=\"checkbox-text\">Accepto rebre la informaci\u00f3 comercial que BSV ELECTRONIC SL consideri oport\u00fa enviar-me per correu electr\u00f2nic. \u00c9s possible donar-se de baixa en qualsevol moment.<\/span><\/label><br \/>\n<input type=\"submit\" value=\"Enviar\" class=\"wpcf7-form-control wpcf7-submit\" \/><\/p><\/div>\n<\/div>\n<div class=\"wpcf7-response-output wpcf7-display-none\" aria-hidden=\"true\"><\/div><\/form><\/div>[\/vc_column_inner][\/vc_row_inner][\/vc_column][\/vc_row]<\/p>\n","protected":false},"excerpt":{"rendered":"<p>[vc_row row_responsive=&#8221;d&#8211;none d&#8211;md-flex&#8221;][vc_column][vc_row_inner equal_height=&#8221;yes&#8221; content_placement=&#8221;middle&#8221; row_content_width=&#8221;container&#8221;][vc_column_inner width=&#8221;7\/12&#8243;][vc_custom_heading text=&#8221;Eypools&#8221; font_container=&#8221;tag:h1|text_align:left&#8221; use_theme_fonts=&#8221;yes&#8221; css=&#8221;.vc_custom_1648044873931{margin-bottom: 20px !important;}&#8221;][vc_column_text css=&#8221;.vc_custom_1733919518674{margin-bottom: 30px !important;}&#8221;]L\u2019eina en l\u00ednia per comunicar-te amb la teva piscina. EyPools \u00e9s la soluci\u00f3 b\u00e0sica de connectivitat per a piscines, fruit d\u2019anys d\u2019experi\u00e8ncia de BSV en el mercat mundial de les piscines. Disposa d\u2019una interf\u00edcie intu\u00eftiva i f\u00e0cil d\u2019utilitzar que et [&hellip;]<\/p>\n","protected":false},"author":1,"featured_media":0,"parent":6207,"menu_order":0,"comment_status":"closed","ping_status":"closed","template":"","meta":[],"_links":{"self":[{"href":"https:\/\/www.bspool.eu\/ca\/wp-json\/wp\/v2\/pages\/6210"}],"collection":[{"href":"https:\/\/www.bspool.eu\/ca\/wp-json\/wp\/v2\/pages"}],"about":[{"href":"https:\/\/www.bspool.eu\/ca\/wp-json\/wp\/v2\/types\/page"}],"author":[{"embeddable":true,"href":"https:\/\/www.bspool.eu\/ca\/wp-json\/wp\/v2\/users\/1"}],"replies":[{"embeddable":true,"href":"https:\/\/www.bspool.eu\/ca\/wp-json\/wp\/v2\/comments?post=6210"}],"version-history":[{"count":3,"href":"https:\/\/www.bspool.eu\/ca\/wp-json\/wp\/v2\/pages\/6210\/revisions"}],"predecessor-version":[{"id":20090,"href":"https:\/\/www.bspool.eu\/ca\/wp-json\/wp\/v2\/pages\/6210\/revisions\/20090"}],"up":[{"embeddable":true,"href":"https:\/\/www.bspool.eu\/ca\/wp-json\/wp\/v2\/pages\/6207"}],"wp:attachment":[{"href":"https:\/\/www.bspool.eu\/ca\/wp-json\/wp\/v2\/media?parent=6210"}],"curies":[{"name":"wp","href":"https:\/\/api.w.org\/{rel}","templated":true}]}}