{"id":6218,"date":"2022-03-25T11:22:13","date_gmt":"2022-03-25T10:22:13","guid":{"rendered":"https:\/\/www.bspool.eu\/domotica\/domopool\/"},"modified":"2024-12-11T13:27:58","modified_gmt":"2024-12-11T12:27:58","slug":"domopool","status":"publish","type":"page","link":"https:\/\/www.bspool.eu\/ca\/domotica\/domopool\/","title":{"rendered":"Domopool"},"content":{"rendered":"<p>[vc_row row_responsive=&#8221;d&#8211;none d&#8211;md-flex&#8221;][vc_column][vc_row_inner equal_height=&#8221;yes&#8221; content_placement=&#8221;middle&#8221; row_content_width=&#8221;container&#8221;][vc_column_inner width=&#8221;7\/12&#8243;][vc_custom_heading text=&#8221;Domopool&#8221; font_container=&#8221;tag:h1|text_align:left&#8221; use_theme_fonts=&#8221;yes&#8221; css=&#8221;.vc_custom_1648202285262{margin-bottom: 20px !important;}&#8221;][vc_column_text css=&#8221;.vc_custom_1733920031390{margin-bottom: 30px !important;}&#8221;]L\u2019equip que permet tenir un control total i avan\u00e7at de la piscina.<\/p>\n<p>Domopool \u00e9s l\u2019eina perfecta que permet comunicar-se i tenir el control total i avan\u00e7at de la piscina. El seu sistema modular permet una f\u00e0cil adaptaci\u00f3 a les necessitats de tot tipus de piscines.<\/p>\n<p>Treballa a trav\u00e9s de la radiofreq\u00fc\u00e8ncia de comunicaci\u00f3 sense fil i amb connexi\u00f3 a Internet.<\/p>\n<p>A m\u00e9s, facilita alarmes si hi ha algun problema t\u00e8cnic sense necessitat de despla\u00e7ar-se a la piscina o a la caseta t\u00e8cnica.[\/vc_column_text][vc_btn title=&#8221;Veure fitxa t\u00e8cnica&#8221; style=&#8221;custom&#8221; custom_background=&#8221;#002642&#8243; custom_text=&#8221;#a1e4f2&#8243; el_class=&#8221;btn-product&#8221; css=&#8221;.vc_custom_1733920052389{margin-right: 10px !important;margin-bottom: 10px !important;}&#8221; link=&#8221;url:https%3A%2F%2Fwww.bspool.eu%2Fwp-content%2Fuploads%2F2024%2F12%2FFichaTecnica_Domopool.pdf||target:%20_blank|&#8221;][vc_btn title=&#8221;Descarrega Eypools per iOS&#8221; style=&#8221;custom&#8221; custom_background=&#8221;#a1e4f2&#8243; custom_text=&#8221;#002642&#8243; el_class=&#8221;btn-product display-none&#8221; css=&#8221;.vc_custom_1649145895152{margin-right: 10px !important;margin-bottom: 10px !important;}&#8221; link=&#8221;url:https%3A%2F%2Fapps.apple.com%2Fus%2Fapp%2Feypools%2Fid1213348810||target:%20_blank|&#8221;][\/vc_column_inner][vc_column_inner width=&#8221;5\/12&#8243;][vc_single_image image=&#8221;6157&#8243; img_size=&#8221;full&#8221;][\/vc_column_inner][\/vc_row_inner][vc_row_inner row_content_width=&#8221;container&#8221;][vc_column_inner][vc_single_image image=&#8221;669&#8243; img_size=&#8221;full&#8221; alignment=&#8221;center&#8221; onclick=&#8221;custom_link&#8221; image_svg=&#8221;yes&#8221; image_content_width=&#8221;50px&#8221; css=&#8221;.vc_custom_1567698556794{margin-bottom: 40px !important;}&#8221; link=&#8221;#content&#8221;][\/vc_column_inner][\/vc_row_inner][\/vc_column][\/vc_row][vc_row row_responsive=&#8221;d&#8211;none d&#8211;sm-flex&#8221; css=&#8221;.vc_custom_1567761813455{margin-top: 50px !important;}&#8221;][vc_column offset=&#8221;vc_hidden-lg&#8221;][vc_row_inner equal_height=&#8221;yes&#8221; content_placement=&#8221;middle&#8221; row_content_width=&#8221;container&#8221;][vc_column_inner][vc_custom_heading text=&#8221;Domopool&#8221; font_container=&#8221;tag:h1|text_align:left&#8221; use_theme_fonts=&#8221;yes&#8221; css=&#8221;.vc_custom_1648203177146{margin-bottom: 20px !important;}&#8221;][vc_column_text css=&#8221;.vc_custom_1733920035333{margin-bottom: 30px !important;}&#8221;]L\u2019equip que permet tenir un control total i avan\u00e7at de la piscina.<\/p>\n<p>Domopool \u00e9s l\u2019eina perfecta que permet comunicar-se i tenir el control total i avan\u00e7at de la piscina. El seu sistema modular permet una f\u00e0cil adaptaci\u00f3 a les necessitats de tot tipus de piscines.<\/p>\n<p>Treballa a trav\u00e9s de la radiofreq\u00fc\u00e8ncia de comunicaci\u00f3 sense fil i amb connexi\u00f3 a Internet.<\/p>\n<p>A m\u00e9s, facilita alarmes si hi ha algun problema t\u00e8cnic sense necessitat de despla\u00e7ar-se a la piscina o a la caseta t\u00e8cnica.[\/vc_column_text][\/vc_column_inner][\/vc_row_inner][vc_row_inner equal_height=&#8221;yes&#8221; content_placement=&#8221;middle&#8221; row_content_width=&#8221;container&#8221;][vc_column_inner width=&#8221;1\/2&#8243; offset=&#8221;vc_col-xs-6&#8243; css=&#8221;.vc_custom_1567761726761{padding-right: 0px !important;}&#8221;][vc_btn title=&#8221;Veure fitxa t\u00e8cnica&#8221; style=&#8221;custom&#8221; custom_background=&#8221;#002642&#8243; custom_text=&#8221;#a1e4f2&#8243; align=&#8221;center&#8221; button_block=&#8221;true&#8221; el_class=&#8221;btn-product&#8221; css=&#8221;.vc_custom_1733920068027{margin-bottom: 10px !important;}&#8221; link=&#8221;url:https%3A%2F%2Fwww.bspool.eu%2Fwp-content%2Fuploads%2F2024%2F12%2FFichaTecnica_Domopool.pdf||target:%20_blank|&#8221;][vc_btn title=&#8221;Descarrega Eypools per iOS&#8221; style=&#8221;custom&#8221; custom_background=&#8221;#a1e4f2&#8243; custom_text=&#8221;#002642&#8243; align=&#8221;center&#8221; button_block=&#8221;true&#8221; el_class=&#8221;btn-product display-none&#8221; css=&#8221;.vc_custom_1649145924484{margin-bottom: 10px !important;}&#8221; link=&#8221;url:https%3A%2F%2Fapps.apple.com%2Fus%2Fapp%2Feypools%2Fid1213348810||target:%20_blank|&#8221;][\/vc_column_inner][vc_column_inner width=&#8221;1\/2&#8243; offset=&#8221;vc_col-xs-6&#8243; css=&#8221;.vc_custom_1567761731749{padding-right: 0px !important;}&#8221;][vc_single_image image=&#8221;6157&#8243; img_size=&#8221;full&#8221; alignment=&#8221;center&#8221;][\/vc_column_inner][\/vc_row_inner][vc_row_inner row_content_width=&#8221;container&#8221;][vc_column_inner][vc_single_image image=&#8221;669&#8243; img_size=&#8221;full&#8221; alignment=&#8221;center&#8221; onclick=&#8221;custom_link&#8221; image_svg=&#8221;yes&#8221; image_content_width=&#8221;50px&#8221; css=&#8221;.vc_custom_1579165244554{margin-bottom: 40px !important;}&#8221; link=&#8221;#contentmobile&#8221;][\/vc_column_inner][\/vc_row_inner][\/vc_column][\/vc_row][vc_row full_width=&#8221;stretch_row_content_no_spaces&#8221; row_responsive=&#8221;d&#8211;none d&#8211;md-flex&#8221; css=&#8221;.vc_custom_1569511969393{padding-top: 5% !important;padding-bottom: 5% !important;background-color: #002642 !important;}&#8221; el_id=&#8221;content&#8221;][vc_column width=&#8221;1\/6&#8243;][\/vc_column][vc_column width=&#8221;2\/3&#8243;][vc_row_inner equal_height=&#8221;yes&#8221; row_content_width=&#8221;container&#8221;][vc_column_inner width=&#8221;1\/4&#8243; offset=&#8221;vc_col-xs-6&#8243;][vc_image_list_father class=&#8221;imagelist&#8211;product&#8221;][vc_image_list_son image_id=&#8221;6162&#8243; image_width=&#8221;96px&#8221; title=&#8221;Connectat&#8221; title_color=&#8221;#ffffff&#8221; css=&#8221;.vc_custom_1649146123520{margin-bottom: 40px !important;padding-right: 10% !important;padding-left: 10% !important;}&#8221;][\/vc_image_list_father][\/vc_column_inner][vc_column_inner width=&#8221;1\/4&#8243; offset=&#8221;vc_col-xs-6&#8243;][vc_image_list_father class=&#8221;imagelist&#8211;product&#8221;][vc_image_list_son image_id=&#8221;6166&#8243; image_width=&#8221;96px&#8221; title=&#8221;Control de la filtraci\u00f3&#8221; title_color=&#8221;#ffffff&#8221; css=&#8221;.vc_custom_1649146143669{margin-bottom: 40px !important;padding-right: 10% !important;padding-left: 10% !important;}&#8221;][\/vc_image_list_father][\/vc_column_inner][vc_column_inner width=&#8221;1\/4&#8243; offset=&#8221;vc_col-xs-6&#8243;][vc_image_list_father class=&#8221;imagelist&#8211;product&#8221;][vc_image_list_son image_id=&#8221;6170&#8243; image_width=&#8221;96px&#8221; title=&#8221;Control de la temperatura&#8221; title_color=&#8221;#ffffff&#8221; css=&#8221;.vc_custom_1649146150986{margin-bottom: 40px !important;}&#8221;][\/vc_image_list_father][\/vc_column_inner][vc_column_inner width=&#8221;1\/4&#8243; offset=&#8221;vc_col-xs-6&#8243;][vc_image_list_father class=&#8221;imagelist&#8211;product&#8221;][vc_image_list_son image_id=&#8221;6181&#8243; image_width=&#8221;96px&#8221; title=&#8221;Control de la il\u00b7luminaci\u00f3&#8221; title_color=&#8221;#ffffff&#8221; css=&#8221;.vc_custom_1649146241488{margin-bottom: 40px !important;}&#8221;][\/vc_image_list_father][\/vc_column_inner][\/vc_row_inner][\/vc_column][vc_column width=&#8221;1\/6&#8243;][\/vc_column][\/vc_row][vc_row full_width=&#8221;stretch_row_content_no_spaces&#8221; row_responsive=&#8221;d&#8211;none d&#8211;sm-flex&#8221; css=&#8221;.vc_custom_1579165256963{padding-top: 5% !important;padding-bottom: 5% !important;background-color: #002642 !important;}&#8221; el_id=&#8221;contentmobile&#8221;][vc_column offset=&#8221;vc_hidden-lg&#8221;][vc_row_inner equal_height=&#8221;yes&#8221; row_content_width=&#8221;container&#8221;][vc_column_inner width=&#8221;1\/4&#8243; offset=&#8221;vc_col-xs-6&#8243;][vc_image_list_father class=&#8221;imagelist&#8211;product&#8221;][vc_image_list_son image_id=&#8221;6162&#8243; image_width=&#8221;63px&#8221; title=&#8221;Connectat&#8221; title_color=&#8221;#ffffff&#8221; css=&#8221;.vc_custom_1649146256695{margin-bottom: 40px !important;padding-right: 10% !important;padding-left: 10% !important;}&#8221;][\/vc_image_list_father][\/vc_column_inner][vc_column_inner width=&#8221;1\/4&#8243; offset=&#8221;vc_col-xs-6&#8243;][vc_image_list_father class=&#8221;imagelist&#8211;product&#8221;][vc_image_list_son image_id=&#8221;6166&#8243; image_width=&#8221;63px&#8221; title=&#8221;Control de la filtraci\u00f3&#8221; title_color=&#8221;#ffffff&#8221; css=&#8221;.vc_custom_1649146271295{margin-bottom: 40px !important;padding-right: 10% !important;padding-left: 10% !important;}&#8221;][\/vc_image_list_father][\/vc_column_inner][vc_column_inner width=&#8221;1\/4&#8243; offset=&#8221;vc_col-xs-6&#8243;][vc_image_list_father class=&#8221;imagelist&#8211;product&#8221;][vc_image_list_son image_id=&#8221;6170&#8243; image_width=&#8221;63px&#8221; title=&#8221;Control de la temperatura&#8221; title_color=&#8221;#ffffff&#8221; css=&#8221;.vc_custom_1649146286025{margin-bottom: 40px !important;}&#8221;][\/vc_image_list_father][\/vc_column_inner][vc_column_inner width=&#8221;1\/4&#8243; offset=&#8221;vc_col-xs-6&#8243;][vc_image_list_father class=&#8221;imagelist&#8211;product&#8221;][vc_image_list_son image_id=&#8221;6181&#8243; image_width=&#8221;63px&#8221; title=&#8221;Control de la il\u00b7luminaci\u00f3&#8221; title_color=&#8221;#ffffff&#8221; css=&#8221;.vc_custom_1649146299517{margin-bottom: 40px !important;}&#8221;][\/vc_image_list_father][\/vc_column_inner][\/vc_row_inner][\/vc_column][\/vc_row][vc_row full_width=&#8221;stretch_row_content_no_spaces&#8221;][vc_column css=&#8221;.vc_custom_1566807329560{padding-top: 0px !important;}&#8221;][vc_row_inner equal_height=&#8221;yes&#8221; content_placement=&#8221;middle&#8221; css=&#8221;.vc_custom_1566980971573{padding-right: 0px !important;padding-left: 0px !important;}&#8221;][vc_column_inner width=&#8221;1\/2&#8243; css=&#8221;.vc_custom_1566982430894{padding-top: 10% !important;padding-right: 10% !important;padding-bottom: 10% !important;padding-left: 10% !important;background-color: #a1e4f2 !important;}&#8221;][vc_custom_heading text=&#8221;Ets un particular?&#8221; use_theme_fonts=&#8221;yes&#8221; css=&#8221;.vc_custom_1649146319631{margin-bottom: 30px !important;}&#8221;][vc_custom_heading text=&#8221;Deixa les teves dades de contacte i ens posarem en contacte amb tu per donar-te informaci\u00f3 sense cap comprom\u00eds sobre l&#8217;equip de cloraci\u00f3 salina que s&#8217;adapta m\u00e9s a les teves necessitats.&#8221; font_container=&#8221;tag:p|text_align:left&#8221; use_theme_fonts=&#8221;yes&#8221; css=&#8221;.vc_custom_1649146417070{margin-bottom: 50px !important;}&#8221;]<div role=\"form\" class=\"wpcf7\" id=\"wpcf7-f24070-o1\" dir=\"ltr\">\n<div class=\"screen-reader-response\" aria-live=\"polite\"><\/div>\n<form action=\"\/ca\/wp-json\/wp\/v2\/pages\/6218#wpcf7-f24070-o1\" method=\"post\" class=\"wpcf7-form\" novalidate=\"novalidate\">\n<div style=\"display: none;\">\n<input type=\"hidden\" name=\"_wpcf7\" value=\"24070\" \/>\n<input type=\"hidden\" name=\"_wpcf7_version\" value=\"5.1.8\" \/>\n<input type=\"hidden\" name=\"_wpcf7_locale\" value=\"\" \/>\n<input type=\"hidden\" name=\"_wpcf7_unit_tag\" value=\"wpcf7-f24070-o1\" \/>\n<input type=\"hidden\" name=\"_wpcf7_container_post\" value=\"0\" \/>\n<\/div>\n<div class=\"form-product form-product--particular\">\n  <span class=\"wpcf7-form-control-wrap your-name\"><input type=\"text\" name=\"your-name\" value=\"\" size=\"40\" class=\"wpcf7-form-control wpcf7-text wpcf7-validates-as-required\" aria-required=\"true\" aria-invalid=\"false\" placeholder=\"*Nom i cognoms\" \/><\/span><br \/>\n  <span class=\"wpcf7-form-control-wrap your-email\"><input type=\"email\" name=\"your-email\" value=\"\" size=\"40\" class=\"wpcf7-form-control wpcf7-text wpcf7-email wpcf7-validates-as-required wpcf7-validates-as-email\" aria-required=\"true\" aria-invalid=\"false\" placeholder=\"*Correu electr\u00f2nic\" \/><\/span><br \/>\n  <span class=\"wpcf7-form-control-wrap your-phone\"><input type=\"text\" name=\"your-phone\" value=\"\" size=\"40\" class=\"wpcf7-form-control wpcf7-text\" aria-invalid=\"false\" placeholder=\"Tel\u00e8fon\" \/><\/span><\/p>\n<div class=\"text--right\">\n<span id=\"wpcf7-69dd448867a5f-wrapper\" class=\"wpcf7-form-control-wrap info-wrap\" style=\"display:none !important; visibility:hidden !important;\"><label for=\"wpcf7-69dd448867a5f-field\" class=\"hp-message\">Deixeu aquest camp buit.<\/label><input id=\"wpcf7-69dd448867a5f-field\"  class=\"wpcf7-form-control wpcf7-text\" type=\"text\" name=\"info\" value=\"\" size=\"40\" tabindex=\"-1\" autocomplete=\"new-password\" \/><\/span><br \/>\n<label><span class=\"wpcf7-form-control-wrap politica-privacidad\"><span class=\"wpcf7-form-control wpcf7-checkbox wpcf7-validates-as-required\"><span class=\"wpcf7-list-item first last\"><input type=\"checkbox\" name=\"politica-privacidad[]\" value=\"\" \/><span class=\"wpcf7-list-item-label\"><\/span><\/span><\/span><\/span><span class=\"checkbox-text\">He llegit i accepto la <a href=\"https:\/\/www.bspool.eu\/ca\/politica-privacitat\/\" target=\"!blank\">Pol\u00edtica de Privadesa<\/a>.<\/span><\/label><\/p>\n<p><label><span class=\"wpcf7-form-control-wrap informacion-comercial\"><span class=\"wpcf7-form-control wpcf7-checkbox\"><span class=\"wpcf7-list-item first last\"><input type=\"checkbox\" name=\"informacion-comercial[]\" value=\"\" \/><span class=\"wpcf7-list-item-label\"><\/span><\/span><\/span><\/span><span class=\"checkbox-text\">Accepto rebre la informaci\u00f3 comercial que BSV ELECTRONIC SL consideri oport\u00fa enviar-me per correu electr\u00f2nic. \u00c9s possible donar-se de baixa en qualsevol moment.<\/span><\/label><br \/>\n    <input type=\"submit\" value=\"Enviar\" class=\"wpcf7-form-control wpcf7-submit\" \/>\n  <\/div>\n<\/div>\n<div class=\"wpcf7-response-output wpcf7-display-none\" aria-hidden=\"true\"><\/div><\/form><\/div>[\/vc_column_inner][vc_column_inner width=&#8221;1\/2&#8243; css=&#8221;.vc_custom_1566982437884{padding-top: 10% !important;padding-right: 10% !important;padding-bottom: 10% !important;padding-left: 10% !important;background-color: #002642 !important;}&#8221;][vc_custom_heading text=&#8221;Ets un distribu\u00efdor?&#8221; font_container=&#8221;tag:h2|text_align:left|color:%23a1e4f2&#8243; use_theme_fonts=&#8221;yes&#8221; css=&#8221;.vc_custom_1649146479397{margin-bottom: 30px !important;}&#8221;][vc_custom_heading text=&#8221;Omple el formulari amb les dades de la teva empresa per rebre informaci\u00f3 sobre les solucions de cloraci\u00f3 salina que podr\u00e0s oferir als teus clients.&#8221; font_container=&#8221;tag:p|text_align:left|color:%23a1e4f2&#8243; use_theme_fonts=&#8221;yes&#8221; css=&#8221;.vc_custom_1649146514334{margin-bottom: 50px !important;}&#8221;]<div role=\"form\" class=\"wpcf7\" id=\"wpcf7-f24069-o2\" dir=\"ltr\">\n<div class=\"screen-reader-response\" aria-live=\"polite\"><\/div>\n<form action=\"\/ca\/wp-json\/wp\/v2\/pages\/6218#wpcf7-f24069-o2\" method=\"post\" class=\"wpcf7-form\" novalidate=\"novalidate\">\n<div style=\"display: none;\">\n<input type=\"hidden\" name=\"_wpcf7\" value=\"24069\" \/>\n<input type=\"hidden\" name=\"_wpcf7_version\" value=\"5.1.8\" \/>\n<input type=\"hidden\" name=\"_wpcf7_locale\" value=\"\" \/>\n<input type=\"hidden\" name=\"_wpcf7_unit_tag\" value=\"wpcf7-f24069-o2\" \/>\n<input type=\"hidden\" name=\"_wpcf7_container_post\" value=\"0\" \/>\n<\/div>\n<div class=\"form-product form-product--distribuidor\">\n  <span class=\"wpcf7-form-control-wrap your-name\"><input type=\"text\" name=\"your-name\" value=\"\" size=\"40\" class=\"wpcf7-form-control wpcf7-text wpcf7-validates-as-required\" aria-required=\"true\" aria-invalid=\"false\" placeholder=\"*Nom empresa\" \/><\/span><br \/>\n  <span class=\"wpcf7-form-control-wrap your-email\"><input type=\"email\" name=\"your-email\" value=\"\" size=\"40\" class=\"wpcf7-form-control wpcf7-text wpcf7-email wpcf7-validates-as-required wpcf7-validates-as-email\" aria-required=\"true\" aria-invalid=\"false\" placeholder=\"*Correu electr\u00f2nic\" \/><\/span><br \/>\n  <span class=\"wpcf7-form-control-wrap your-phone\"><input type=\"text\" name=\"your-phone\" value=\"\" size=\"40\" class=\"wpcf7-form-control wpcf7-text\" aria-invalid=\"false\" placeholder=\"Tel\u00e8fon\" \/><\/span><\/p>\n<div class=\"text--right\">\n<span id=\"wpcf7-69dd448868356-wrapper\" class=\"wpcf7-form-control-wrap info-wrap\" style=\"display:none !important; visibility:hidden !important;\"><label for=\"wpcf7-69dd448868356-field\" class=\"hp-message\">Deixeu aquest camp buit.<\/label><input id=\"wpcf7-69dd448868356-field\"  class=\"wpcf7-form-control wpcf7-text\" type=\"text\" name=\"info\" value=\"\" size=\"40\" tabindex=\"-1\" autocomplete=\"new-password\" \/><\/span><br \/>\n<label><span class=\"wpcf7-form-control-wrap politica-privacidad\"><span class=\"wpcf7-form-control wpcf7-checkbox wpcf7-validates-as-required\"><span class=\"wpcf7-list-item first last\"><input type=\"checkbox\" name=\"politica-privacidad[]\" value=\"\" \/><span class=\"wpcf7-list-item-label\"><\/span><\/span><\/span><\/span><span class=\"checkbox-text\">He llegit i accepto la <a href=\"https:\/\/www.bspool.eu\/ca\/politica-privacitat\/\" target=\"!blank\">Pol\u00edtica de Privadesa<\/a>.<\/span><\/label><\/p>\n<p><label><span class=\"wpcf7-form-control-wrap informacion-comercial\"><span class=\"wpcf7-form-control wpcf7-checkbox\"><span class=\"wpcf7-list-item first last\"><input type=\"checkbox\" name=\"informacion-comercial[]\" value=\"\" \/><span class=\"wpcf7-list-item-label\"><\/span><\/span><\/span><\/span><span class=\"checkbox-text\">Accepto rebre la informaci\u00f3 comercial que BSV ELECTRONIC SL consideri oport\u00fa enviar-me per correu electr\u00f2nic. \u00c9s possible donar-se de baixa en qualsevol moment.<\/span><\/label><br \/>\n<input type=\"submit\" value=\"Enviar\" class=\"wpcf7-form-control wpcf7-submit\" \/><\/p><\/div>\n<\/div>\n<div class=\"wpcf7-response-output wpcf7-display-none\" aria-hidden=\"true\"><\/div><\/form><\/div>[\/vc_column_inner][\/vc_row_inner][\/vc_column][\/vc_row]<\/p>\n","protected":false},"excerpt":{"rendered":"<p>[vc_row row_responsive=&#8221;d&#8211;none d&#8211;md-flex&#8221;][vc_column][vc_row_inner equal_height=&#8221;yes&#8221; content_placement=&#8221;middle&#8221; row_content_width=&#8221;container&#8221;][vc_column_inner width=&#8221;7\/12&#8243;][vc_custom_heading text=&#8221;Domopool&#8221; font_container=&#8221;tag:h1|text_align:left&#8221; use_theme_fonts=&#8221;yes&#8221; css=&#8221;.vc_custom_1648202285262{margin-bottom: 20px !important;}&#8221;][vc_column_text css=&#8221;.vc_custom_1733920031390{margin-bottom: 30px !important;}&#8221;]L\u2019equip que permet tenir un control total i avan\u00e7at de la piscina. Domopool \u00e9s l\u2019eina perfecta que permet comunicar-se i tenir el control total i avan\u00e7at de la piscina. El seu sistema modular permet una f\u00e0cil adaptaci\u00f3 a les necessitats [&hellip;]<\/p>\n","protected":false},"author":1,"featured_media":0,"parent":6207,"menu_order":0,"comment_status":"closed","ping_status":"closed","template":"","meta":[],"_links":{"self":[{"href":"https:\/\/www.bspool.eu\/ca\/wp-json\/wp\/v2\/pages\/6218"}],"collection":[{"href":"https:\/\/www.bspool.eu\/ca\/wp-json\/wp\/v2\/pages"}],"about":[{"href":"https:\/\/www.bspool.eu\/ca\/wp-json\/wp\/v2\/types\/page"}],"author":[{"embeddable":true,"href":"https:\/\/www.bspool.eu\/ca\/wp-json\/wp\/v2\/users\/1"}],"replies":[{"embeddable":true,"href":"https:\/\/www.bspool.eu\/ca\/wp-json\/wp\/v2\/comments?post=6218"}],"version-history":[{"count":3,"href":"https:\/\/www.bspool.eu\/ca\/wp-json\/wp\/v2\/pages\/6218\/revisions"}],"predecessor-version":[{"id":20095,"href":"https:\/\/www.bspool.eu\/ca\/wp-json\/wp\/v2\/pages\/6218\/revisions\/20095"}],"up":[{"embeddable":true,"href":"https:\/\/www.bspool.eu\/ca\/wp-json\/wp\/v2\/pages\/6207"}],"wp:attachment":[{"href":"https:\/\/www.bspool.eu\/ca\/wp-json\/wp\/v2\/media?parent=6218"}],"curies":[{"name":"wp","href":"https:\/\/api.w.org\/{rel}","templated":true}]}}