{"id":12940,"date":"2022-03-21T16:02:32","date_gmt":"2022-03-21T15:02:32","guid":{"rendered":"https:\/\/www.bspool.eu\/domotica\/"},"modified":"2023-12-27T13:23:56","modified_gmt":"2023-12-27T12:23:56","slug":"automatisation-de-la-maison","status":"publish","type":"page","link":"https:\/\/www.bspool.eu\/fr\/automatisation-de-la-maison\/","title":{"rendered":"Automatisation de la Maison"},"content":{"rendered":"<p>[vc_row full_width=&#8221;stretch_row_content_no_spaces&#8221; full_height=&#8221;yes&#8221; css=&#8221;.vc_custom_1647867216927{background-image: url(https:\/\/www.bspool.eu\/wp-content\/uploads\/2022\/03\/001_BSV_WEB_SliderDomotica_1920x1080_B.jpg?id=6059) !important;background-position: center !important;background-repeat: no-repeat !important;background-size: cover !important;}&#8221; el_class=&#8221;banner&#8221;][vc_column][vc_row_inner row_content_width=&#8221;container&#8221;][vc_column_inner][vc_custom_heading text=&#8221;Gestionez votre piscine o\u00f9 que vous soyez&#8221; font_container=&#8221;tag:h1|text_align:center|color:%23ffffff&#8221; use_theme_fonts=&#8221;yes&#8221; css=&#8221;.vc_custom_1703675583444{margin-bottom: 20px !important;}&#8221;][vc_column_text el_class=&#8221;text&#8211;white&#8221;]<\/p>\n<p style=\"text-align: center;\">Outils en ligne pour la communication avec votre piscine<\/p>\n<p>[\/vc_column_text][vc_single_image image=&#8221;306&#8243; img_size=&#8221;full&#8221; alignment=&#8221;center&#8221; onclick=&#8221;custom_link&#8221; image_svg=&#8221;yes&#8221; image_content_width=&#8221;50px&#8221; link=&#8221;#content&#8221; el_class=&#8221;banner-icon-scroll&#8221;][\/vc_column_inner][\/vc_row_inner][\/vc_column][\/vc_row][vc_row el_id=&#8221;content&#8221;][vc_column css=&#8221;.vc_custom_1567759417076{padding-top: 0px !important;}&#8221;][\/vc_column][\/vc_row][vc_row full_width=&#8221;stretch_row_content_no_spaces&#8221; row_responsive=&#8221;d&#8211;none d&#8211;md-flex&#8221; css=&#8221;.vc_custom_1567759423298{margin-top: 50px !important;margin-bottom: 50px !important;}&#8221;][vc_column css=&#8221;.vc_custom_1566904211389{padding-top: 0px !important;}&#8221;][vc_row_inner equal_height=&#8221;yes&#8221; content_placement=&#8221;bottom&#8221;][vc_column_inner width=&#8221;1\/3&#8243;][vc_single_image image=&#8221;6067&#8243; img_size=&#8221;full&#8221; alignment=&#8221;center&#8221; css=&#8221;.vc_custom_1647871811384{margin-bottom: 0px !important;}&#8221;][\/vc_column_inner][vc_column_inner width=&#8221;2\/3&#8243; css=&#8221;.vc_custom_1566892896509{padding-right: 15% !important;padding-left: 5% !important;}&#8221;][vc_column_text css=&#8221;.vc_custom_1703675636626{margin-bottom: 0px !important;}&#8221;]Sp\u00e9cialistes de la domotique, nous proposons une s\u00e9rie d&#8217;\u00e9quipements et d&#8217;outils sp\u00e9cialement con\u00e7us pour contr\u00f4ler et communiquer avec votre piscine depuis le creux de votre main.<\/p>\n<p>Nous contr\u00f4lons des param\u00e8tres tels que les pompes de filtration, la temp\u00e9rature de l&#8217;eau, etc.[\/vc_column_text][\/vc_column_inner][\/vc_row_inner][\/vc_column][\/vc_row][vc_row full_width=&#8221;stretch_row_content_no_spaces&#8221; row_responsive=&#8221;d&#8211;none d&#8211;sm-flex&#8221; css=&#8221;.vc_custom_1567759463386{margin-top: 15px !important;margin-bottom: 30px !important;}&#8221;][vc_column css=&#8221;.vc_custom_1567759430612{padding-top: 0px !important;}&#8221; offset=&#8221;vc_hidden-lg&#8221;][vc_row_inner css=&#8221;.vc_custom_1567759482275{margin-bottom: 40px !important;}&#8221;][vc_column_inner][vc_single_image image=&#8221;6067&#8243; img_size=&#8221;full&#8221; alignment=&#8221;center&#8221; css=&#8221;.vc_custom_1647871962669{margin-bottom: 0px !important;}&#8221;][\/vc_column_inner][\/vc_row_inner][vc_row_inner row_content_width=&#8221;container&#8221;][vc_column_inner css=&#8221;.vc_custom_1566892896509{padding-right: 15% !important;padding-left: 5% !important;}&#8221;][vc_column_text css=&#8221;.vc_custom_1703675649489{margin-bottom: 0px !important;}&#8221;]Sp\u00e9cialistes de la domotique, nous proposons une s\u00e9rie d&#8217;\u00e9quipements et d&#8217;outils sp\u00e9cialement con\u00e7us pour contr\u00f4ler et communiquer avec votre piscine depuis le creux de votre main.<\/p>\n<p>Nous contr\u00f4lons des param\u00e8tres tels que les pompes de filtration, la temp\u00e9rature de l&#8217;eau, etc.[\/vc_column_text][\/vc_column_inner][\/vc_row_inner][\/vc_column][\/vc_row][vc_row full_width=&#8221;stretch_row_content_no_spaces&#8221; css=&#8221;.vc_custom_1567759494987{padding-top: 5% !important;padding-bottom: 5% !important;background-color: #a1e4f2 !important;}&#8221;][vc_column][vc_row_inner row_content_width=&#8221;container&#8221;][vc_column_inner][vc_custom_heading text=&#8221;\u00c9QUIPEMENTS ET OUTILS DE DOMOTIQUE&#8221; font_container=&#8221;tag:h2|text_align:center|color:%23ffffff&#8221; use_theme_fonts=&#8221;yes&#8221; font_weight=&#8221;font-weight: 700;&#8221; css=&#8221;.vc_custom_1703675718386{margin-bottom: 40px !important;}&#8221;][\/vc_column_inner][\/vc_row_inner]<div id=\"ult-carousel-55752471569e4a032e703b\" class=\"ult-carousel-wrapper  container ult_horizontal\" data-gutter=\"30\" data-rtl=\"false\" ><div class=\"ult-carousel-8818366169e4a032e6e94 \" >[vc_row_inner css=&#8221;.vc_custom_1567760069323{padding-right: 5% !important;padding-left: 5% !important;}&#8221;][vc_column_inner][vc_single_image image=&#8221;6078&#8243; img_size=&#8221;full&#8221; alignment=&#8221;center&#8221; css=&#8221;.vc_custom_1647874305876{margin-bottom: 20px !important;}&#8221;][vc_custom_heading text=&#8221;EYPOOLS&#8221; font_container=&#8221;tag:h3|text_align:center|color:%23ffffff&#8221; use_theme_fonts=&#8221;yes&#8221; css=&#8221;.vc_custom_1647874340027{margin-bottom: 20px !important;}&#8221;][vc_btn title=&#8221;Voir le produit&#8221; style=&#8221;custom&#8221; custom_background=&#8221;#002642&#8243; custom_text=&#8221;#a1e4f2&#8243; align=&#8221;center&#8221; el_class=&#8221;btn-custom&#8221; css=&#8221;.vc_custom_1703676837864{margin-bottom: 0px !important;}&#8221; link=&#8221;url:https%3A%2F%2Fwww.bspool.eu%2Ffr%2Fdomotica%2Feypools%2F|title:Eypools||&#8221;][\/vc_column_inner][\/vc_row_inner][vc_row_inner css=&#8221;.vc_custom_1567760077810{padding-right: 5% !important;padding-left: 5% !important;}&#8221;][vc_column_inner][vc_single_image image=&#8221;6083&#8243; img_size=&#8221;full&#8221; alignment=&#8221;center&#8221; css=&#8221;.vc_custom_1647874398600{margin-bottom: 20px !important;}&#8221;][vc_custom_heading text=&#8221;DOMOPOOL&#8221; font_container=&#8221;tag:h3|text_align:center|color:%23ffffff&#8221; use_theme_fonts=&#8221;yes&#8221; css=&#8221;.vc_custom_1647874407609{margin-bottom: 20px !important;}&#8221;][vc_btn title=&#8221;Voir le produit&#8221; style=&#8221;custom&#8221; custom_background=&#8221;#002642&#8243; custom_text=&#8221;#a1e4f2&#8243; align=&#8221;center&#8221; el_class=&#8221;btn-custom&#8221; css=&#8221;.vc_custom_1703676853282{margin-bottom: 0px !important;}&#8221; link=&#8221;url:https%3A%2F%2Fwww.bspool.eu%2Ffr%2Fdomotica%2Fdomopool%2F|title:Domopool||&#8221;][\/vc_column_inner][\/vc_row_inner]<\/div><\/div>\t\t\t<script type=\"text\/javascript\">\r\n\t\t\t\tjQuery(document).ready(function ($) {\r\n\t\t\t\t\tif( typeof jQuery('.ult-carousel-8818366169e4a032e6e94').slick == \"function\"){\r\n\t\t\t\t\t\t$('.ult-carousel-8818366169e4a032e6e94').slick({dots: false,autoplaySpeed: 5000,speed: 300,infinite: true,arrows: true,nextArrow: '<button type=\"button\" role=\"button\" aria-label=\"Next\" style=\"color:#002642; font-size:36px;\" class=\"slick-next default\"><i class=\"ultsl-arrow-right6\"><\/i><\/button>',prevArrow: '<button type=\"button\" role=\"button\" aria-label=\"Previous\" style=\"color:#002642; font-size:36px;\" class=\"slick-prev default\"><i class=\"ultsl-arrow-left6\"><\/i><\/button>',slidesToScroll:2,slidesToShow:2,swipe: true,draggable: true,touchMove: true,pauseOnHover: true,pauseOnFocus: false,responsive: [\r\n\t\t\t\t\t\t\t{\r\n\t\t\t\t\t\t\t  breakpoint: 1026,\r\n\t\t\t\t\t\t\t  settings: {\r\n\t\t\t\t\t\t\t\tslidesToShow: 2,\r\n\t\t\t\t\t\t\t\tslidesToScroll: 2,  \r\n\t\t\t\t\t\t\t  }\r\n\t\t\t\t\t\t\t},\r\n\t\t\t\t\t\t\t{\r\n\t\t\t\t\t\t\t  breakpoint: 1025,\r\n\t\t\t\t\t\t\t  settings: {\r\n\t\t\t\t\t\t\t\tslidesToShow: 2,\r\n\t\t\t\t\t\t\t\tslidesToScroll: 2\r\n\t\t\t\t\t\t\t  }\r\n\t\t\t\t\t\t\t},\r\n\t\t\t\t\t\t\t{\r\n\t\t\t\t\t\t\t  breakpoint: 760,\r\n\t\t\t\t\t\t\t  settings: {\r\n\t\t\t\t\t\t\t\tslidesToShow: 1,\r\n\t\t\t\t\t\t\t\tslidesToScroll: 1\r\n\t\t\t\t\t\t\t  }\r\n\t\t\t\t\t\t\t}\r\n\t\t\t\t\t\t],pauseOnDotsHover: true,customPaging: function(slider, i) {\r\n                   return '<i type=\"button\" style= \"color:#333333;\" class=\"ultsl-record\" data-role=\"none\"><\/i>';\r\n                },});\r\n\t\t\t\t\t}\r\n\t\t\t\t});\r\n\t\t\t<\/script>\r\n\t\t\t[\/vc_column][\/vc_row][vc_row full_width=&#8221;stretch_row_content_no_spaces&#8221; disable_element=&#8221;yes&#8221; row_responsive=&#8221;d&#8211;none d&#8211;md-flex&#8221; css=&#8221;.vc_custom_1647874877471{padding-top: 10% !important;padding-bottom: 10% !important;background-image: url(https:\/\/www.bspool.eu\/wp-content\/uploads\/2019\/08\/banner-dosificacion-2.jpg?id=604) !important;background-position: center !important;background-repeat: no-repeat !important;background-size: cover !important;}&#8221;][vc_column][vc_row_inner row_content_width=&#8221;container&#8221;][vc_column_inner width=&#8221;1\/2&#8243;][vc_custom_heading text=&#8221;PI\u00c8CES D\u00c9TACH\u00c9ES DES PRODUITS&#8221; font_container=&#8221;tag:h2|text_align:left|color:%23ffffff&#8221; use_theme_fonts=&#8221;yes&#8221; css=&#8221;.vc_custom_1703675763651{margin-bottom: 30px !important;}&#8221;][vc_image_list_father col=&#8221;imagelist&#8211;column&#8221;][vc_image_list_son image_id=&#8221;595&#8243; image_width=&#8221;22px&#8221; image_align=&#8221;imagelist-figure&#8211;order&#8221; title=&#8221;EVO-ph-P \/ EVO RX-P&#8221; title_color=&#8221;#a1e4f2&#8243; title_width=&#8221;40%&#8221; link=&#8221;url:https%3A%2F%2Fwww.bspool.eu%2Fwp-content%2Fuploads%2F2020%2F07%2FNova_fitxa_EVO-pH-P_EVO-RX-P.pdf||target:%20_blank|&#8221;][\/vc_image_list_father][\/vc_column_inner][vc_column_inner width=&#8221;1\/2&#8243;][\/vc_column_inner][\/vc_row_inner][\/vc_column][\/vc_row][vc_row full_width=&#8221;stretch_row_content_no_spaces&#8221; disable_element=&#8221;yes&#8221; row_responsive=&#8221;d&#8211;none d&#8211;sm-flex&#8221; css=&#8221;.vc_custom_1647874890132{padding-top: 10% !important;padding-bottom: 10% !important;background-image: url(https:\/\/www.bspool.eu\/wp-content\/uploads\/2019\/08\/banner-dosificacion-2.jpg?id=604) !important;background-position: center !important;background-repeat: no-repeat !important;background-size: cover !important;}&#8221;][vc_column offset=&#8221;vc_hidden-lg&#8221; css=&#8221;.vc_custom_1567759939610{padding-top: 0px !important;}&#8221;][vc_row_inner row_content_width=&#8221;container&#8221; css=&#8221;.vc_custom_1567759910971{padding-right: 20px !important;padding-left: 20px !important;}&#8221;][vc_column_inner css=&#8221;.vc_custom_1567759844150{padding-top: 0px !important;}&#8221;][vc_custom_heading text=&#8221;PI\u00c8CES D\u00c9TACH\u00c9ES DES PRODUITS&#8221; font_container=&#8221;tag:h2|text_align:left|color:%23ffffff&#8221; use_theme_fonts=&#8221;yes&#8221; css=&#8221;.vc_custom_1703675795823{margin-bottom: 30px !important;}&#8221;][vc_image_list_father col=&#8221;imagelist&#8211;column&#8221;][vc_image_list_son image_id=&#8221;595&#8243; image_width=&#8221;22px&#8221; image_align=&#8221;imagelist-figure&#8211;order&#8221; title=&#8221;EVO-ph-P \/ EVO RX-P&#8221; title_color=&#8221;#a1e4f2&#8243; title_width=&#8221;40%&#8221; link=&#8221;url:https%3A%2F%2Fwww.bspool.eu%2Fwp-content%2Fuploads%2F2020%2F07%2FNova_fitxa_EVO-pH-P_EVO-RX-P.pdf||target:%20_blank|&#8221;][\/vc_image_list_father][\/vc_column_inner][\/vc_row_inner][\/vc_column][\/vc_row][vc_row full_width=&#8221;stretch_row_content_no_spaces&#8221; disable_element=&#8221;yes&#8221; row_responsive=&#8221;d&#8211;none d&#8211;md-flex&#8221;][vc_column css=&#8221;.vc_custom_1566807329560{padding-top: 0px !important;}&#8221;][vc_row_inner equal_height=&#8221;yes&#8221; content_placement=&#8221;middle&#8221; css=&#8221;.vc_custom_1566901826847{padding-right: 0px !important;padding-left: 0px !important;background-color: #a1e4f2 !important;}&#8221;][vc_column_inner width=&#8221;1\/2&#8243; css=&#8221;.vc_custom_1566822676441{padding-right: 10% !important;padding-left: 25% !important;}&#8221;][vc_single_image image=&#8221;609&#8243; img_size=&#8221;full&#8221; image_svg=&#8221;yes&#8221; image_content_width=&#8221;110px&#8221;][vc_custom_heading text=&#8221;D\u00e9couvrez notre catalogue d&#8217;\u00e9quipements pour la dosification de produits chimiques.&#8221; font_container=&#8221;tag:h2|text_align:left|color:%23ffffff&#8221; use_theme_fonts=&#8221;yes&#8221; css=&#8221;.vc_custom_1703675826911{margin-bottom: 30px !important;}&#8221;][vc_image_list_father col=&#8221;imagelist&#8211;column&#8221;][vc_image_list_son image_id=&#8221;613&#8243; image_width=&#8221;22px&#8221; image_align=&#8221;imagelist-figure&#8211;order&#8221; title=&#8221;Voir le catalogue&#8221; title_width=&#8221;160px&#8221; link=&#8221;url:https%3A%2F%2Fwww.bspool.eu%2Fwp-content%2Fuploads%2F2020%2F01%2Fcatalogo_dosificacion.pdf||target:%20_blank|&#8221;][\/vc_image_list_father][\/vc_column_inner][vc_column_inner width=&#8221;1\/2&#8243; css=&#8221;.vc_custom_1566822645184{padding-top: 0px !important;}&#8221;][vc_single_image image=&#8221;618&#8243; img_size=&#8221;full&#8221; css=&#8221;.vc_custom_1566901796614{margin-bottom: 0px !important;}&#8221;][\/vc_column_inner][\/vc_row_inner][\/vc_column][\/vc_row][vc_row full_width=&#8221;stretch_row_content_no_spaces&#8221; disable_element=&#8221;yes&#8221; row_responsive=&#8221;d&#8211;none d&#8211;sm-flex&#8221; css=&#8221;.vc_custom_1647874911017{background-color: #a1e4f2 !important;}&#8221;][vc_column css=&#8221;.vc_custom_1567759591079{padding-top: 0px !important;}&#8221; offset=&#8221;vc_hidden-lg&#8221;][vc_row_inner equal_height=&#8221;yes&#8221; content_placement=&#8221;middle&#8221; css=&#8221;.vc_custom_1567759658960{padding-right: 0px !important;padding-left: 0px !important;}&#8221;][vc_column_inner css=&#8221;.vc_custom_1567759835043{padding-top: 0px !important;}&#8221;][vc_single_image image=&#8221;618&#8243; img_size=&#8221;full&#8221; css=&#8221;.vc_custom_1566901796614{margin-bottom: 0px !important;}&#8221;][\/vc_column_inner][\/vc_row_inner][vc_row_inner row_content_width=&#8221;container&#8221; css=&#8221;.vc_custom_1567759858505{margin-top: 40px !important;margin-bottom: 40px !important;padding-right: 20px !important;padding-left: 20px !important;}&#8221;][vc_column_inner css=&#8221;.vc_custom_1567759850213{padding-top: 0px !important;}&#8221;][vc_single_image image=&#8221;609&#8243; img_size=&#8221;full&#8221; image_svg=&#8221;yes&#8221; image_content_width=&#8221;51px&#8221;][vc_custom_heading text=&#8221;D\u00e9couvrez notre catalogue d&#8217;\u00e9quipements pour la dosification de produits chimiques.&#8221; font_container=&#8221;tag:h2|text_align:left|color:%23ffffff&#8221; use_theme_fonts=&#8221;yes&#8221; css=&#8221;.vc_custom_1703675899561{margin-bottom: 30px !important;}&#8221;][vc_image_list_father col=&#8221;imagelist&#8211;column&#8221;][vc_image_list_son image_id=&#8221;613&#8243; image_width=&#8221;22px&#8221; image_align=&#8221;imagelist-figure&#8211;order&#8221; title=&#8221;Voir le catalogue&#8221; title_width=&#8221;160px&#8221; link=&#8221;url:https%3A%2F%2Fwww.bspool.eu%2Fwp-content%2Fuploads%2F2020%2F01%2Fcatalogo_dosificacion.pdf||target:%20_blank|&#8221;][\/vc_image_list_father][\/vc_column_inner][\/vc_row_inner][\/vc_column][\/vc_row][vc_row][vc_column]<div class=\"templatera_shortcode\"><div data-vc-full-width=\"true\" data-vc-full-width-init=\"false\" data-vc-stretch-content=\"true\" class=\"vc_row wpb_row vc_row-fluid contacto-mapa-template vc_row-no-padding\"><div class=\"wpb_column vc_column_container vc_col-sm-12\"><div class=\"vc_column-inner vc_custom_1565167632521\"><div class=\"wpb_wrapper\"><div class=\"vc_row wpb_row vc_inner vc_row-fluid vc_custom_1565164237623 vc_row-has-fill vc_row-o-equal-height vc_row-o-content-middle vc_row-flex\"><div class=\"contact-map wpb_column vc_column_container vc_col-sm-6\"><div class=\"vc_column-inner vc_custom_1581421773472\"><div class=\"wpb_wrapper\"><div class=\"wpb_gmaps_widget wpb_content_element vc_custom_1719308156521 google-mapa activado\"><div class=\"wpb_wrapper\"><div class=\"wpb_map_wraper\"><iframe src=\"https:\/\/www.google.com\/maps\/embed?pb=!1m18!1m12!1m3!1d2982.3386247056183!2d2.2865346154332413!3d41.62681147924295!2m3!1f0!2f0!3f0!3m2!1i1024!2i768!4f13.1!3m3!1m2!1s0x12a4c63a08376c23%3A0xef8b27b8ad12c9b7!2sBsv+Electronic%2C+S.L.!5e0!3m2!1ses!2ses!4v1565163041248!5m2!1ses!2ses\" width=\"600\" height=\"550\" frameborder=\"0\" style=\"border:0\" allowfullscreen><\/iframe><\/div><\/div><\/div><div class=\"wpb_gmaps_widget wpb_content_element vc_custom_1719308159914 google-mapa\"><div class=\"wpb_wrapper\"><div class=\"wpb_map_wraper\"><iframe src=\"https:\/\/www.google.com\/maps\/embed?pb=!1m18!1m12!1m3!1d6291.849934518321!2d-1.2040561235960165!3d37.9555379189078!2m3!1f0!2f0!3f0!3m2!1i1024!2i768!4f13.1!3m3!1m2!1s0xd637f29641f2baf%3A0xaab539087c29dfa8!2sPoligono%20Industrial%20Oeste!5e0!3m2!1ses!2ses!4v1581411757660!5m2!1ses!2ses\" width=\"600\" height=\"550\" frameborder=\"0\" style=\"border:0;\" allowfullscreen=\"\"><\/iframe><\/div><\/div><\/div><div class=\"wpb_gmaps_widget wpb_content_element vc_custom_1719308163562 google-mapa\"><div class=\"wpb_wrapper\"><div class=\"wpb_map_wraper\"><iframe src=\"https:\/\/www.google.com\/maps\/embed?pb=!1m18!1m12!1m3!1d3592.3741987918265!2d-80.14115088497843!3d25.791226183623376!2m3!1f0!2f0!3f0!3m2!1i1024!2i768!4f13.1!3m3!1m2!1s0x88d9b4865edb3d8f%3A0x2a1c9624aaff4ca5!2s1680%20Michigan%20Ave%20STE%20700D%2C%20Miami%20Beach%2C%20FL%2033139%2C%20EE.%20UU.!5e0!3m2!1ses!2ses!4v1585149850527!5m2!1ses!2ses\" width=\"600\" height=\"550\" frameborder=\"0\" style=\"border:0\" allowfullscreen><\/iframe><\/div><\/div><\/div><\/div><\/div><\/div><div class=\"wpb_column vc_column_container vc_col-sm-6\"><div class=\"vc_column-inner vc_custom_1565266424778\"><div class=\"wpb_wrapper\">\n\t\t<section  class=\"imagelist imagelist--contact\">\n\t\t    \n\t\t<div class=\"imagelist-item\">\n    \t\t\t        <figure class=\"imagelist-figure\" style=\"width:40px;\">\n          <img class=\"imagelist-img\" src=\"https:\/\/www.bspool.eu\/wp-content\/uploads\/2019\/08\/location.svg\" alt=\"Contact\">\n        <\/figure>\n\t\t\t\t\t\t        <span class=\"imagelist-title\" style=\"color:#ffffff;\">\n          Contact        <\/span>\n     \t        <\/div>\n\n    \n\t\t<\/section>\n\n\t\t\n\t<div class=\"wpb_text_column wpb_content_element  listas-home\" >\n\t\t<div class=\"wpb_wrapper\">\n\t\t\t<ul class=\"lista-delegaciones-contact\">\n<li style=\"font-weight: bold;\"><b><u>BSV Electronic Bureaux<\/u><\/b><\/li>\n<li><b><u>BSV Site de Production Murcia<\/u><\/b><\/li>\n<li><b><u>BSV D\u00e9l\u00e9gation Miami<\/u><\/b><\/li>\n<\/ul>\n\n\t\t<\/div>\n\t<\/div>\n\n\t<div class=\"wpb_text_column wpb_content_element  info-contacto info-contacto-home\" >\n\t\t<div class=\"wpb_wrapper\">\n\t\t\t<ul class=\"info-contact-desplegada activado\">\n<li>C\/ Ribera del Congost 40 A<\/li>\n<li>Poligon Industrial Sector V<\/li>\n<li>08520 Les Franqueses del Vall\u00e8s<\/li>\n<li>Barcelona (Espagne)<\/li>\n<li>GPS: N 41\u00ba 37\u2032 36\u201d \/ E 2\u00ba 17\u2032 17\u201d<\/li>\n<li>T\u00e9l. <a href=\"tel:+34938615115\">+34 93 861 51 15<\/a><\/li>\n<li>Fax +34 93 861 52 99<\/li>\n<li>bsv@bsvelectronic.com<\/li>\n<\/ul>\n<ul class=\"info-contact-desplegada\">\n<li>Pol\u00edgono Industrial Oeste Murcia<\/li>\n<li>Avenida de las Am\u00e9ricas 10\/2 M\u00f3dulo C<\/li>\n<li>30820 Alcantarilla<\/li>\n<li>Murcia (Espagne)<\/li>\n<\/ul>\n<ul class=\"info-contact-desplegada\">\n<li>1680 Michigan Ave STE 700D<\/li>\n<li>Miami Beach, FL 33139<\/li>\n<li>\u00c9tats-Unis<\/li>\n<\/ul>\n\n\t\t<\/div>\n\t<\/div>\n<\/div><\/div><\/div><\/div><\/div><\/div><\/div><\/div><div class=\"vc_row-full-width vc_clearfix\"><\/div>\r\n<\/div>[\/vc_column][\/vc_row]<\/p>\n","protected":false},"excerpt":{"rendered":"Contact BSV Electronic Bureaux BSV Site de Production Murcia BSV D\u00e9l\u00e9gation Miami C\/ Ribera del Congost 40 A Poligon Industrial Sector V 08520 Les Franqueses del Vall\u00e8s Barcelona (Espagne) GPS: N 41\u00ba 37\u2032 36\u201d \/ E 2\u00ba 17\u2032 17\u201d T\u00e9l. +34 93 861 51 15 Fax +34 93 861 52 99 bsv@bsvelectronic.com Pol\u00edgono Industrial Oeste [...]","protected":false},"author":1,"featured_media":0,"parent":0,"menu_order":0,"comment_status":"closed","ping_status":"closed","template":"","meta":[],"_links":{"self":[{"href":"https:\/\/www.bspool.eu\/fr\/wp-json\/wp\/v2\/pages\/12940"}],"collection":[{"href":"https:\/\/www.bspool.eu\/fr\/wp-json\/wp\/v2\/pages"}],"about":[{"href":"https:\/\/www.bspool.eu\/fr\/wp-json\/wp\/v2\/types\/page"}],"author":[{"embeddable":true,"href":"https:\/\/www.bspool.eu\/fr\/wp-json\/wp\/v2\/users\/1"}],"replies":[{"embeddable":true,"href":"https:\/\/www.bspool.eu\/fr\/wp-json\/wp\/v2\/comments?post=12940"}],"version-history":[{"count":6,"href":"https:\/\/www.bspool.eu\/fr\/wp-json\/wp\/v2\/pages\/12940\/revisions"}],"predecessor-version":[{"id":12953,"href":"https:\/\/www.bspool.eu\/fr\/wp-json\/wp\/v2\/pages\/12940\/revisions\/12953"}],"wp:attachment":[{"href":"https:\/\/www.bspool.eu\/fr\/wp-json\/wp\/v2\/media?parent=12940"}],"curies":[{"name":"wp","href":"https:\/\/api.w.org\/{rel}","templated":true}]}}