{"id":12945,"date":"2022-03-23T15:08:01","date_gmt":"2022-03-23T14:08:01","guid":{"rendered":"https:\/\/www.bspool.eu\/domotica\/eypools\/"},"modified":"2024-12-11T13:24:14","modified_gmt":"2024-12-11T12:24:14","slug":"eypools","status":"publish","type":"page","link":"https:\/\/www.bspool.eu\/fr\/automatisation-de-la-maison\/eypools\/","title":{"rendered":"Eypools"},"content":{"rendered":"<p>[vc_row row_responsive=&#8221;d&#8211;none d&#8211;md-flex&#8221;][vc_column][vc_row_inner equal_height=&#8221;yes&#8221; content_placement=&#8221;middle&#8221; row_content_width=&#8221;container&#8221;][vc_column_inner width=&#8221;7\/12&#8243;][vc_custom_heading text=&#8221;Eypools&#8221; font_container=&#8221;tag:h1|text_align:left&#8221; use_theme_fonts=&#8221;yes&#8221; css=&#8221;.vc_custom_1648044873931{margin-bottom: 20px !important;}&#8221;][vc_column_text css=&#8221;.vc_custom_1733919793309{margin-bottom: 30px !important;}&#8221;]L\u2019outil en ligne pour communiquer avec votre piscine.<\/p>\n<p>EyPools est la solution de connectivit\u00e9 de base pour les piscines, fruit de nombreuses ann\u00e9es d\u2019exp\u00e9rience de BSV sur le march\u00e9 mondial des piscines.<\/p>\n<p>Il dispose d\u2019une interface intuitive et facile \u00e0 utiliser, qui vous permettra de contr\u00f4ler les param\u00e8tres et commandes de la piscine depuis un appareil connect\u00e9 \u00e0 Internet.[\/vc_column_text][vc_btn title=&#8221;Voir fiche technique&#8221; style=&#8221;custom&#8221; custom_background=&#8221;#d5e7f8&#8243; custom_text=&#8221;#002642&#8243; el_class=&#8221;btn-product&#8221; css=&#8221;.vc_custom_1733919831039{margin-right: 10px !important;margin-bottom: 10px !important;}&#8221; link=&#8221;url:https%3A%2F%2Fwww.bspool.eu%2Fwp-content%2Fuploads%2F2024%2F12%2FFichaTecnica_Eypools.pdf||target:%20_blank|&#8221;][vc_btn title=&#8221;T\u00e9l\u00e9chargez Eypools pour Android&#8221; style=&#8221;custom&#8221; custom_background=&#8221;#002642&#8243; custom_text=&#8221;#a1e4f2&#8243; el_class=&#8221;btn-product&#8221; css=&#8221;.vc_custom_1703677815583{margin-right: 10px !important;margin-bottom: 10px !important;}&#8221; link=&#8221;url:https%3A%2F%2Fplay.google.com%2Fstore%2Fapps%2Fdetails%3Fid%3Dcom.phone.hello||target:%20_blank|&#8221;][vc_btn title=&#8221;T\u00e9l\u00e9chargez Eypools pour iOS&#8221; style=&#8221;custom&#8221; custom_background=&#8221;#a1e4f2&#8243; custom_text=&#8221;#002642&#8243; el_class=&#8221;btn-product&#8221; css=&#8221;.vc_custom_1703677832481{margin-right: 10px !important;margin-bottom: 10px !important;}&#8221; link=&#8221;url:https%3A%2F%2Fapps.apple.com%2Fus%2Fapp%2Feypools%2Fid1213348810||target:%20_blank|&#8221;][\/vc_column_inner][vc_column_inner width=&#8221;5\/12&#8243;][vc_single_image image=&#8221;6098&#8243; img_size=&#8221;full&#8221;][\/vc_column_inner][\/vc_row_inner][vc_row_inner row_content_width=&#8221;container&#8221;][vc_column_inner][vc_single_image image=&#8221;669&#8243; img_size=&#8221;full&#8221; alignment=&#8221;center&#8221; onclick=&#8221;custom_link&#8221; image_svg=&#8221;yes&#8221; image_content_width=&#8221;50px&#8221; css=&#8221;.vc_custom_1567698556794{margin-bottom: 40px !important;}&#8221; link=&#8221;#content&#8221;][\/vc_column_inner][\/vc_row_inner][\/vc_column][\/vc_row][vc_row row_responsive=&#8221;d&#8211;none d&#8211;sm-flex&#8221; css=&#8221;.vc_custom_1567761813455{margin-top: 50px !important;}&#8221;][vc_column offset=&#8221;vc_hidden-lg&#8221;][vc_row_inner equal_height=&#8221;yes&#8221; content_placement=&#8221;middle&#8221; row_content_width=&#8221;container&#8221;][vc_column_inner][vc_custom_heading text=&#8221;Eypools&#8221; font_container=&#8221;tag:h1|text_align:left&#8221; use_theme_fonts=&#8221;yes&#8221; css=&#8221;.vc_custom_1648123159486{margin-bottom: 20px !important;}&#8221;][vc_column_text css=&#8221;.vc_custom_1733919797581{margin-bottom: 30px !important;}&#8221;]L\u2019outil en ligne pour communiquer avec votre piscine.<\/p>\n<p>EyPools est la solution de connectivit\u00e9 de base pour les piscines, fruit de nombreuses ann\u00e9es d\u2019exp\u00e9rience de BSV sur le march\u00e9 mondial des piscines.<\/p>\n<p>Il dispose d\u2019une interface intuitive et facile \u00e0 utiliser, qui vous permettra de contr\u00f4ler les param\u00e8tres et commandes de la piscine depuis un appareil connect\u00e9 \u00e0 Internet.[\/vc_column_text][\/vc_column_inner][\/vc_row_inner][vc_row_inner equal_height=&#8221;yes&#8221; content_placement=&#8221;middle&#8221; row_content_width=&#8221;container&#8221;][vc_column_inner width=&#8221;1\/2&#8243; offset=&#8221;vc_col-xs-6&#8243; css=&#8221;.vc_custom_1567761726761{padding-right: 0px !important;}&#8221;][vc_btn title=&#8221;Voir fiche technique&#8221; style=&#8221;custom&#8221; custom_background=&#8221;#d5e7f8&#8243; custom_text=&#8221;#002642&#8243; align=&#8221;center&#8221; button_block=&#8221;true&#8221; el_class=&#8221;btn-product&#8221; css=&#8221;.vc_custom_1733919851481{margin-bottom: 10px !important;}&#8221; link=&#8221;url:https%3A%2F%2Fwww.bspool.eu%2Fwp-content%2Fuploads%2F2024%2F12%2FFichaTecnica_Eypools.pdf||target:%20_blank|&#8221;][vc_btn title=&#8221;T\u00e9l\u00e9chargez Eypools pour Android&#8221; style=&#8221;custom&#8221; custom_background=&#8221;#002642&#8243; custom_text=&#8221;#a1e4f2&#8243; align=&#8221;center&#8221; button_block=&#8221;true&#8221; el_class=&#8221;btn-product&#8221; css=&#8221;.vc_custom_1703677927478{margin-bottom: 10px !important;}&#8221; link=&#8221;url:https%3A%2F%2Fplay.google.com%2Fstore%2Fapps%2Fdetails%3Fid%3Dcom.phone.hello||target:%20_blank|&#8221;][vc_btn title=&#8221;T\u00e9l\u00e9chargez Eypools pour iOS&#8221; style=&#8221;custom&#8221; custom_background=&#8221;#a1e4f2&#8243; custom_text=&#8221;#002642&#8243; align=&#8221;center&#8221; button_block=&#8221;true&#8221; el_class=&#8221;btn-product&#8221; css=&#8221;.vc_custom_1703677913797{margin-bottom: 10px !important;}&#8221; link=&#8221;url:https%3A%2F%2Fapps.apple.com%2Fus%2Fapp%2Feypools%2Fid1213348810||target:%20_blank|&#8221;][\/vc_column_inner][vc_column_inner width=&#8221;1\/2&#8243; offset=&#8221;vc_col-xs-6&#8243; css=&#8221;.vc_custom_1567761731749{padding-right: 0px !important;}&#8221;][vc_single_image image=&#8221;6098&#8243; img_size=&#8221;full&#8221; alignment=&#8221;center&#8221;][\/vc_column_inner][\/vc_row_inner][vc_row_inner row_content_width=&#8221;container&#8221;][vc_column_inner][vc_single_image image=&#8221;669&#8243; img_size=&#8221;full&#8221; alignment=&#8221;center&#8221; onclick=&#8221;custom_link&#8221; image_svg=&#8221;yes&#8221; image_content_width=&#8221;50px&#8221; css=&#8221;.vc_custom_1579165244554{margin-bottom: 40px !important;}&#8221; link=&#8221;#contentmobile&#8221;][\/vc_column_inner][\/vc_row_inner][\/vc_column][\/vc_row][vc_row full_width=&#8221;stretch_row_content_no_spaces&#8221; row_responsive=&#8221;d&#8211;none d&#8211;md-flex&#8221; css=&#8221;.vc_custom_1569511969393{padding-top: 5% !important;padding-bottom: 5% !important;background-color: #002642 !important;}&#8221; el_id=&#8221;content&#8221;][vc_column width=&#8221;1\/6&#8243;][\/vc_column][vc_column width=&#8221;2\/3&#8243;][vc_row_inner equal_height=&#8221;yes&#8221; row_content_width=&#8221;container&#8221;][vc_column_inner width=&#8221;1\/4&#8243; offset=&#8221;vc_col-xs-6&#8243;][vc_image_list_father class=&#8221;imagelist&#8211;product&#8221;][vc_image_list_son image_id=&#8221;6135&#8243; image_width=&#8221;146px&#8221; title=&#8221;Toujours vigilant&#8221; title_color=&#8221;#ffffff&#8221; css=&#8221;.vc_custom_1703677949690{margin-bottom: 40px !important;padding-right: 10% !important;padding-left: 10% !important;}&#8221;][\/vc_image_list_father][\/vc_column_inner][vc_column_inner width=&#8221;1\/4&#8243; offset=&#8221;vc_col-xs-6&#8243;][vc_image_list_father class=&#8221;imagelist&#8211;product&#8221;][vc_image_list_son image_id=&#8221;6139&#8243; image_width=&#8221;146px&#8221; title=&#8221;Entretien facile&#8221; title_color=&#8221;#ffffff&#8221; css=&#8221;.vc_custom_1703677974887{margin-bottom: 40px !important;padding-right: 10% !important;padding-left: 10% !important;}&#8221;][\/vc_image_list_father][\/vc_column_inner][vc_column_inner width=&#8221;1\/4&#8243; offset=&#8221;vc_col-xs-6&#8243;][vc_image_list_father class=&#8221;imagelist&#8211;product&#8221;][vc_image_list_son image_id=&#8221;6143&#8243; image_width=&#8221;146px&#8221; title=&#8221;Syst\u00e8me int\u00e9gral&#8221; title_color=&#8221;#ffffff&#8221; css=&#8221;.vc_custom_1703677993219{margin-bottom: 40px !important;}&#8221;][\/vc_image_list_father][\/vc_column_inner][vc_column_inner width=&#8221;1\/4&#8243; offset=&#8221;vc_col-xs-6&#8243;][vc_image_list_father class=&#8221;imagelist&#8211;product&#8221;][vc_image_list_son image_id=&#8221;6147&#8243; image_width=&#8221;146px&#8221; title=&#8221;Piscine parfaite&#8221; title_color=&#8221;#ffffff&#8221; css=&#8221;.vc_custom_1703678011984{margin-bottom: 40px !important;}&#8221;][\/vc_image_list_father][\/vc_column_inner][\/vc_row_inner][\/vc_column][vc_column width=&#8221;1\/6&#8243;][\/vc_column][\/vc_row][vc_row full_width=&#8221;stretch_row_content_no_spaces&#8221; row_responsive=&#8221;d&#8211;none d&#8211;sm-flex&#8221; css=&#8221;.vc_custom_1579165256963{padding-top: 5% !important;padding-bottom: 5% !important;background-color: #002642 !important;}&#8221; el_id=&#8221;contentmobile&#8221;][vc_column offset=&#8221;vc_hidden-lg&#8221;][vc_row_inner equal_height=&#8221;yes&#8221; row_content_width=&#8221;container&#8221;][vc_column_inner width=&#8221;1\/4&#8243; offset=&#8221;vc_col-xs-6&#8243;][vc_image_list_father class=&#8221;imagelist&#8211;product&#8221;][vc_image_list_son image_id=&#8221;6135&#8243; image_width=&#8221;63px&#8221; title=&#8221;Toujours vigilant&#8221; title_color=&#8221;#ffffff&#8221; css=&#8221;.vc_custom_1703677956121{margin-bottom: 40px !important;padding-right: 10% !important;padding-left: 10% !important;}&#8221;][\/vc_image_list_father][\/vc_column_inner][vc_column_inner width=&#8221;1\/4&#8243; offset=&#8221;vc_col-xs-6&#8243;][vc_image_list_father class=&#8221;imagelist&#8211;product&#8221;][vc_image_list_son image_id=&#8221;6139&#8243; image_width=&#8221;63px&#8221; title=&#8221;Entretien facile&#8221; title_color=&#8221;#ffffff&#8221; css=&#8221;.vc_custom_1703677979916{margin-bottom: 40px !important;padding-right: 10% !important;padding-left: 10% !important;}&#8221;][\/vc_image_list_father][\/vc_column_inner][vc_column_inner width=&#8221;1\/4&#8243; offset=&#8221;vc_col-xs-6&#8243;][vc_image_list_father class=&#8221;imagelist&#8211;product&#8221;][vc_image_list_son image_id=&#8221;6143&#8243; image_width=&#8221;63px&#8221; title=&#8221;Syst\u00e8me int\u00e9gral&#8221; title_color=&#8221;#ffffff&#8221; css=&#8221;.vc_custom_1703677998166{margin-bottom: 40px !important;}&#8221;][\/vc_image_list_father][\/vc_column_inner][vc_column_inner width=&#8221;1\/4&#8243; offset=&#8221;vc_col-xs-6&#8243;][vc_image_list_father class=&#8221;imagelist&#8211;product&#8221;][vc_image_list_son image_id=&#8221;6147&#8243; image_width=&#8221;63px&#8221; title=&#8221;Piscine parfaite&#8221; title_color=&#8221;#ffffff&#8221; css=&#8221;.vc_custom_1703678017036{margin-bottom: 40px !important;}&#8221;][\/vc_image_list_father][\/vc_column_inner][\/vc_row_inner][\/vc_column][\/vc_row][vc_row full_width=&#8221;stretch_row_content_no_spaces&#8221;][vc_column css=&#8221;.vc_custom_1566807329560{padding-top: 0px !important;}&#8221;][vc_row_inner equal_height=&#8221;yes&#8221; content_placement=&#8221;middle&#8221; css=&#8221;.vc_custom_1566980971573{padding-right: 0px !important;padding-left: 0px !important;}&#8221;][vc_column_inner width=&#8221;1\/2&#8243; css=&#8221;.vc_custom_1566982430894{padding-top: 10% !important;padding-right: 10% !important;padding-bottom: 10% !important;padding-left: 10% !important;background-color: #a1e4f2 !important;}&#8221;][vc_custom_heading text=&#8221;\u00cates-vous un particulier ?&#8221; use_theme_fonts=&#8221;yes&#8221; css=&#8221;.vc_custom_1703678035341{margin-bottom: 30px !important;}&#8221;][vc_custom_heading text=&#8221;Laissez-nous vos coordonn\u00e9es et nous vous contacterons pour vous donner des informations sans engagement sur l&#8217;\u00e9lectrolyseur au sel qui s&#8217;adapte le mieux \u00e0 vos besoins.&#8221; font_container=&#8221;tag:p|text_align:left&#8221; use_theme_fonts=&#8221;yes&#8221; css=&#8221;.vc_custom_1703678059204{margin-bottom: 50px !important;}&#8221;]<div role=\"form\" class=\"wpcf7\" id=\"wpcf7-f24074-o1\" dir=\"ltr\">\n<div class=\"screen-reader-response\" aria-live=\"polite\"><\/div>\n<form action=\"\/fr\/wp-json\/wp\/v2\/pages\/12945#wpcf7-f24074-o1\" method=\"post\" class=\"wpcf7-form\" novalidate=\"novalidate\">\n<div style=\"display: none;\">\n<input type=\"hidden\" name=\"_wpcf7\" value=\"24074\" \/>\n<input type=\"hidden\" name=\"_wpcf7_version\" value=\"5.1.8\" \/>\n<input type=\"hidden\" name=\"_wpcf7_locale\" value=\"\" \/>\n<input type=\"hidden\" name=\"_wpcf7_unit_tag\" value=\"wpcf7-f24074-o1\" \/>\n<input type=\"hidden\" name=\"_wpcf7_container_post\" value=\"0\" \/>\n<\/div>\n<div class=\"form-product form-product--particular\">\n  <span class=\"wpcf7-form-control-wrap your-name\"><input type=\"text\" name=\"your-name\" value=\"\" size=\"40\" class=\"wpcf7-form-control wpcf7-text wpcf7-validates-as-required\" aria-required=\"true\" aria-invalid=\"false\" placeholder=\"*Nom et pr\u00e9nom\" \/><\/span><br \/>\n  <span class=\"wpcf7-form-control-wrap your-email\"><input type=\"email\" name=\"your-email\" value=\"\" size=\"40\" class=\"wpcf7-form-control wpcf7-text wpcf7-email wpcf7-validates-as-required wpcf7-validates-as-email\" aria-required=\"true\" aria-invalid=\"false\" placeholder=\"*E-mail\" \/><\/span><br \/>\n  <span class=\"wpcf7-form-control-wrap your-phone\"><input type=\"text\" name=\"your-phone\" value=\"\" size=\"40\" class=\"wpcf7-form-control wpcf7-text\" aria-invalid=\"false\" placeholder=\"T\u00e9l\u00e9phone\" \/><\/span><\/p>\n<div class=\"text--right\">\n<span id=\"wpcf7-69f0326900fec-wrapper\" class=\"wpcf7-form-control-wrap info-wrap\" style=\"display:none !important; visibility:hidden !important;\"><label for=\"wpcf7-69f0326900fec-field\" class=\"hp-message\">Veuillez laisser ce champ vide.<\/label><input id=\"wpcf7-69f0326900fec-field\"  class=\"wpcf7-form-control wpcf7-text\" type=\"text\" name=\"info\" value=\"\" size=\"40\" tabindex=\"-1\" autocomplete=\"new-password\" \/><\/span><br \/>\n<label><span class=\"wpcf7-form-control-wrap politica-privacidad\"><span class=\"wpcf7-form-control wpcf7-checkbox wpcf7-validates-as-required\"><span class=\"wpcf7-list-item first last\"><input type=\"checkbox\" name=\"politica-privacidad[]\" value=\"\" \/><span class=\"wpcf7-list-item-label\"><\/span><\/span><\/span><\/span><span class=\"checkbox-text\">J'ai lu et accepte le <a href=\"https:\/\/www.bspool.eu\/fr\/politique-de-confidentialite\/\" target=\"!blank\">Politique de confidentialit\u00e9<\/a>.<\/span><\/label><\/p>\n<p><label><span class=\"wpcf7-form-control-wrap informacion-comercial\"><span class=\"wpcf7-form-control wpcf7-checkbox\"><span class=\"wpcf7-list-item first last\"><input type=\"checkbox\" name=\"informacion-comercial[]\" value=\"\" \/><span class=\"wpcf7-list-item-label\"><\/span><\/span><\/span><\/span><span class=\"checkbox-text\">J'accepte de recevoir les informations commerciales que BSV ELECTRONIC SL juge opportun de m'envoyer par courrier \u00e9lectronique. Il est possible de se d\u00e9sinscrire \u00e0 tout moment.<\/span><\/label><br \/>\n    <input type=\"submit\" value=\"Envoyer\" class=\"wpcf7-form-control wpcf7-submit\" \/>\n  <\/div>\n<\/div>\n<div class=\"wpcf7-response-output wpcf7-display-none\" aria-hidden=\"true\"><\/div><\/form><\/div>[\/vc_column_inner][vc_column_inner width=&#8221;1\/2&#8243; css=&#8221;.vc_custom_1566982437884{padding-top: 10% !important;padding-right: 10% !important;padding-bottom: 10% !important;padding-left: 10% !important;background-color: #002642 !important;}&#8221;][vc_custom_heading text=&#8221;Vous \u00eates distributeur ?&#8221; font_container=&#8221;tag:h2|text_align:left|color:%23a1e4f2&#8243; use_theme_fonts=&#8221;yes&#8221; css=&#8221;.vc_custom_1703678075089{margin-bottom: 30px !important;}&#8221;][vc_custom_heading text=&#8221;Remplissez le formulaire avec les coordonn\u00e9es de votre entreprise pour recevoir des informations sur les solutions d&#8217;\u00e9lectrolyse au sel que vous pouvez proposer \u00e0 vos clients.&#8221; font_container=&#8221;tag:p|text_align:left|color:%23a1e4f2&#8243; use_theme_fonts=&#8221;yes&#8221; css=&#8221;.vc_custom_1703678082991{margin-bottom: 50px !important;}&#8221;]<div role=\"form\" class=\"wpcf7\" id=\"wpcf7-f24068-o2\" dir=\"ltr\">\n<div class=\"screen-reader-response\" aria-live=\"polite\"><\/div>\n<form action=\"\/fr\/wp-json\/wp\/v2\/pages\/12945#wpcf7-f24068-o2\" method=\"post\" class=\"wpcf7-form\" novalidate=\"novalidate\">\n<div style=\"display: none;\">\n<input type=\"hidden\" name=\"_wpcf7\" value=\"24068\" \/>\n<input type=\"hidden\" name=\"_wpcf7_version\" value=\"5.1.8\" \/>\n<input type=\"hidden\" name=\"_wpcf7_locale\" value=\"\" \/>\n<input type=\"hidden\" name=\"_wpcf7_unit_tag\" value=\"wpcf7-f24068-o2\" \/>\n<input type=\"hidden\" name=\"_wpcf7_container_post\" value=\"0\" \/>\n<\/div>\n<div class=\"form-product form-product--distribuidor\">\n  <span class=\"wpcf7-form-control-wrap your-name\"><input type=\"text\" name=\"your-name\" value=\"\" size=\"40\" class=\"wpcf7-form-control wpcf7-text wpcf7-validates-as-required\" aria-required=\"true\" aria-invalid=\"false\" placeholder=\"*Nom de l&#039;entreprise\" \/><\/span><br \/>\n  <span class=\"wpcf7-form-control-wrap your-email\"><input type=\"email\" name=\"your-email\" value=\"\" size=\"40\" class=\"wpcf7-form-control wpcf7-text wpcf7-email wpcf7-validates-as-required wpcf7-validates-as-email\" aria-required=\"true\" aria-invalid=\"false\" placeholder=\"*E-mail\" \/><\/span><br \/>\n  <span class=\"wpcf7-form-control-wrap your-phone\"><input type=\"text\" name=\"your-phone\" value=\"\" size=\"40\" class=\"wpcf7-form-control wpcf7-text\" aria-invalid=\"false\" placeholder=\"T\u00e9l\u00e9phone\" \/><\/span><\/p>\n<div class=\"text--right\">\n<span id=\"wpcf7-69f03269019fa-wrapper\" class=\"wpcf7-form-control-wrap info-wrap\" style=\"display:none !important; visibility:hidden !important;\"><label for=\"wpcf7-69f03269019fa-field\" class=\"hp-message\">Veuillez laisser ce champ vide.<\/label><input id=\"wpcf7-69f03269019fa-field\"  class=\"wpcf7-form-control wpcf7-text\" type=\"text\" name=\"info\" value=\"\" size=\"40\" tabindex=\"-1\" autocomplete=\"new-password\" \/><\/span><br \/>\n<label><span class=\"wpcf7-form-control-wrap politica-privacidad\"><span class=\"wpcf7-form-control wpcf7-checkbox wpcf7-validates-as-required\"><span class=\"wpcf7-list-item first last\"><input type=\"checkbox\" name=\"politica-privacidad[]\" value=\"\" \/><span class=\"wpcf7-list-item-label\"><\/span><\/span><\/span><\/span><span class=\"checkbox-text\">J'ai lu et accepte le <a href=\"https:\/\/www.bspool.eu\/fr\/politique-de-confidentialite\/\" target=\"!blank\">Politique de confidentialit\u00e9<\/a>.<\/span><\/label><\/p>\n<p><label><span class=\"wpcf7-form-control-wrap informacion-comercial\"><span class=\"wpcf7-form-control wpcf7-checkbox\"><span class=\"wpcf7-list-item first last\"><input type=\"checkbox\" name=\"informacion-comercial[]\" value=\"\" \/><span class=\"wpcf7-list-item-label\"><\/span><\/span><\/span><\/span><span class=\"checkbox-text\">J'accepte de recevoir les informations commerciales que BSV ELECTRONIC SL juge opportun de m'envoyer par courrier \u00e9lectronique. Il est possible de se d\u00e9sinscrire \u00e0 tout moment.<\/span><\/label><br \/>\n<input type=\"submit\" value=\"Envoyer\" class=\"wpcf7-form-control wpcf7-submit\" \/><\/p><\/div>\n<\/div>\n<div class=\"wpcf7-response-output wpcf7-display-none\" aria-hidden=\"true\"><\/div><\/form><\/div>[\/vc_column_inner][\/vc_row_inner][\/vc_column][\/vc_row]<\/p>\n","protected":false},"excerpt":{"rendered":"<p>[vc_row row_responsive=&#8221;d&#8211;none d&#8211;md-flex&#8221;][vc_column][vc_row_inner equal_height=&#8221;yes&#8221; content_placement=&#8221;middle&#8221; row_content_width=&#8221;container&#8221;][vc_column_inner width=&#8221;7\/12&#8243;][vc_custom_heading text=&#8221;Eypools&#8221; font_container=&#8221;tag:h1|text_align:left&#8221; use_theme_fonts=&#8221;yes&#8221; css=&#8221;.vc_custom_1648044873931{margin-bottom: 20px !important;}&#8221;][vc_column_text css=&#8221;.vc_custom_1733919793309{margin-bottom: 30px !important;}&#8221;]L\u2019outil en ligne pour communiquer avec votre piscine. EyPools est la solution de connectivit\u00e9 de base pour les piscines, fruit de nombreuses ann\u00e9es d\u2019exp\u00e9rience de BSV sur le march\u00e9 mondial des piscines. Il dispose d\u2019une interface intuitive et facile \u00e0 [&hellip;]<\/p>\n","protected":false},"author":1,"featured_media":0,"parent":12940,"menu_order":0,"comment_status":"closed","ping_status":"closed","template":"","meta":[],"_links":{"self":[{"href":"https:\/\/www.bspool.eu\/fr\/wp-json\/wp\/v2\/pages\/12945"}],"collection":[{"href":"https:\/\/www.bspool.eu\/fr\/wp-json\/wp\/v2\/pages"}],"about":[{"href":"https:\/\/www.bspool.eu\/fr\/wp-json\/wp\/v2\/types\/page"}],"author":[{"embeddable":true,"href":"https:\/\/www.bspool.eu\/fr\/wp-json\/wp\/v2\/users\/1"}],"replies":[{"embeddable":true,"href":"https:\/\/www.bspool.eu\/fr\/wp-json\/wp\/v2\/comments?post=12945"}],"version-history":[{"count":3,"href":"https:\/\/www.bspool.eu\/fr\/wp-json\/wp\/v2\/pages\/12945\/revisions"}],"predecessor-version":[{"id":20092,"href":"https:\/\/www.bspool.eu\/fr\/wp-json\/wp\/v2\/pages\/12945\/revisions\/20092"}],"up":[{"embeddable":true,"href":"https:\/\/www.bspool.eu\/fr\/wp-json\/wp\/v2\/pages\/12940"}],"wp:attachment":[{"href":"https:\/\/www.bspool.eu\/fr\/wp-json\/wp\/v2\/media?parent=12945"}],"curies":[{"name":"wp","href":"https:\/\/api.w.org\/{rel}","templated":true}]}}