{"id":12948,"date":"2022-03-25T11:22:13","date_gmt":"2022-03-25T10:22:13","guid":{"rendered":"https:\/\/www.bspool.eu\/domotica\/domopool\/"},"modified":"2024-12-11T13:29:27","modified_gmt":"2024-12-11T12:29:27","slug":"domopool","status":"publish","type":"page","link":"https:\/\/www.bspool.eu\/fr\/automatisation-de-la-maison\/domopool\/","title":{"rendered":"Domopool"},"content":{"rendered":"<p>[vc_row row_responsive=&#8221;d&#8211;none d&#8211;md-flex&#8221;][vc_column][vc_row_inner equal_height=&#8221;yes&#8221; content_placement=&#8221;middle&#8221; row_content_width=&#8221;container&#8221;][vc_column_inner width=&#8221;7\/12&#8243;][vc_custom_heading text=&#8221;Domopool&#8221; font_container=&#8221;tag:h1|text_align:left&#8221; use_theme_fonts=&#8221;yes&#8221; css=&#8221;.vc_custom_1648202285262{margin-bottom: 20px !important;}&#8221;][vc_column_text css=&#8221;.vc_custom_1733920109040{margin-bottom: 30px !important;}&#8221;]L\u2019\u00e9quipement qui permet un contr\u00f4le total et avanc\u00e9 de la piscine.<\/p>\n<p>Domopool est l\u2019outil parfait pour communiquer et avoir un contr\u00f4le total et avanc\u00e9 de la piscine. Son syst\u00e8me modulaire permet une adaptation facile aux besoins de tous types de piscines.<\/p>\n<p>Il fonctionne via la radiofr\u00e9quence de communication sans fil et avec une connexion \u00e0 Internet.<\/p>\n<p>De plus, il facilite des alertes en cas de probl\u00e8me technique, sans avoir \u00e0 se rendre \u00e0 la piscine ou \u00e0 la salle technique.[\/vc_column_text][vc_btn title=&#8221;Voir fiche technique&#8221; style=&#8221;custom&#8221; custom_background=&#8221;#002642&#8243; custom_text=&#8221;#a1e4f2&#8243; el_class=&#8221;btn-product&#8221; css=&#8221;.vc_custom_1733920160072{margin-right: 10px !important;margin-bottom: 10px !important;}&#8221; link=&#8221;url:https%3A%2F%2Fwww.bspool.eu%2Fwp-content%2Fuploads%2F2024%2F12%2FFichaTecnica_Domopool.pdf||target:%20_blank|&#8221;][vc_btn title=&#8221;T\u00e9l\u00e9chargez Eypools pour iOS&#8221; style=&#8221;custom&#8221; custom_background=&#8221;#a1e4f2&#8243; custom_text=&#8221;#002642&#8243; el_class=&#8221;btn-product display-none&#8221; css=&#8221;.vc_custom_1703679130530{margin-right: 10px !important;margin-bottom: 10px !important;}&#8221; link=&#8221;url:https%3A%2F%2Fapps.apple.com%2Fus%2Fapp%2Feypools%2Fid1213348810||target:%20_blank|&#8221;][\/vc_column_inner][vc_column_inner width=&#8221;5\/12&#8243;][vc_single_image image=&#8221;6157&#8243; img_size=&#8221;full&#8221;][\/vc_column_inner][\/vc_row_inner][vc_row_inner row_content_width=&#8221;container&#8221;][vc_column_inner][vc_single_image image=&#8221;669&#8243; img_size=&#8221;full&#8221; alignment=&#8221;center&#8221; onclick=&#8221;custom_link&#8221; image_svg=&#8221;yes&#8221; image_content_width=&#8221;50px&#8221; css=&#8221;.vc_custom_1567698556794{margin-bottom: 40px !important;}&#8221; link=&#8221;#content&#8221;][\/vc_column_inner][\/vc_row_inner][\/vc_column][\/vc_row][vc_row row_responsive=&#8221;d&#8211;none d&#8211;sm-flex&#8221; css=&#8221;.vc_custom_1567761813455{margin-top: 50px !important;}&#8221;][vc_column offset=&#8221;vc_hidden-lg&#8221;][vc_row_inner equal_height=&#8221;yes&#8221; content_placement=&#8221;middle&#8221; row_content_width=&#8221;container&#8221;][vc_column_inner][vc_custom_heading text=&#8221;Domopool&#8221; font_container=&#8221;tag:h1|text_align:left&#8221; use_theme_fonts=&#8221;yes&#8221; css=&#8221;.vc_custom_1648203177146{margin-bottom: 20px !important;}&#8221;][vc_column_text css=&#8221;.vc_custom_1733920113156{margin-bottom: 30px !important;}&#8221;]L\u2019\u00e9quipement qui permet un contr\u00f4le total et avanc\u00e9 de la piscine.<\/p>\n<p>Domopool est l\u2019outil parfait pour communiquer et avoir un contr\u00f4le total et avanc\u00e9 de la piscine. Son syst\u00e8me modulaire permet une adaptation facile aux besoins de tous types de piscines.<\/p>\n<p>Il fonctionne via la radiofr\u00e9quence de communication sans fil et avec une connexion \u00e0 Internet.<\/p>\n<p>De plus, il facilite des alertes en cas de probl\u00e8me technique, sans avoir \u00e0 se rendre \u00e0 la piscine ou \u00e0 la salle technique.[\/vc_column_text][\/vc_column_inner][\/vc_row_inner][vc_row_inner equal_height=&#8221;yes&#8221; content_placement=&#8221;middle&#8221; row_content_width=&#8221;container&#8221;][vc_column_inner width=&#8221;1\/2&#8243; offset=&#8221;vc_col-xs-6&#8243; css=&#8221;.vc_custom_1567761726761{padding-right: 0px !important;}&#8221;][vc_btn title=&#8221;Voir fiche technique&#8221; style=&#8221;custom&#8221; custom_background=&#8221;#002642&#8243; custom_text=&#8221;#a1e4f2&#8243; align=&#8221;center&#8221; button_block=&#8221;true&#8221; el_class=&#8221;btn-product&#8221; css=&#8221;.vc_custom_1733920153212{margin-bottom: 10px !important;}&#8221; link=&#8221;url:https%3A%2F%2Fwww.bspool.eu%2Fwp-content%2Fuploads%2F2024%2F12%2FFichaTecnica_Domopool.pdf||target:%20_blank|&#8221;][vc_btn title=&#8221;T\u00e9l\u00e9chargez Eypools pour iOS&#8221; style=&#8221;custom&#8221; custom_background=&#8221;#a1e4f2&#8243; custom_text=&#8221;#002642&#8243; align=&#8221;center&#8221; button_block=&#8221;true&#8221; el_class=&#8221;btn-product display-none&#8221; css=&#8221;.vc_custom_1703679165527{margin-bottom: 10px !important;}&#8221; link=&#8221;url:https%3A%2F%2Fapps.apple.com%2Fus%2Fapp%2Feypools%2Fid1213348810||target:%20_blank|&#8221;][\/vc_column_inner][vc_column_inner width=&#8221;1\/2&#8243; offset=&#8221;vc_col-xs-6&#8243; css=&#8221;.vc_custom_1567761731749{padding-right: 0px !important;}&#8221;][vc_single_image image=&#8221;6157&#8243; img_size=&#8221;full&#8221; alignment=&#8221;center&#8221;][\/vc_column_inner][\/vc_row_inner][vc_row_inner row_content_width=&#8221;container&#8221;][vc_column_inner][vc_single_image image=&#8221;669&#8243; img_size=&#8221;full&#8221; alignment=&#8221;center&#8221; onclick=&#8221;custom_link&#8221; image_svg=&#8221;yes&#8221; image_content_width=&#8221;50px&#8221; css=&#8221;.vc_custom_1579165244554{margin-bottom: 40px !important;}&#8221; link=&#8221;#contentmobile&#8221;][\/vc_column_inner][\/vc_row_inner][\/vc_column][\/vc_row][vc_row full_width=&#8221;stretch_row_content_no_spaces&#8221; row_responsive=&#8221;d&#8211;none d&#8211;md-flex&#8221; css=&#8221;.vc_custom_1569511969393{padding-top: 5% !important;padding-bottom: 5% !important;background-color: #002642 !important;}&#8221; el_id=&#8221;content&#8221;][vc_column width=&#8221;1\/6&#8243;][\/vc_column][vc_column width=&#8221;2\/3&#8243;][vc_row_inner equal_height=&#8221;yes&#8221; row_content_width=&#8221;container&#8221;][vc_column_inner width=&#8221;1\/4&#8243; offset=&#8221;vc_col-xs-6&#8243;][vc_image_list_father class=&#8221;imagelist&#8211;product&#8221;][vc_image_list_son image_id=&#8221;6162&#8243; image_width=&#8221;96px&#8221; title=&#8221;Connect\u00e9&#8221; title_color=&#8221;#ffffff&#8221; css=&#8221;.vc_custom_1703679197965{margin-bottom: 40px !important;padding-right: 10% !important;padding-left: 10% !important;}&#8221;][\/vc_image_list_father][\/vc_column_inner][vc_column_inner width=&#8221;1\/4&#8243; offset=&#8221;vc_col-xs-6&#8243;][vc_image_list_father class=&#8221;imagelist&#8211;product&#8221;][vc_image_list_son image_id=&#8221;6166&#8243; image_width=&#8221;96px&#8221; title=&#8221;Contr\u00f4le de la filtration&#8221; title_color=&#8221;#ffffff&#8221; css=&#8221;.vc_custom_1703679221415{margin-bottom: 40px !important;padding-right: 10% !important;padding-left: 10% !important;}&#8221;][\/vc_image_list_father][\/vc_column_inner][vc_column_inner width=&#8221;1\/4&#8243; offset=&#8221;vc_col-xs-6&#8243;][vc_image_list_father class=&#8221;imagelist&#8211;product&#8221;][vc_image_list_son image_id=&#8221;6170&#8243; image_width=&#8221;96px&#8221; title=&#8221;Contr\u00f4le de la temp\u00e9rature&#8221; title_color=&#8221;#ffffff&#8221; css=&#8221;.vc_custom_1703679236376{margin-bottom: 40px !important;}&#8221;][\/vc_image_list_father][\/vc_column_inner][vc_column_inner width=&#8221;1\/4&#8243; offset=&#8221;vc_col-xs-6&#8243;][vc_image_list_father class=&#8221;imagelist&#8211;product&#8221;][vc_image_list_son image_id=&#8221;6181&#8243; image_width=&#8221;96px&#8221; title=&#8221;Contr\u00f4le de l&#8217;\u00e9clairage&#8221; title_color=&#8221;#ffffff&#8221; css=&#8221;.vc_custom_1703679262054{margin-bottom: 40px !important;}&#8221;][\/vc_image_list_father][\/vc_column_inner][\/vc_row_inner][\/vc_column][vc_column width=&#8221;1\/6&#8243;][\/vc_column][\/vc_row][vc_row full_width=&#8221;stretch_row_content_no_spaces&#8221; row_responsive=&#8221;d&#8211;none d&#8211;sm-flex&#8221; css=&#8221;.vc_custom_1579165256963{padding-top: 5% !important;padding-bottom: 5% !important;background-color: #002642 !important;}&#8221; el_id=&#8221;contentmobile&#8221;][vc_column offset=&#8221;vc_hidden-lg&#8221;][vc_row_inner equal_height=&#8221;yes&#8221; row_content_width=&#8221;container&#8221;][vc_column_inner width=&#8221;1\/4&#8243; offset=&#8221;vc_col-xs-6&#8243;][vc_image_list_father class=&#8221;imagelist&#8211;product&#8221;][vc_image_list_son image_id=&#8221;6162&#8243; image_width=&#8221;63px&#8221; title=&#8221;Connect\u00e9&#8221; title_color=&#8221;#ffffff&#8221; css=&#8221;.vc_custom_1703679202516{margin-bottom: 40px !important;padding-right: 10% !important;padding-left: 10% !important;}&#8221;][\/vc_image_list_father][\/vc_column_inner][vc_column_inner width=&#8221;1\/4&#8243; offset=&#8221;vc_col-xs-6&#8243;][vc_image_list_father class=&#8221;imagelist&#8211;product&#8221;][vc_image_list_son image_id=&#8221;6166&#8243; image_width=&#8221;63px&#8221; title=&#8221;Contr\u00f4le de la filtration&#8221; title_color=&#8221;#ffffff&#8221; css=&#8221;.vc_custom_1703679215905{margin-bottom: 40px !important;padding-right: 10% !important;padding-left: 10% !important;}&#8221;][\/vc_image_list_father][\/vc_column_inner][vc_column_inner width=&#8221;1\/4&#8243; offset=&#8221;vc_col-xs-6&#8243;][vc_image_list_father class=&#8221;imagelist&#8211;product&#8221;][vc_image_list_son image_id=&#8221;6170&#8243; image_width=&#8221;63px&#8221; title=&#8221;Contr\u00f4le de la temp\u00e9rature&#8221; title_color=&#8221;#ffffff&#8221; css=&#8221;.vc_custom_1703679241375{margin-bottom: 40px !important;}&#8221;][\/vc_image_list_father][\/vc_column_inner][vc_column_inner width=&#8221;1\/4&#8243; offset=&#8221;vc_col-xs-6&#8243;][vc_image_list_father class=&#8221;imagelist&#8211;product&#8221;][vc_image_list_son image_id=&#8221;6181&#8243; image_width=&#8221;63px&#8221; title=&#8221;Contr\u00f4le de l&#8217;\u00e9clairage&#8221; title_color=&#8221;#ffffff&#8221; css=&#8221;.vc_custom_1703679252990{margin-bottom: 40px !important;}&#8221;][\/vc_image_list_father][\/vc_column_inner][\/vc_row_inner][\/vc_column][\/vc_row][vc_row full_width=&#8221;stretch_row_content_no_spaces&#8221;][vc_column css=&#8221;.vc_custom_1566807329560{padding-top: 0px !important;}&#8221;][vc_row_inner equal_height=&#8221;yes&#8221; content_placement=&#8221;middle&#8221; css=&#8221;.vc_custom_1566980971573{padding-right: 0px !important;padding-left: 0px !important;}&#8221;][vc_column_inner width=&#8221;1\/2&#8243; css=&#8221;.vc_custom_1566982430894{padding-top: 10% !important;padding-right: 10% !important;padding-bottom: 10% !important;padding-left: 10% !important;background-color: #a1e4f2 !important;}&#8221;][vc_custom_heading text=&#8221;\u00cates-vous un particulier ?&#8221; use_theme_fonts=&#8221;yes&#8221; css=&#8221;.vc_custom_1703679281897{margin-bottom: 30px !important;}&#8221;][vc_custom_heading text=&#8221;Laissez-nous vos coordonn\u00e9es et nous vous contacterons pour vous donner des informations sans engagement sur l&#8217;\u00e9lectrolyseur au sel qui s&#8217;adapte le mieux \u00e0 vos besoins.&#8221; font_container=&#8221;tag:p|text_align:left&#8221; use_theme_fonts=&#8221;yes&#8221; css=&#8221;.vc_custom_1703679288193{margin-bottom: 50px !important;}&#8221;]<div role=\"form\" class=\"wpcf7\" id=\"wpcf7-f24074-o1\" dir=\"ltr\">\n<div class=\"screen-reader-response\" aria-live=\"polite\"><\/div>\n<form action=\"\/fr\/wp-json\/wp\/v2\/pages\/12948#wpcf7-f24074-o1\" method=\"post\" class=\"wpcf7-form\" novalidate=\"novalidate\">\n<div style=\"display: none;\">\n<input type=\"hidden\" name=\"_wpcf7\" value=\"24074\" \/>\n<input type=\"hidden\" name=\"_wpcf7_version\" value=\"5.1.8\" \/>\n<input type=\"hidden\" name=\"_wpcf7_locale\" value=\"\" \/>\n<input type=\"hidden\" name=\"_wpcf7_unit_tag\" value=\"wpcf7-f24074-o1\" \/>\n<input type=\"hidden\" name=\"_wpcf7_container_post\" value=\"0\" \/>\n<\/div>\n<div class=\"form-product form-product--particular\">\n  <span class=\"wpcf7-form-control-wrap your-name\"><input type=\"text\" name=\"your-name\" value=\"\" size=\"40\" class=\"wpcf7-form-control wpcf7-text wpcf7-validates-as-required\" aria-required=\"true\" aria-invalid=\"false\" placeholder=\"*Nom et pr\u00e9nom\" \/><\/span><br \/>\n  <span class=\"wpcf7-form-control-wrap your-email\"><input type=\"email\" name=\"your-email\" value=\"\" size=\"40\" class=\"wpcf7-form-control wpcf7-text wpcf7-email wpcf7-validates-as-required wpcf7-validates-as-email\" aria-required=\"true\" aria-invalid=\"false\" placeholder=\"*E-mail\" \/><\/span><br \/>\n  <span class=\"wpcf7-form-control-wrap your-phone\"><input type=\"text\" name=\"your-phone\" value=\"\" size=\"40\" class=\"wpcf7-form-control wpcf7-text\" aria-invalid=\"false\" placeholder=\"T\u00e9l\u00e9phone\" \/><\/span><\/p>\n<div class=\"text--right\">\n<span id=\"wpcf7-69f2219b4aa95-wrapper\" class=\"wpcf7-form-control-wrap info-wrap\" style=\"display:none !important; visibility:hidden !important;\"><label for=\"wpcf7-69f2219b4aa95-field\" class=\"hp-message\">Veuillez laisser ce champ vide.<\/label><input id=\"wpcf7-69f2219b4aa95-field\"  class=\"wpcf7-form-control wpcf7-text\" type=\"text\" name=\"info\" value=\"\" size=\"40\" tabindex=\"-1\" autocomplete=\"new-password\" \/><\/span><br \/>\n<label><span class=\"wpcf7-form-control-wrap politica-privacidad\"><span class=\"wpcf7-form-control wpcf7-checkbox wpcf7-validates-as-required\"><span class=\"wpcf7-list-item first last\"><input type=\"checkbox\" name=\"politica-privacidad[]\" value=\"\" \/><span class=\"wpcf7-list-item-label\"><\/span><\/span><\/span><\/span><span class=\"checkbox-text\">J'ai lu et accepte le <a href=\"https:\/\/www.bspool.eu\/fr\/politique-de-confidentialite\/\" target=\"!blank\">Politique de confidentialit\u00e9<\/a>.<\/span><\/label><\/p>\n<p><label><span class=\"wpcf7-form-control-wrap informacion-comercial\"><span class=\"wpcf7-form-control wpcf7-checkbox\"><span class=\"wpcf7-list-item first last\"><input type=\"checkbox\" name=\"informacion-comercial[]\" value=\"\" \/><span class=\"wpcf7-list-item-label\"><\/span><\/span><\/span><\/span><span class=\"checkbox-text\">J'accepte de recevoir les informations commerciales que BSV ELECTRONIC SL juge opportun de m'envoyer par courrier \u00e9lectronique. Il est possible de se d\u00e9sinscrire \u00e0 tout moment.<\/span><\/label><br \/>\n    <input type=\"submit\" value=\"Envoyer\" class=\"wpcf7-form-control wpcf7-submit\" \/>\n  <\/div>\n<\/div>\n<div class=\"wpcf7-response-output wpcf7-display-none\" aria-hidden=\"true\"><\/div><\/form><\/div>[\/vc_column_inner][vc_column_inner width=&#8221;1\/2&#8243; css=&#8221;.vc_custom_1566982437884{padding-top: 10% !important;padding-right: 10% !important;padding-bottom: 10% !important;padding-left: 10% !important;background-color: #002642 !important;}&#8221;][vc_custom_heading text=&#8221;Vous \u00eates distributeur ?&#8221; font_container=&#8221;tag:h2|text_align:left|color:%23a1e4f2&#8243; use_theme_fonts=&#8221;yes&#8221; css=&#8221;.vc_custom_1703679309360{margin-bottom: 30px !important;}&#8221;][vc_custom_heading text=&#8221;Remplissez le formulaire avec les coordonn\u00e9es de votre entreprise pour recevoir des informations sur les solutions d&#8217;\u00e9lectrolyse au sel que vous pouvez proposer \u00e0 vos clients.&#8221; font_container=&#8221;tag:p|text_align:left|color:%23a1e4f2&#8243; use_theme_fonts=&#8221;yes&#8221; css=&#8221;.vc_custom_1703679316111{margin-bottom: 50px !important;}&#8221;]<div role=\"form\" class=\"wpcf7\" id=\"wpcf7-f24068-o2\" dir=\"ltr\">\n<div class=\"screen-reader-response\" aria-live=\"polite\"><\/div>\n<form action=\"\/fr\/wp-json\/wp\/v2\/pages\/12948#wpcf7-f24068-o2\" method=\"post\" class=\"wpcf7-form\" novalidate=\"novalidate\">\n<div style=\"display: none;\">\n<input type=\"hidden\" name=\"_wpcf7\" value=\"24068\" \/>\n<input type=\"hidden\" name=\"_wpcf7_version\" value=\"5.1.8\" \/>\n<input type=\"hidden\" name=\"_wpcf7_locale\" value=\"\" \/>\n<input type=\"hidden\" name=\"_wpcf7_unit_tag\" value=\"wpcf7-f24068-o2\" \/>\n<input type=\"hidden\" name=\"_wpcf7_container_post\" value=\"0\" \/>\n<\/div>\n<div class=\"form-product form-product--distribuidor\">\n  <span class=\"wpcf7-form-control-wrap your-name\"><input type=\"text\" name=\"your-name\" value=\"\" size=\"40\" class=\"wpcf7-form-control wpcf7-text wpcf7-validates-as-required\" aria-required=\"true\" aria-invalid=\"false\" placeholder=\"*Nom de l&#039;entreprise\" \/><\/span><br \/>\n  <span class=\"wpcf7-form-control-wrap your-email\"><input type=\"email\" name=\"your-email\" value=\"\" size=\"40\" class=\"wpcf7-form-control wpcf7-text wpcf7-email wpcf7-validates-as-required wpcf7-validates-as-email\" aria-required=\"true\" aria-invalid=\"false\" placeholder=\"*E-mail\" \/><\/span><br \/>\n  <span class=\"wpcf7-form-control-wrap your-phone\"><input type=\"text\" name=\"your-phone\" value=\"\" size=\"40\" class=\"wpcf7-form-control wpcf7-text\" aria-invalid=\"false\" placeholder=\"T\u00e9l\u00e9phone\" \/><\/span><\/p>\n<div class=\"text--right\">\n<span id=\"wpcf7-69f2219b4b3aa-wrapper\" class=\"wpcf7-form-control-wrap info-wrap\" style=\"display:none !important; visibility:hidden !important;\"><label for=\"wpcf7-69f2219b4b3aa-field\" class=\"hp-message\">Veuillez laisser ce champ vide.<\/label><input id=\"wpcf7-69f2219b4b3aa-field\"  class=\"wpcf7-form-control wpcf7-text\" type=\"text\" name=\"info\" value=\"\" size=\"40\" tabindex=\"-1\" autocomplete=\"new-password\" \/><\/span><br \/>\n<label><span class=\"wpcf7-form-control-wrap politica-privacidad\"><span class=\"wpcf7-form-control wpcf7-checkbox wpcf7-validates-as-required\"><span class=\"wpcf7-list-item first last\"><input type=\"checkbox\" name=\"politica-privacidad[]\" value=\"\" \/><span class=\"wpcf7-list-item-label\"><\/span><\/span><\/span><\/span><span class=\"checkbox-text\">J'ai lu et accepte le <a href=\"https:\/\/www.bspool.eu\/fr\/politique-de-confidentialite\/\" target=\"!blank\">Politique de confidentialit\u00e9<\/a>.<\/span><\/label><\/p>\n<p><label><span class=\"wpcf7-form-control-wrap informacion-comercial\"><span class=\"wpcf7-form-control wpcf7-checkbox\"><span class=\"wpcf7-list-item first last\"><input type=\"checkbox\" name=\"informacion-comercial[]\" value=\"\" \/><span class=\"wpcf7-list-item-label\"><\/span><\/span><\/span><\/span><span class=\"checkbox-text\">J'accepte de recevoir les informations commerciales que BSV ELECTRONIC SL juge opportun de m'envoyer par courrier \u00e9lectronique. Il est possible de se d\u00e9sinscrire \u00e0 tout moment.<\/span><\/label><br \/>\n<input type=\"submit\" value=\"Envoyer\" class=\"wpcf7-form-control wpcf7-submit\" \/><\/p><\/div>\n<\/div>\n<div class=\"wpcf7-response-output wpcf7-display-none\" aria-hidden=\"true\"><\/div><\/form><\/div>[\/vc_column_inner][\/vc_row_inner][\/vc_column][\/vc_row]<\/p>\n","protected":false},"excerpt":{"rendered":"<p>[vc_row row_responsive=&#8221;d&#8211;none d&#8211;md-flex&#8221;][vc_column][vc_row_inner equal_height=&#8221;yes&#8221; content_placement=&#8221;middle&#8221; row_content_width=&#8221;container&#8221;][vc_column_inner width=&#8221;7\/12&#8243;][vc_custom_heading text=&#8221;Domopool&#8221; font_container=&#8221;tag:h1|text_align:left&#8221; use_theme_fonts=&#8221;yes&#8221; css=&#8221;.vc_custom_1648202285262{margin-bottom: 20px !important;}&#8221;][vc_column_text css=&#8221;.vc_custom_1733920109040{margin-bottom: 30px !important;}&#8221;]L\u2019\u00e9quipement qui permet un contr\u00f4le total et avanc\u00e9 de la piscine. Domopool est l\u2019outil parfait pour communiquer et avoir un contr\u00f4le total et avanc\u00e9 de la piscine. Son syst\u00e8me modulaire permet une adaptation facile aux besoins de tous types de [&hellip;]<\/p>\n","protected":false},"author":1,"featured_media":0,"parent":12940,"menu_order":0,"comment_status":"closed","ping_status":"closed","template":"","meta":[],"_links":{"self":[{"href":"https:\/\/www.bspool.eu\/fr\/wp-json\/wp\/v2\/pages\/12948"}],"collection":[{"href":"https:\/\/www.bspool.eu\/fr\/wp-json\/wp\/v2\/pages"}],"about":[{"href":"https:\/\/www.bspool.eu\/fr\/wp-json\/wp\/v2\/types\/page"}],"author":[{"embeddable":true,"href":"https:\/\/www.bspool.eu\/fr\/wp-json\/wp\/v2\/users\/1"}],"replies":[{"embeddable":true,"href":"https:\/\/www.bspool.eu\/fr\/wp-json\/wp\/v2\/comments?post=12948"}],"version-history":[{"count":3,"href":"https:\/\/www.bspool.eu\/fr\/wp-json\/wp\/v2\/pages\/12948\/revisions"}],"predecessor-version":[{"id":20096,"href":"https:\/\/www.bspool.eu\/fr\/wp-json\/wp\/v2\/pages\/12948\/revisions\/20096"}],"up":[{"embeddable":true,"href":"https:\/\/www.bspool.eu\/fr\/wp-json\/wp\/v2\/pages\/12940"}],"wp:attachment":[{"href":"https:\/\/www.bspool.eu\/fr\/wp-json\/wp\/v2\/media?parent=12948"}],"curies":[{"name":"wp","href":"https:\/\/api.w.org\/{rel}","templated":true}]}}