{"id":3157,"date":"2019-08-19T10:10:29","date_gmt":"2019-08-19T08:10:29","guid":{"rendered":"https:\/\/www.bspool.eu\/sobre-nosotros\/"},"modified":"2023-11-07T11:04:45","modified_gmt":"2023-11-07T10:04:45","slug":"qui-sommes-nous","status":"publish","type":"page","link":"https:\/\/www.bspool.eu\/fr\/qui-sommes-nous\/","title":{"rendered":"Qui Sommes-Nous"},"content":{"rendered":"<p>[vc_row full_width=&#8221;stretch_row_content_no_spaces&#8221; full_height=&#8221;yes&#8221; columns_placement=&#8221;bottom&#8221; row_responsive=&#8221;d&#8211;none d&#8211;md-flex&#8221; css=&#8221;.vc_custom_1578566940585{background-image: url(https:\/\/www.bspool.eu\/wp-content\/uploads\/2020\/01\/01_imagen_sobrenosotros_desktop_1920x1080.jpg?id=1430) !important;background-position: center !important;background-repeat: no-repeat !important;background-size: cover !important;}&#8221;][vc_column][vc_row_inner row_content_width=&#8221;container&#8221;][vc_column_inner][vc_custom_heading text=&#8221;BS Pool est une division de la soci\u00e9t\u00e9 BSV Electronic&#8221; font_container=&#8221;tag:h1|text_align:center|color:%23ffffff&#8221; use_theme_fonts=&#8221;yes&#8221;][vc_custom_heading text=&#8221;Avec une \u00e9quipe multidisciplinaire&#8221; font_container=&#8221;tag:p|text_align:center|color:%23ffffff&#8221; use_theme_fonts=&#8221;yes&#8221; css=&#8221;.vc_custom_1588605693197{margin-bottom: 60px !important;}&#8221;][vc_single_image image=&#8221;306&#8243; img_size=&#8221;full&#8221; alignment=&#8221;center&#8221; onclick=&#8221;custom_link&#8221; image_svg=&#8221;yes&#8221; image_content_width=&#8221;50px&#8221; css=&#8221;.vc_custom_1567697056745{margin-bottom: 40px !important;}&#8221; link=&#8221;#content&#8221;][\/vc_column_inner][\/vc_row_inner][\/vc_column][\/vc_row][vc_row full_width=&#8221;stretch_row_content_no_spaces&#8221; full_height=&#8221;yes&#8221; row_responsive=&#8221;d&#8211;none d&#8211;sm-flex&#8221; css=&#8221;.vc_custom_1578566952508{background-image: url(https:\/\/www.bspool.eu\/wp-content\/uploads\/2020\/01\/01_imagen_sobrenosotros_desktop_1920x1080.jpg?id=1430) !important;background-position: center !important;background-repeat: no-repeat !important;background-size: cover !important;}&#8221; el_class=&#8221;banner&#8221;][vc_column offset=&#8221;vc_hidden-lg&#8221;][vc_row_inner row_content_width=&#8221;container&#8221;][vc_column_inner][vc_custom_heading text=&#8221;BS Pool est une division de la soci\u00e9t\u00e9 BSV Electronic&#8221; font_container=&#8221;tag:h1|text_align:center|color:%23ffffff&#8221; use_theme_fonts=&#8221;yes&#8221;][vc_custom_heading text=&#8221;Avec une \u00e9quipe multidisciplinaire&#8221; font_container=&#8221;tag:p|text_align:center|color:%23ffffff&#8221; use_theme_fonts=&#8221;yes&#8221;][vc_single_image image=&#8221;306&#8243; img_size=&#8221;full&#8221; alignment=&#8221;center&#8221; onclick=&#8221;custom_link&#8221; image_svg=&#8221;yes&#8221; image_content_width=&#8221;50px&#8221; link=&#8221;#content&#8221; el_class=&#8221;banner-icon-scroll&#8221;][\/vc_column_inner][\/vc_row_inner][\/vc_column][\/vc_row][vc_row el_id=&#8221;content&#8221;][vc_column css=&#8221;.vc_custom_1567758549602{padding-top: 0px !important;}&#8221;][\/vc_column][\/vc_row][vc_row full_width=&#8221;stretch_row_content_no_spaces&#8221; row_responsive=&#8221;d&#8211;none d&#8211;md-flex&#8221; css=&#8221;.vc_custom_1567758581744{padding-top: 10% !important;padding-bottom: 10% !important;}&#8221;][vc_column css=&#8221;.vc_custom_1566294892314{padding-top: 0px !important;}&#8221;][vc_row_inner][vc_column_inner width=&#8221;1\/2&#8243; css=&#8221;.vc_custom_1568736640254{padding-left: 5% !important;}&#8221;][vc_video link=&#8221;https:\/\/vimeo.com\/383729860&#8243;][\/vc_column_inner][vc_column_inner width=&#8221;1\/2&#8243; css=&#8221;.vc_custom_1566294884796{padding-right: 15% !important;padding-left: 5% !important;}&#8221;][vc_column_text]<strong>BSV Electronic<\/strong> est une entreprise de <a href=\"https:\/\/www.grupoiberica.com\/\">Grupo Ib\u00e9rica<\/a> qui travaille pour construire un monde meilleur.<\/p>\n<p>\u00c0 cette fin, elle collabore \u00e0 des <strong>projets de solidarit\u00e9 comme l&#8217;h\u00f4pital Sant Joan de Deu<\/strong>, \u00e0 Barcelone.<\/p>\n<p>Pour l&#8217;achat d&#8217;un <strong>\u00e9lectrolyseur au sel de BS Pool<\/strong>, vous faites un <strong>don de 2 \u20ac au Centre de canc\u00e9rologie p\u00e9diatrique SJD de Barcelone<\/strong>.<\/p>\n<p>Nous sommes fiers de <strong>#NADARPARALOSPEQUE\u00d1OSVALIENTES\u00a0<\/strong>(Nager pour les petits courageux).[\/vc_column_text][vc_single_image image=&#8221;313&#8243; img_size=&#8221;full&#8221;][\/vc_column_inner][\/vc_row_inner][\/vc_column][\/vc_row][vc_row full_width=&#8221;stretch_row_content_no_spaces&#8221; row_responsive=&#8221;d&#8211;none d&#8211;sm-flex&#8221; css=&#8221;.vc_custom_1567758689064{padding-top: 15px !important;padding-bottom: 10% !important;}&#8221;][vc_column css=&#8221;.vc_custom_1567758568251{padding-top: 0px !important;}&#8221; offset=&#8221;vc_hidden-lg&#8221;][vc_row_inner][vc_column_inner][vc_video link=&#8221;https:\/\/vimeo.com\/383729860&#8243;][\/vc_column_inner][\/vc_row_inner][vc_row_inner row_content_width=&#8221;container&#8221;][vc_column_inner][vc_column_text]<strong>BSV Electronic<\/strong> travaille pour construire un monde meilleur.<\/p>\n<p>\u00c0 cette fin, elle collabore \u00e0 des <strong>projets de solidarit\u00e9 comme l&#8217;h\u00f4pital Sant Joan de Deu<\/strong>, \u00e0 Barcelone.<\/p>\n<p>Pour l&#8217;achat d&#8217;un <strong>\u00e9lectrolyseur au sel de BS Pool<\/strong>, vous faites un <strong>don de 2 \u20ac au Centre de canc\u00e9rologie p\u00e9diatrique SJD de Barcelone<\/strong>.<\/p>\n<p>Nous sommes fiers de <strong>#NADARPARALOSPEQUE\u00d1OSVALIENTES\u00a0<\/strong>(Nager pour les petits courageux).[\/vc_column_text][vc_single_image image=&#8221;313&#8243; img_size=&#8221;full&#8221; alignment=&#8221;center&#8221;][\/vc_column_inner][\/vc_row_inner][\/vc_column][\/vc_row][vc_row full_width=&#8221;stretch_row_content_no_spaces&#8221; css=&#8221;.vc_custom_1579781241010{padding-top: 10% !important;padding-bottom: 10% !important;background-image: url(https:\/\/www.bspool.eu\/wp-content\/uploads\/2020\/01\/imatge-fons-desktop.png?id=1904) !important;background-position: center !important;background-repeat: no-repeat !important;background-size: cover !important;}&#8221;][vc_column css=&#8221;.vc_custom_1566294794739{padding-top: 0px !important;}&#8221;][vc_row_inner row_content_width=&#8221;container&#8221;][vc_column_inner width=&#8221;2\/3&#8243;][vc_column_text el_class=&#8221;text&#8211;white&#8221; css=&#8221;.vc_custom_1588606139997{margin-bottom: 60px !important;}&#8221;]<\/p>\n<h2><span style=\"color: #193a55;\"><strong>Nous nous am\u00e9liorons constamment pour vous<\/strong><\/span><\/h2>\n<p><span style=\"color: #193a55;\">Les r\u00e9sultats del <strong>Customer Satisfaction Index (CSI)<\/strong>, que BSV Electronic a r\u00e9alis\u00e9 fin 2019 aupr\u00e8s de ses clients, nous ont permis de d\u00e9tecter les points forts et les points faibles de notre service et apporter des am\u00e9liorations.<\/span><\/p>\n<p><span style=\"color: #193a55;\">Nous vous remercions de votre participation et vous expliquons les principales am\u00e9liorations que nous allons conduite cette ann\u00e9e.<\/span>[\/vc_column_text][vc_btn title=&#8221;D\u00e9couvrir des nouveaut\u00e9s&#8221; style=&#8221;custom&#8221; custom_background=&#8221;#002642&#8243; custom_text=&#8221;#a1e4f2&#8243; link=&#8221;url:https%3A%2F%2Fwww.bsvelectronic.com%2Fwp-content%2Fuploads%2Fcircular%2F001_BSV_NL_CircularEnquesta_Gener_A4_EN.pdf||target:%20_blank|&#8221; el_class=&#8221;btn-custom&#8221;][\/vc_column_inner][\/vc_row_inner][\/vc_column][\/vc_row][vc_row full_width=&#8221;stretch_row_content_no_spaces&#8221; css=&#8221;.vc_custom_1566294964049{padding-top: 10% !important;padding-bottom: 10% !important;background-image: url(https:\/\/www.bspool.eu\/wp-content\/uploads\/2019\/08\/banner-nosotros-2.jpg?id=317) !important;background-position: center !important;background-repeat: no-repeat !important;background-size: cover !important;}&#8221;][vc_column css=&#8221;.vc_custom_1566294794739{padding-top: 0px !important;}&#8221;][vc_row_inner row_content_width=&#8221;container&#8221;][vc_column_inner width=&#8221;1\/3&#8243;][vc_single_image image=&#8221;1360&#8243; img_size=&#8221;full&#8221;][\/vc_column_inner][vc_column_inner width=&#8221;2\/3&#8243;][vc_column_text el_class=&#8221;text&#8211;white&#8221; css=&#8221;.vc_custom_1667551194445{margin-bottom: 60px !important;}&#8221;]<\/p>\n<h2><strong>HISTOIRE<\/strong><\/h2>\n<p>BS Pool est une division de la soci\u00e9t\u00e9 BSV Electronic, fond\u00e9e en 1984 par Luis Vila.<\/p>\n<p>Il s&#8217;agit d&#8217;une entreprise familiale qui est aujourd&#8217;hui dirig\u00e9e par la deuxi\u00e8me g\u00e9n\u00e9ration, avec \u00e0 sa t\u00eate Jordi Vila (fils), et une \u00e9quipe de personnes exp\u00e9riment\u00e9es ayant tr\u00e8s envie de travailler.<\/p>\n<p>L&#8217;entreprise a \u00e9t\u00e9 cr\u00e9\u00e9e afin de fournir des solutions \u00e9lectroniques \u00e0 toutes les entreprises manufacturi\u00e8res de la r\u00e9gion. L&#8217;entreprise a rapidement occup\u00e9 une niche de march\u00e9 en offrant des \u00e9quipements \u00e9lectroniques et d&#8217;automatisation aux entreprises de diff\u00e9rents secteurs. Gr\u00e2ce \u00e0 ces produits sur mesure, l&#8217;entreprise s&#8217;est sp\u00e9cialis\u00e9e, cr\u00e9ant les divisions commerciales actuelles: BS Pool, BS Light et BS Water.<\/p>\n<p>Actuellement, l&#8217;entreprise fabrique 100 % des produits dans notre pays, en apportant une valeur ajout\u00e9e \u00e0 la marque MADE IN BARCELONA, MADE IN SPAIN, gr\u00e2ce \u00e0 son savoir-faire et \u00e0 sa grande exp\u00e9rience professionnelle. De plus, en 2019, nous avons rejoint le conglom\u00e9rat <a href=\"https:\/\/www.grupoiberica.com\/\">Grupo Ib\u00e9rica<\/a>.[\/vc_column_text][vc_column_text el_class=&#8221;text&#8211;white&#8221;]<\/p>\n<div id='gallery-1' class='gallery galleryid-3157 gallery-columns-3 gallery-size-full'><figure class='gallery-item'>\n\t\t\t<div class='gallery-icon landscape'>\n\t\t\t\t<img width=\"172\" height=\"32\" src=\"https:\/\/www.bspool.eu\/wp-content\/uploads\/2022\/03\/001_Logo_172x32-1.png\" class=\"attachment-full size-full\" alt=\"\" loading=\"lazy\" \/>\n\t\t\t<\/div><\/figure><figure class='gallery-item'>\n\t\t\t<div class='gallery-icon landscape'>\n\t\t\t\t<img width=\"172\" height=\"32\" src=\"https:\/\/www.bspool.eu\/wp-content\/uploads\/2019\/08\/logo-bslight-1.png\" class=\"attachment-full size-full\" alt=\"\" loading=\"lazy\" \/>\n\t\t\t<\/div><\/figure>\n\t\t<\/div>\n\n<p>[\/vc_column_text][\/vc_column_inner][\/vc_row_inner][\/vc_column][\/vc_row][vc_row][vc_column]<div class=\"templatera_shortcode\"><div data-vc-full-width=\"true\" data-vc-full-width-init=\"false\" data-vc-stretch-content=\"true\" class=\"vc_row wpb_row vc_row-fluid contacto-mapa-template vc_row-no-padding\"><div class=\"wpb_column vc_column_container vc_col-sm-12\"><div class=\"vc_column-inner vc_custom_1565167632521\"><div class=\"wpb_wrapper\"><div class=\"vc_row wpb_row vc_inner vc_row-fluid vc_custom_1565164237623 vc_row-has-fill vc_row-o-equal-height vc_row-o-content-middle vc_row-flex\"><div class=\"contact-map wpb_column vc_column_container vc_col-sm-6\"><div class=\"vc_column-inner vc_custom_1581421773472\"><div class=\"wpb_wrapper\"><div class=\"wpb_gmaps_widget wpb_content_element vc_custom_1719308156521 google-mapa activado\"><div class=\"wpb_wrapper\"><div class=\"wpb_map_wraper\"><iframe src=\"https:\/\/www.google.com\/maps\/embed?pb=!1m18!1m12!1m3!1d2982.3386247056183!2d2.2865346154332413!3d41.62681147924295!2m3!1f0!2f0!3f0!3m2!1i1024!2i768!4f13.1!3m3!1m2!1s0x12a4c63a08376c23%3A0xef8b27b8ad12c9b7!2sBsv+Electronic%2C+S.L.!5e0!3m2!1ses!2ses!4v1565163041248!5m2!1ses!2ses\" width=\"600\" height=\"550\" frameborder=\"0\" style=\"border:0\" allowfullscreen><\/iframe><\/div><\/div><\/div><div class=\"wpb_gmaps_widget wpb_content_element vc_custom_1719308159914 google-mapa\"><div class=\"wpb_wrapper\"><div class=\"wpb_map_wraper\"><iframe src=\"https:\/\/www.google.com\/maps\/embed?pb=!1m18!1m12!1m3!1d6291.849934518321!2d-1.2040561235960165!3d37.9555379189078!2m3!1f0!2f0!3f0!3m2!1i1024!2i768!4f13.1!3m3!1m2!1s0xd637f29641f2baf%3A0xaab539087c29dfa8!2sPoligono%20Industrial%20Oeste!5e0!3m2!1ses!2ses!4v1581411757660!5m2!1ses!2ses\" width=\"600\" height=\"550\" frameborder=\"0\" style=\"border:0;\" allowfullscreen=\"\"><\/iframe><\/div><\/div><\/div><div class=\"wpb_gmaps_widget wpb_content_element vc_custom_1719308163562 google-mapa\"><div class=\"wpb_wrapper\"><div class=\"wpb_map_wraper\"><iframe src=\"https:\/\/www.google.com\/maps\/embed?pb=!1m18!1m12!1m3!1d3592.3741987918265!2d-80.14115088497843!3d25.791226183623376!2m3!1f0!2f0!3f0!3m2!1i1024!2i768!4f13.1!3m3!1m2!1s0x88d9b4865edb3d8f%3A0x2a1c9624aaff4ca5!2s1680%20Michigan%20Ave%20STE%20700D%2C%20Miami%20Beach%2C%20FL%2033139%2C%20EE.%20UU.!5e0!3m2!1ses!2ses!4v1585149850527!5m2!1ses!2ses\" width=\"600\" height=\"550\" frameborder=\"0\" style=\"border:0\" allowfullscreen><\/iframe><\/div><\/div><\/div><\/div><\/div><\/div><div class=\"wpb_column vc_column_container vc_col-sm-6\"><div class=\"vc_column-inner vc_custom_1565266424778\"><div class=\"wpb_wrapper\">\n\t\t<section  class=\"imagelist imagelist--contact\">\n\t\t    \n\t\t<div class=\"imagelist-item\">\n    \t\t\t        <figure class=\"imagelist-figure\" style=\"width:40px;\">\n          <img class=\"imagelist-img\" src=\"https:\/\/www.bspool.eu\/wp-content\/uploads\/2019\/08\/location.svg\" alt=\"Contact\">\n        <\/figure>\n\t\t\t\t\t\t        <span class=\"imagelist-title\" style=\"color:#ffffff;\">\n          Contact        <\/span>\n     \t        <\/div>\n\n    \n\t\t<\/section>\n\n\t\t\n\t<div class=\"wpb_text_column wpb_content_element  listas-home\" >\n\t\t<div class=\"wpb_wrapper\">\n\t\t\t<ul class=\"lista-delegaciones-contact\">\n<li style=\"font-weight: bold;\"><b><u>BSV Electronic Bureaux<\/u><\/b><\/li>\n<li><b><u>BSV Site de Production Murcia<\/u><\/b><\/li>\n<li><b><u>BSV D\u00e9l\u00e9gation Miami<\/u><\/b><\/li>\n<\/ul>\n\n\t\t<\/div>\n\t<\/div>\n\n\t<div class=\"wpb_text_column wpb_content_element  info-contacto info-contacto-home\" >\n\t\t<div class=\"wpb_wrapper\">\n\t\t\t<ul class=\"info-contact-desplegada activado\">\n<li>C\/ Ribera del Congost 40 A<\/li>\n<li>Poligon Industrial Sector V<\/li>\n<li>08520 Les Franqueses del Vall\u00e8s<\/li>\n<li>Barcelona (Espagne)<\/li>\n<li>GPS: N 41\u00ba 37\u2032 36\u201d \/ E 2\u00ba 17\u2032 17\u201d<\/li>\n<li>T\u00e9l. <a href=\"tel:+34938615115\">+34 93 861 51 15<\/a><\/li>\n<li>Fax +34 93 861 52 99<\/li>\n<li>bsv@bsvelectronic.com<\/li>\n<\/ul>\n<ul class=\"info-contact-desplegada\">\n<li>Pol\u00edgono Industrial Oeste Murcia<\/li>\n<li>Avenida de las Am\u00e9ricas 10\/2 M\u00f3dulo C<\/li>\n<li>30820 Alcantarilla<\/li>\n<li>Murcia (Espagne)<\/li>\n<\/ul>\n<ul class=\"info-contact-desplegada\">\n<li>1680 Michigan Ave STE 700D<\/li>\n<li>Miami Beach, FL 33139<\/li>\n<li>\u00c9tats-Unis<\/li>\n<\/ul>\n\n\t\t<\/div>\n\t<\/div>\n<\/div><\/div><\/div><\/div><\/div><\/div><\/div><\/div><div class=\"vc_row-full-width vc_clearfix\"><\/div>\r\n<\/div>[\/vc_column][\/vc_row]<\/p>\n","protected":false},"excerpt":{"rendered":"Contact BSV Electronic Bureaux BSV Site de Production Murcia BSV D\u00e9l\u00e9gation Miami C\/ Ribera del Congost 40 A Poligon Industrial Sector V 08520 Les Franqueses del Vall\u00e8s Barcelona (Espagne) GPS: N 41\u00ba 37\u2032 36\u201d \/ E 2\u00ba 17\u2032 17\u201d T\u00e9l. +34 93 861 51 15 Fax +34 93 861 52 99 bsv@bsvelectronic.com Pol\u00edgono Industrial Oeste [...]","protected":false},"author":1,"featured_media":0,"parent":0,"menu_order":0,"comment_status":"closed","ping_status":"closed","template":"","meta":[],"_links":{"self":[{"href":"https:\/\/www.bspool.eu\/fr\/wp-json\/wp\/v2\/pages\/3157"}],"collection":[{"href":"https:\/\/www.bspool.eu\/fr\/wp-json\/wp\/v2\/pages"}],"about":[{"href":"https:\/\/www.bspool.eu\/fr\/wp-json\/wp\/v2\/types\/page"}],"author":[{"embeddable":true,"href":"https:\/\/www.bspool.eu\/fr\/wp-json\/wp\/v2\/users\/1"}],"replies":[{"embeddable":true,"href":"https:\/\/www.bspool.eu\/fr\/wp-json\/wp\/v2\/comments?post=3157"}],"version-history":[{"count":8,"href":"https:\/\/www.bspool.eu\/fr\/wp-json\/wp\/v2\/pages\/3157\/revisions"}],"predecessor-version":[{"id":7926,"href":"https:\/\/www.bspool.eu\/fr\/wp-json\/wp\/v2\/pages\/3157\/revisions\/7926"}],"wp:attachment":[{"href":"https:\/\/www.bspool.eu\/fr\/wp-json\/wp\/v2\/media?parent=3157"}],"curies":[{"name":"wp","href":"https:\/\/api.w.org\/{rel}","templated":true}]}}