{"id":3226,"date":"2019-08-01T13:25:24","date_gmt":"2019-08-01T11:25:24","guid":{"rendered":"https:\/\/www.bspool.eu\/politica-privacidad\/"},"modified":"2024-03-26T11:11:24","modified_gmt":"2024-03-26T10:11:24","slug":"politique-de-confidentialite","status":"publish","type":"page","link":"https:\/\/www.bspool.eu\/fr\/politique-de-confidentialite\/","title":{"rendered":"Politique de confidentialit\u00e9"},"content":{"rendered":"<p>[vc_row full_width=&#8221;stretch_row_content_no_spaces&#8221; full_height=&#8221;yes&#8221; css=&#8221;.vc_custom_1567752867180{margin-bottom: 40px !important;background-image: url(https:\/\/www.bspool.eu\/wp-content\/uploads\/2019\/08\/banner-relacionados.jpg?id=768) !important;background-position: center !important;background-repeat: no-repeat !important;background-size: cover !important;}&#8221; el_class=&#8221;banner&#8221;][vc_column][vc_row_inner row_content_width=&#8221;container&#8221;][vc_column_inner][vc_custom_heading text=&#8221;Politique de confidentialit\u00e9&#8221; font_container=&#8221;tag:h1|text_align:center|color:%23ffffff&#8221; use_theme_fonts=&#8221;yes&#8221; font_weight=&#8221;font-weight: 400;&#8221;][vc_single_image image=&#8221;306&#8243; img_size=&#8221;full&#8221; alignment=&#8221;center&#8221; onclick=&#8221;custom_link&#8221; image_svg=&#8221;yes&#8221; image_content_width=&#8221;50px&#8221; link=&#8221;#content&#8221; el_class=&#8221;banner-icon-scroll&#8221;][\/vc_column_inner][\/vc_row_inner][\/vc_column][\/vc_row][vc_row row_content_width=&#8221;container&#8221; el_id=&#8221;content&#8221; css=&#8221;.vc_custom_1567752941429{margin-bottom: 40px !important;}&#8221;][vc_column][vc_column_text]<strong>Politique de confidentialit\u00e9<\/strong><\/p>\n<hr \/>\n<div class=\"flex-1 overflow-hidden\">\n<div class=\"react-scroll-to-bottom--css-vowdu-79elbk h-full\">\n<div class=\"react-scroll-to-bottom--css-vowdu-1n7m0yu\">\n<div class=\"flex flex-col text-sm pb-9\">\n<div class=\"w-full text-token-text-primary\" data-testid=\"conversation-turn-37\">\n<div class=\"px-4 py-2 justify-center text-base md:gap-6 m-auto\">\n<div class=\"flex flex-1 text-base mx-auto gap-3 md:px-5 lg:px-1 xl:px-5 md:max-w-3xl lg:max-w-[40rem] xl:max-w-[48rem] group final-completion\">\n<div class=\"relative flex w-full flex-col agent-turn\">\n<div class=\"flex-col gap-1 md:gap-3\">\n<div class=\"flex flex-grow flex-col max-w-full\">\n<div class=\"min-h-[20px] text-message flex flex-col items-start gap-3 whitespace-pre-wrap break-words [.text-message+&amp;]:mt-5 overflow-x-auto\" data-message-author-role=\"assistant\" data-message-id=\"c84e4044-f127-4a37-a3fb-eda5201e6e93\">\n<div class=\"markdown prose w-full break-words dark:prose-invert light\">\n<p>Conform\u00e9ment au R\u00e8glement (UE) 2016\/679 du Parlement europ\u00e9en et du Conseil, du 27 avril 2016, relatif \u00e0 la protection des personnes physiques \u00e0 l&#8217;\u00e9gard du traitement des donn\u00e9es \u00e0 caract\u00e8re personnel et \u00e0 la libre circulation de ces donn\u00e9es, et abrogeant la directive 95\/46\/CE (ci-apr\u00e8s d\u00e9nomm\u00e9 RGPD), \u00e0 la Loi 34\/2002 du 11 juillet, relative aux services de la soci\u00e9t\u00e9 de l&#8217;information et du commerce \u00e9lectronique (ci-apr\u00e8s d\u00e9nomm\u00e9e LSSI-CE), et \u00e0 la Loi organique 3\/2018, relative \u00e0 la protection des donn\u00e9es \u00e0 caract\u00e8re personnel et \u00e0 la garantie des droits num\u00e9riques, BSV ELECTRONIC SL garantit la protection et la confidentialit\u00e9 des donn\u00e9es personnelles, de tout type, fournies par nos clients, conform\u00e9ment aux dispositions du R\u00e8glement g\u00e9n\u00e9ral sur la protection des donn\u00e9es \u00e0 caract\u00e8re personnel.<\/p>\n<p>La Politique de protection des donn\u00e9es de BSV ELECTRONIC SL repose sur le principe de responsabilit\u00e9 proactive, selon lequel le responsable du traitement est responsable du respect du cadre normatif et jurisprudentiel, \u00e9tant capable de le d\u00e9montrer aux autorit\u00e9s de contr\u00f4le comp\u00e9tentes.<\/p>\n<p>Les donn\u00e9es fournies seront trait\u00e9es conform\u00e9ment au RGPD ; \u00e0 cet \u00e9gard, BSV ELECTRONIC SL a adopt\u00e9 les niveaux de protection l\u00e9galement requis et a mis en place toutes les mesures techniques \u00e0 sa disposition pour \u00e9viter la perte, la mauvaise utilisation, l&#8217;alt\u00e9ration, l&#8217;acc\u00e8s non autoris\u00e9 par des tiers, expos\u00e9s ci-dessous. Cependant, l&#8217;utilisateur doit \u00eatre conscient que les mesures de s\u00e9curit\u00e9 sur Internet ne sont pas infaillibles.<\/p>\n<p><strong>Responsable du traitement : Qui sommes-nous ? <\/strong><\/p>\n<p>D\u00e9nomination : BSV ELECTRONIC SL<\/p>\n<p>CIF : B08960718<\/p>\n<p>Adresse : Calle Ribera Congost, n\u00ba 40A, P.I. Sector V, 08520, Les Franqueses del Vall\u00e8s, Barcelona<\/p>\n<p>T\u00e9l\u00e9phone : 938615115<\/p>\n<p>Email : <a target=\"_new\" rel=\"noopener noreferrer\">bsv@bsvelectronic.com<\/a><\/p>\n<p><strong>Traitement des donn\u00e9es : Quelles donn\u00e9es traitons-nous et quel est leur origine ? <\/strong><\/p>\n<p>En fonction de la relation que vous pouvez avoir avec nous, les cat\u00e9gories de donn\u00e9es personnelles suivantes peuvent \u00eatre trait\u00e9es, ainsi que l&#8217;origine des donn\u00e9es :<\/p>\n<p>Formulaires et appels de contact : Les donn\u00e9es proviennent du propre int\u00e9ress\u00e9 ou de son repr\u00e9sentant l\u00e9gal. Les cat\u00e9gories de donn\u00e9es qui seront trait\u00e9es sont les \u00ab Donn\u00e9es d&#8217;identification \u00bb (nom, adresse \u00e9lectronique et t\u00e9l\u00e9phone).<\/p>\n<p>Demande de devis : Les donn\u00e9es proviennent du propre int\u00e9ress\u00e9 ou de son repr\u00e9sentant l\u00e9gal. Les cat\u00e9gories de donn\u00e9es qui seront trait\u00e9es sont les \u00ab Donn\u00e9es d&#8217;identification \u00bb (nom, adresse \u00e9lectronique, t\u00e9l\u00e9phone).<\/p>\n<p>Prestation de services ou vente de produits : Les donn\u00e9es proviennent du propre int\u00e9ress\u00e9 ou de son repr\u00e9sentant l\u00e9gal. Les cat\u00e9gories de donn\u00e9es qui seront trait\u00e9es sont les \u00ab Donn\u00e9es d&#8217;identification \u00bb (nom, adresse \u00e9lectronique, t\u00e9l\u00e9phone, adresse postale) et \u00ab \u00c9conomiques \u00bb (donn\u00e9es bancaires).<\/p>\n<p>Envoi de communications commerciales : Les donn\u00e9es proviennent du propre int\u00e9ress\u00e9 ou de son repr\u00e9sentant l\u00e9gal. Les cat\u00e9gories de donn\u00e9es qui seront trait\u00e9es sont les \u00ab Donn\u00e9es d&#8217;identification \u00bb (nom, adresse \u00e9lectronique, t\u00e9l\u00e9phone, image). Le consentement explicite sera demand\u00e9 \u00e0 cet effet.<\/p>\n<p>Finalit\u00e9 du traitement : Pourquoi utiliserons-nous vos donn\u00e9es ? Formulaires de contact : Toutes les donn\u00e9es fournies par nos visiteurs sur le site web de BSV ELECTRONIC SL seront incluses dans le registre des activit\u00e9s de traitement des donn\u00e9es \u00e0 caract\u00e8re personnel, cr\u00e9\u00e9 et maintenu sous la responsabilit\u00e9 de BSV ELECTRONIC SL, indispensables pour r\u00e9soudre les doutes ou demandes d&#8217;informations envoy\u00e9es par nos visiteurs.<\/p>\n<p>Service client : Toutes les donn\u00e9es fournies par nos clients seront incluses dans le registre des activit\u00e9s de traitement des donn\u00e9es \u00e0 caract\u00e8re personnel, cr\u00e9\u00e9 et maintenu sous la responsabilit\u00e9 de BSV ELECTRONIC SL, indispensables pour fournir les services contract\u00e9s par nos clients, ainsi que pour r\u00e9soudre les doutes ou questions qu&#8217;ils nous posent via nos canaux de service client.<\/p>\n<p>Appels re\u00e7us : Toutes les donn\u00e9es fournies par les int\u00e9ress\u00e9s qui contactent BSV ELECTRONIC SL seront incluses dans le registre des activit\u00e9s de traitement des donn\u00e9es \u00e0 caract\u00e8re personnel, cr\u00e9\u00e9 et maintenu sous la responsabilit\u00e9 de BSV ELECTRONIC SL, indispensables pour r\u00e9soudre les doutes ou demandes d&#8217;informations qu&#8217;ils nous adressent.<\/p>\n<p>Visiteurs Web : Nous effectuons un suivi anonymis\u00e9 des visiteurs sur le site Web de BSV ELECTRONIC SL afin de savoir quelles pages et quels services sont les plus pertinents pour nos clients potentiels.<\/p>\n<p>Bulletin produits et services : Aux clients qui cochent la case de consentement \u00e0 la r\u00e9ception de communications commerciales\/publicitaires, nous enverrons des informations relatives aux produits\/services que nous proposons.<\/p>\n<p>L\u00e9gitimit\u00e9 du traitement : Pourquoi avons-nous besoin de vos donn\u00e9es ? a) Relation contractuelle : Cela s&#8217;applique lorsque vous souscrivez \u00e0 l&#8217;un de nos services\/produits. b) Int\u00e9r\u00eat l\u00e9gitime : Pour r\u00e9pondre aux questions et r\u00e9clamations que vous nous soumettez et pour g\u00e9rer le recouvrement des montants impay\u00e9s. c) Votre consentement : Si vous \u00eates utilisateur de notre site Web, en cochant la case figurant dans le formulaire de contact, vous nous autorisez \u00e0 vous envoyer les communications n\u00e9cessaires pour r\u00e9pondre \u00e0 la demande d&#8217;information soumise et \u00e0 envoyer de la publicit\u00e9 avec votre consentement pr\u00e9alable.<\/p>\n<p><strong>Destinataires : Avec qui partageons-nous vos donn\u00e9es ? <\/strong><\/p>\n<p>Nous transmettons vos donn\u00e9es personnelles aux entit\u00e9s n\u00e9cessaires pour atteindre l&#8217;objectif du traitement et aux entit\u00e9s auxquelles nous sommes tenus de divulguer vos donn\u00e9es en vertu de la loi. Dans le cas o\u00f9, en dehors des cas susmentionn\u00e9s, nous devrions divulguer vos informations personnelles \u00e0 d&#8217;autres entit\u00e9s, nous vous demanderons d&#8217;abord votre autorisation par le biais d&#8217;options claires vous permettant de d\u00e9cider \u00e0 cet \u00e9gard.<\/p>\n<p>Communication : O\u00f9 pourrions-nous envoyer vos donn\u00e9es ? Nous ne r\u00e9aliserons pas de transferts internationaux de vos donn\u00e9es personnelles pour aucune des finalit\u00e9s indiqu\u00e9es.<\/p>\n<p><strong>Conservation : Pendant combien de temps conserverons-nous vos donn\u00e9es ? <\/strong><\/p>\n<p>Nous ne conserverons vos donn\u00e9es personnelles que pendant le temps n\u00e9cessaire pour atteindre les objectifs pour lesquels elles ont \u00e9t\u00e9 collect\u00e9es. Lors de la d\u00e9termination de la dur\u00e9e de conservation appropri\u00e9e, nous examinons les risques associ\u00e9s au traitement, ainsi que nos obligations contractuelles, l\u00e9gales et r\u00e9glementaires, les politiques internes de conservation des donn\u00e9es et nos int\u00e9r\u00eats commerciaux l\u00e9gitimes d\u00e9crits dans la pr\u00e9sente Politique de confidentialit\u00e9 et de cookies. En ce sens, BSV ELECTRONIC SL conservera les donn\u00e9es personnelles une fois la relation avec vous termin\u00e9e, correctement verrouill\u00e9es, pour la p\u00e9riode de prescription des actions pouvant d\u00e9couler de la relation avec la personne concern\u00e9e. Une fois verrouill\u00e9es, vos donn\u00e9es seront inaccessibles pour BSV ELECTRONIC SL et ne seront pas trait\u00e9es sauf pour les mettre \u00e0 la disposition des autorit\u00e9s publiques, des juges et des tribunaux, pour r\u00e9pondre aux \u00e9ventuelles responsabilit\u00e9s d\u00e9coulant des traitements, ainsi que pour l&#8217;exercice et la d\u00e9fense de r\u00e9clamations devant l&#8217;Agence espagnole de protection des donn\u00e9es.<\/p>\n<p><strong>S\u00e9curit\u00e9 : Comment allons-nous prot\u00e9ger vos donn\u00e9es ? <\/strong><\/p>\n<p>Nous mettons en \u0153uvre tous les efforts raisonnables pour maintenir la confidentialit\u00e9 des informations personnelles trait\u00e9es dans nos syst\u00e8mes. Nous maintenons des niveaux de s\u00e9curit\u00e9 stricts pour prot\u00e9ger les donn\u00e9es personnelles que nous traitons contre les pertes accidentelles et les acc\u00e8s, traitements ou divulgations non autoris\u00e9s, compte tenu de l&#8217;\u00e9tat de la technologie, de la nature et des risques auxquels les donn\u00e9es sont expos\u00e9es. Cependant, nous ne pouvons pas \u00eatre tenus responsables de l&#8217;utilisation que vous faites des donn\u00e9es (y compris l&#8217;utilisateur et le mot de passe) que vous utilisez sur notre site Web. Notre personnel respecte des r\u00e8gles strictes de confidentialit\u00e9 et si nous engageons des tiers pour fournir des services de support, nous leur demandons de respecter les m\u00eames r\u00e8gles et de nous permettre de les auditer pour v\u00e9rifier leur conformit\u00e9.<\/p>\n<p><strong>Vos droits : Quels droits pouvez-vous exercer en tant que personne concern\u00e9e ? <\/strong><\/p>\n<p>Nous vous informons que vous pouvez exercer les droits suivants : a) Droit d&#8217;acc\u00e8s \u00e0 vos donn\u00e9es personnelles, pour savoir quelles sont les donn\u00e9es faisant l&#8217;objet d&#8217;un traitement et les op\u00e9rations de traitement effectu\u00e9es avec elles ; b) Droit de rectification de toute donn\u00e9e personnelle inexacte ; c) Droit \u00e0 la suppression de vos donn\u00e9es personnelles, lorsque cela est possible (par exemple, en raison d&#8217;une obligation l\u00e9gale) ; d) Droit de limiter le traitement de vos donn\u00e9es personnelles lorsque la pr\u00e9cision, la l\u00e9galit\u00e9 ou la n\u00e9cessit\u00e9 du traitement des donn\u00e9es est douteuse, auquel cas nous pouvons les conserver pour l&#8217;exercice ou la d\u00e9fense de r\u00e9clamations. e) Droit d&#8217;opposition au traitement de vos donn\u00e9es personnelles lorsque la base l\u00e9gale qui nous autorise \u00e0 les traiter est notre int\u00e9r\u00eat l\u00e9gitime. BSV ELECTRONIC SL cessera de traiter vos donn\u00e9es sauf si elle a un int\u00e9r\u00eat l\u00e9gitime ou si cela est n\u00e9cessaire pour la d\u00e9fense de r\u00e9clamations, lorsque ce droit est applicable.<\/p>\n<p>f) Droit \u00e0 la portabilit\u00e9 de vos donn\u00e9es, lorsque la base l\u00e9gale nous autorisant \u00e0 les traiter est l&#8217;existence d&#8217;une relation contractuelle ou votre consentement. g) Droit de r\u00e9voquer le consentement accord\u00e9 \u00e0 BSV ELECTRONIC SL. Pour exercer vos droits, vous pouvez le faire gratuitement et \u00e0 tout moment en nous contactant \u00e0 l&#8217;adresse suivante : Calle Ribera Congost, n\u00ba 40A, P.I. Sector V, 08520, Les Franqueses del Vall\u00e8s, Barcelona, ou en envoyant un courrier \u00e9lectronique \u00e0 <a target=\"_new\" rel=\"noopener noreferrer\">bsv@bsvelectronic.com<\/a>.<\/p>\n<p><strong>Protection des droits : O\u00f9 pouvez-vous d\u00e9poser une r\u00e9clamation ? <\/strong><\/p>\n<p>Si vous estimez que vos droits ont \u00e9t\u00e9 ignor\u00e9s par notre entit\u00e9, vous pouvez d\u00e9poser une r\u00e9clamation aupr\u00e8s de l&#8217;Agence espagnole de protection des donn\u00e9es, par l&#8217;un des moyens suivants :<\/p>\n<ul>\n<li>Site Web : <a href=\"https:\/\/www.aepd.es\/\" target=\"_new\" rel=\"noopener noreferrer\">https:\/\/www.aepd.es<\/a><\/li>\n<li>Adresse postale : Agencia Espa\u00f1ola de Protecci\u00f3n de Datos, C\/ Jorge Juan, 6, 28001, Madrid<\/li>\n<li>T\u00e9l\u00e9phone : 901.100.099 et 912.663.517<\/li>\n<\/ul>\n<p>D\u00e9poser une r\u00e9clamation aupr\u00e8s de l&#8217;Agence espagnole de protection des donn\u00e9es est gratuit et aucune assistance d&#8217;avocat ou de procureur n&#8217;est n\u00e9cessaire.<\/p>\n<p><strong>Mises \u00e0 jour : Quels changements peuvent \u00eatre apport\u00e9s \u00e0 cette Politique de confidentialit\u00e9 ? <\/strong><\/p>\n<p>BSV ELECTRONIC SL se r\u00e9serve le droit de modifier la pr\u00e9sente politique pour l&#8217;adapter aux nouveaut\u00e9s l\u00e9gislatives ou jurisprudentielles pouvant affecter sa conformit\u00e9. Dans le but de garantir le respect de la r\u00e9glementation sur la protection des donn\u00e9es personnelles, BSV ELECTRONIC SL a re\u00e7u des services de conseil et d&#8217;assistance de la part de <a href=\"https:\/\/clickdatos.es\/\">ClickDatos<\/a>.<\/p>\n<\/div>\n<\/div>\n<\/div>\n<\/div>\n<\/div>\n<\/div>\n<\/div>\n<\/div>\n<\/div>\n<\/div>\n<\/div>\n<\/div>\n<p>[\/vc_column_text][\/vc_column][\/vc_row]<\/p>\n","protected":false},"excerpt":{"rendered":"<p>[vc_row full_width=&#8221;stretch_row_content_no_spaces&#8221; full_height=&#8221;yes&#8221; css=&#8221;.vc_custom_1567752867180{margin-bottom: 40px !important;background-image: url(https:\/\/www.bspool.eu\/wp-content\/uploads\/2019\/08\/banner-relacionados.jpg?id=768) !important;background-position: center !important;background-repeat: no-repeat !important;background-size: cover !important;}&#8221; el_class=&#8221;banner&#8221;][vc_column][vc_row_inner row_content_width=&#8221;container&#8221;][vc_column_inner][vc_custom_heading text=&#8221;Politique de confidentialit\u00e9&#8221; font_container=&#8221;tag:h1|text_align:center|color:%23ffffff&#8221; use_theme_fonts=&#8221;yes&#8221; font_weight=&#8221;font-weight: 400;&#8221;][vc_single_image image=&#8221;306&#8243; img_size=&#8221;full&#8221; alignment=&#8221;center&#8221; onclick=&#8221;custom_link&#8221; image_svg=&#8221;yes&#8221; image_content_width=&#8221;50px&#8221; link=&#8221;#content&#8221; el_class=&#8221;banner-icon-scroll&#8221;][\/vc_column_inner][\/vc_row_inner][\/vc_column][\/vc_row][vc_row row_content_width=&#8221;container&#8221; el_id=&#8221;content&#8221; css=&#8221;.vc_custom_1567752941429{margin-bottom: 40px !important;}&#8221;][vc_column][vc_column_text]Politique de confidentialit\u00e9 Conform\u00e9ment au R\u00e8glement (UE) 2016\/679 du Parlement europ\u00e9en et du Conseil, du 27 avril 2016, relatif \u00e0 [&hellip;]<\/p>\n","protected":false},"author":1,"featured_media":0,"parent":0,"menu_order":0,"comment_status":"closed","ping_status":"open","template":"","meta":[],"_links":{"self":[{"href":"https:\/\/www.bspool.eu\/fr\/wp-json\/wp\/v2\/pages\/3226"}],"collection":[{"href":"https:\/\/www.bspool.eu\/fr\/wp-json\/wp\/v2\/pages"}],"about":[{"href":"https:\/\/www.bspool.eu\/fr\/wp-json\/wp\/v2\/types\/page"}],"author":[{"embeddable":true,"href":"https:\/\/www.bspool.eu\/fr\/wp-json\/wp\/v2\/users\/1"}],"replies":[{"embeddable":true,"href":"https:\/\/www.bspool.eu\/fr\/wp-json\/wp\/v2\/comments?post=3226"}],"version-history":[{"count":4,"href":"https:\/\/www.bspool.eu\/fr\/wp-json\/wp\/v2\/pages\/3226\/revisions"}],"predecessor-version":[{"id":14376,"href":"https:\/\/www.bspool.eu\/fr\/wp-json\/wp\/v2\/pages\/3226\/revisions\/14376"}],"wp:attachment":[{"href":"https:\/\/www.bspool.eu\/fr\/wp-json\/wp\/v2\/media?parent=3226"}],"curies":[{"name":"wp","href":"https:\/\/api.w.org\/{rel}","templated":true}]}}