{"id":3233,"date":"2020-03-26T15:39:27","date_gmt":"2020-03-26T14:39:27","guid":{"rendered":"https:\/\/www.bspool.eu\/politica-de-calidad\/"},"modified":"2023-11-07T11:57:38","modified_gmt":"2023-11-07T10:57:38","slug":"politique-de-qualite","status":"publish","type":"page","link":"https:\/\/www.bspool.eu\/fr\/politique-de-qualite\/","title":{"rendered":"Politique de qualit\u00e9"},"content":{"rendered":"<p>[vc_row full_width=&#8221;stretch_row_content_no_spaces&#8221; full_height=&#8221;yes&#8221; css=&#8221;.vc_custom_1567752867180{margin-bottom: 40px !important;background-image: url(https:\/\/www.bspool.eu\/wp-content\/uploads\/2019\/08\/banner-relacionados.jpg?id=768) !important;background-position: center !important;background-repeat: no-repeat !important;background-size: cover !important;}&#8221; el_class=&#8221;banner&#8221;][vc_column][vc_row_inner row_content_width=&#8221;container&#8221;][vc_column_inner][vc_custom_heading text=&#8221;Politique de qualit\u00e9&#8221; font_container=&#8221;tag:h1|text_align:center|color:%23ffffff&#8221; use_theme_fonts=&#8221;yes&#8221; font_weight=&#8221;font-weight: 400;&#8221;][vc_single_image image=&#8221;306&#8243; img_size=&#8221;full&#8221; alignment=&#8221;center&#8221; onclick=&#8221;custom_link&#8221; image_svg=&#8221;yes&#8221; image_content_width=&#8221;50px&#8221; link=&#8221;#content&#8221; el_class=&#8221;banner-icon-scroll&#8221;][\/vc_column_inner][\/vc_row_inner][\/vc_column][\/vc_row][vc_row row_content_width=&#8221;container&#8221; el_id=&#8221;content&#8221; css=&#8221;.vc_custom_1567752941429{margin-bottom: 40px !important;}&#8221;][vc_column][vc_column_text]<\/p>\n<h3>Politique de Qualit\u00e9<\/h3>\n<p>La Politique de Qualit\u00e9 de BSV ELECTRONIC, S.L. d\u00e9finit le cadre \u00e0 l&#8217;\u00e9tablissement des objectifs d&#8217;am\u00e9lioration du Syst\u00e8me de Gestion de la Qualit\u00e9, et comporte les points suivants :<\/p>\n<ol>\n<li>\u00a0Respect du d\u00e9lai de livraison du produit ou du d\u00e9lai de r\u00e9ponse \u00e0 toute consultation de la part du client, y compris la n\u00e9gociation avec les fournisseurs.<\/li>\n<li>Absence d&#8217;incidents dans le produit, tant achet\u00e9 que fabriqu\u00e9.<\/li>\n<li>Facilit\u00e9 d&#8217;utilisation, de configuration et d&#8217;installation du produit fourni.<\/li>\n<li>Comp\u00e9titivit\u00e9 des prix dans le secteur aussi bien en ce qui concerne le tarif de vente que le co\u00fbt d&#8217;achat.<\/li>\n<li>Recouvrement de la totalit\u00e9 des ventes r\u00e9alis\u00e9es.<\/li>\n<li>Personnalisation du produit et adaptation au client.<\/li>\n<li>Am\u00e9lioration technologique constante, couvrant les performances exig\u00e9es, la fiabilit\u00e9 du produit et les innovations du secteur.<\/li>\n<li>Clart\u00e9 dans l&#8217;\u00e9tiquetage et la composition du produit.<\/li>\n<li>\u00a0Contr\u00f4le documentaire du produit et de sa tra\u00e7abilit\u00e9.<\/li>\n<li>\u00a0Information compl\u00e8te et rapide au client.<\/li>\n<li>\u00a0Connaissance sp\u00e9cifique de son poste de travail, de chaque personne de l&#8217;entreprise.<\/li>\n<li>Am\u00e9lioration continue des processus, des param\u00e8tres et des indicateurs de qualit\u00e9.<\/li>\n<li>\u00a0Respect de la l\u00e9gislation en vigueur.<\/li>\n<\/ol>\n<p>[\/vc_column_text][\/vc_column][\/vc_row]<\/p>\n","protected":false},"excerpt":{"rendered":"<p>[vc_row full_width=&#8221;stretch_row_content_no_spaces&#8221; full_height=&#8221;yes&#8221; css=&#8221;.vc_custom_1567752867180{margin-bottom: 40px !important;background-image: url(https:\/\/www.bspool.eu\/wp-content\/uploads\/2019\/08\/banner-relacionados.jpg?id=768) !important;background-position: center !important;background-repeat: no-repeat !important;background-size: cover !important;}&#8221; el_class=&#8221;banner&#8221;][vc_column][vc_row_inner row_content_width=&#8221;container&#8221;][vc_column_inner][vc_custom_heading text=&#8221;Politique de qualit\u00e9&#8221; font_container=&#8221;tag:h1|text_align:center|color:%23ffffff&#8221; use_theme_fonts=&#8221;yes&#8221; font_weight=&#8221;font-weight: 400;&#8221;][vc_single_image image=&#8221;306&#8243; img_size=&#8221;full&#8221; alignment=&#8221;center&#8221; onclick=&#8221;custom_link&#8221; image_svg=&#8221;yes&#8221; image_content_width=&#8221;50px&#8221; link=&#8221;#content&#8221; el_class=&#8221;banner-icon-scroll&#8221;][\/vc_column_inner][\/vc_row_inner][\/vc_column][\/vc_row][vc_row row_content_width=&#8221;container&#8221; el_id=&#8221;content&#8221; css=&#8221;.vc_custom_1567752941429{margin-bottom: 40px !important;}&#8221;][vc_column][vc_column_text] Politique de Qualit\u00e9 La Politique de Qualit\u00e9 de BSV ELECTRONIC, S.L. d\u00e9finit le cadre \u00e0 l&#8217;\u00e9tablissement des objectifs d&#8217;am\u00e9lioration [&hellip;]<\/p>\n","protected":false},"author":1,"featured_media":0,"parent":0,"menu_order":0,"comment_status":"closed","ping_status":"closed","template":"","meta":[],"_links":{"self":[{"href":"https:\/\/www.bspool.eu\/fr\/wp-json\/wp\/v2\/pages\/3233"}],"collection":[{"href":"https:\/\/www.bspool.eu\/fr\/wp-json\/wp\/v2\/pages"}],"about":[{"href":"https:\/\/www.bspool.eu\/fr\/wp-json\/wp\/v2\/types\/page"}],"author":[{"embeddable":true,"href":"https:\/\/www.bspool.eu\/fr\/wp-json\/wp\/v2\/users\/1"}],"replies":[{"embeddable":true,"href":"https:\/\/www.bspool.eu\/fr\/wp-json\/wp\/v2\/comments?post=3233"}],"version-history":[{"count":2,"href":"https:\/\/www.bspool.eu\/fr\/wp-json\/wp\/v2\/pages\/3233\/revisions"}],"predecessor-version":[{"id":3236,"href":"https:\/\/www.bspool.eu\/fr\/wp-json\/wp\/v2\/pages\/3233\/revisions\/3236"}],"wp:attachment":[{"href":"https:\/\/www.bspool.eu\/fr\/wp-json\/wp\/v2\/media?parent=3233"}],"curies":[{"name":"wp","href":"https:\/\/api.w.org\/{rel}","templated":true}]}}