{"id":3270,"date":"2019-08-19T13:09:14","date_gmt":"2019-08-19T11:09:14","guid":{"rendered":"https:\/\/www.bspool.eu\/catalogos\/"},"modified":"2026-01-15T16:49:04","modified_gmt":"2026-01-15T15:49:04","slug":"catalogue","status":"publish","type":"page","link":"https:\/\/www.bspool.eu\/fr\/catalogue\/","title":{"rendered":"Catalogue"},"content":{"rendered":"<p>[vc_row full_width=&#8221;stretch_row_content_no_spaces&#8221; full_height=&#8221;yes&#8221; css=&#8221;.vc_custom_1567699239408{background-image: url(https:\/\/www.bspool.eu\/wp-content\/uploads\/2019\/09\/banner-catalogo.jpg?id=986) !important;background-position: center !important;background-repeat: no-repeat !important;background-size: cover !important;}&#8221; el_class=&#8221;banner&#8221;][vc_column][vc_row_inner row_content_width=&#8221;container&#8221;][vc_column_inner][vc_custom_heading text=&#8221;D\u00e9couvrez notre<br \/>\n<strong>catalogue de produits<\/strong>&#8221; font_container=&#8221;tag:h1|text_align:center|color:%23ffffff&#8221; use_theme_fonts=&#8221;yes&#8221; font_weight=&#8221;font-weight: 400;&#8221; css=&#8221;.vc_custom_1588773201679{margin-bottom: 40px !important;}&#8221;][vc_btn title=&#8221;T\u00e9l\u00e9chargez ici&#8221; style=&#8221;custom&#8221; custom_background=&#8221;#a1e4f2&#8243; custom_text=&#8221;#002642&#8243; align=&#8221;center&#8221; el_class=&#8221;btn-custom&#8221; link=&#8221;url:https%3A%2F%2Fwww.bspool.eu%2Fwp-content%2Fuploads%2F2026%2F01%2FBSV_Catalogo2026.pdf||target:%20_blank|&#8221;][\/vc_column_inner][\/vc_row_inner][\/vc_column][\/vc_row][vc_row el_id=&#8221;content&#8221;][vc_column css=&#8221;.vc_custom_1567764329245{padding-top: 0px !important;}&#8221;][\/vc_column][\/vc_row][vc_row equal_height=&#8221;yes&#8221; content_placement=&#8221;middle&#8221; row_responsive=&#8221;d&#8211;none d&#8211;md-flex&#8221; css=&#8221;.vc_custom_1589360185925{margin-top: 30px !important;margin-bottom: 30px !important;padding-right: 30px !important;padding-left: 30px !important;}&#8221; el_id=&#8221;content&#8221; el_class=&#8221;catalogue-frances&#8221;][vc_column width=&#8221;1\/4&#8243; css=&#8221;.vc_custom_1652957109266{padding-top: 20% !important;padding-right: 10% !important;padding-bottom: 20% !important;padding-left: 10% !important;background-image: url(https:\/\/www.bspool.eu\/wp-content\/uploads\/2019\/08\/banner-1.jpg?id=30) !important;background-position: center !important;background-repeat: no-repeat !important;background-size: cover !important;}&#8221; el_class=&#8221;fondo-cloracion-salina&#8221;][vc_single_image image=&#8221;171&#8243; img_size=&#8221;full&#8221; image_svg=&#8221;yes&#8221; image_content_width=&#8221;100px&#8221;][vc_custom_heading text=&#8221;\u00c9lectrolyse au sel&#8221; font_container=&#8221;tag:h2|text_align:left|color:%23ffffff&#8221; use_theme_fonts=&#8221;yes&#8221; font_weight=&#8221;font-weight: 900;&#8221; css=&#8221;.vc_custom_1652957053478{margin-bottom: 30px !important;}&#8221; el_class=&#8221;texto-sombreado&#8221;][vc_column_text el_class=&#8221;text&#8211;white&#8221;]<a href=\"https:\/\/www.bspool.eu\/fr\/electrolyse-au-sel\/\">Voir Produits &gt;<\/a>[\/vc_column_text][\/vc_column][vc_column width=&#8221;1\/4&#8243; css=&#8221;.vc_custom_1652957122050{padding-top: 20% !important;padding-right: 10% !important;padding-bottom: 20% !important;padding-left: 10% !important;background-image: url(https:\/\/www.bspool.eu\/wp-content\/uploads\/2019\/09\/agua_recortada.jpg?id=1240) !important;background-position: center !important;background-repeat: no-repeat !important;background-size: cover !important;}&#8221; el_class=&#8221;fondo-dosificacion&#8221;][vc_single_image image=&#8221;195&#8243; img_size=&#8221;full&#8221; image_svg=&#8221;yes&#8221; image_content_width=&#8221;87px&#8221;][vc_custom_heading text=&#8221;Dosage&#8221; font_container=&#8221;tag:h2|text_align:left|color:%23ffffff&#8221; google_fonts=&#8221;font_family:Montserrat%3Aregular%2C700|font_style:700%20bold%20regular%3A700%3Anormal&#8221; font_weight=&#8221;font-weight: 900;&#8221; css=&#8221;.vc_custom_1652957058313{margin-bottom: 30px !important;}&#8221; el_class=&#8221;texto-sombreado&#8221;][vc_column_text el_class=&#8221;text&#8211;white&#8221;]<a href=\"https:\/\/www.bspool.eu\/fr\/dosage\/\">Voir Produits &gt;<\/a>[\/vc_column_text][\/vc_column][vc_column width=&#8221;1\/4&#8243; css=&#8221;.vc_custom_1652957133878{padding-top: 20% !important;padding-right: 10% !important;padding-bottom: 20% !important;padding-left: 10% !important;background-image: url(https:\/\/www.bspool.eu\/wp-content\/uploads\/2019\/08\/banner-3.jpg?id=46) !important;background-position: center !important;background-repeat: no-repeat !important;background-size: cover !important;}&#8221; el_class=&#8221;fondo-automatizacion&#8221;][vc_single_image image=&#8221;185&#8243; img_size=&#8221;full&#8221; image_svg=&#8221;yes&#8221; image_content_width=&#8221;83px&#8221;][vc_custom_heading text=&#8221;Automatisation&#8221; font_container=&#8221;tag:h2|text_align:left|color:%23ffffff&#8221; google_fonts=&#8221;font_family:Montserrat%3Aregular%2C700|font_style:700%20bold%20regular%3A700%3Anormal&#8221; font_weight=&#8221;font-weight: 900;&#8221; css=&#8221;.vc_custom_1652957062149{margin-bottom: 30px !important;}&#8221; el_class=&#8221;texto-sombreado&#8221;][vc_column_text el_class=&#8221;text&#8211;white&#8221;]<a href=\"https:\/\/www.bspool.eu\/fr\/automatisation\/\">Voir Produits &gt;<\/a>[\/vc_column_text][\/vc_column][vc_column width=&#8221;1\/4&#8243; css=&#8221;.vc_custom_1705581653889{padding-top: 20% !important;padding-right: 10% !important;padding-bottom: 20% !important;padding-left: 10% !important;background-image: url(https:\/\/www.bspool.eu\/wp-content\/uploads\/2022\/05\/001_Web_BSPool_BannerProductos_Domotica.png?id=6808) !important;}&#8221;][vc_single_image image=&#8221;6700&#8243; img_size=&#8221;500px&#8221; image_svg=&#8221;yes&#8221; image_content_width=&#8221;83px&#8221;][vc_custom_heading text=&#8221;Domotique&#8221; font_container=&#8221;tag:h2|text_align:left|color:%23ffffff&#8221; google_fonts=&#8221;font_family:Montserrat%3Aregular%2C700|font_style:700%20bold%20regular%3A700%3Anormal&#8221; font_weight=&#8221;font-weight: 900;&#8221; css=&#8221;.vc_custom_1705581089996{margin-bottom: 30px !important;}&#8221; el_class=&#8221;texto-sombreado&#8221;][vc_column_text el_class=&#8221;text&#8211;white&#8221;]<a href=\"https:\/\/www.bspool.eu\/fr\/automatisation-de-la-maison\/\">Voir Produits &gt;<\/a>[\/vc_column_text][\/vc_column][\/vc_row][vc_row full_width=&#8221;stretch_row_content_no_spaces&#8221; equal_height=&#8221;yes&#8221; content_placement=&#8221;middle&#8221; row_responsive=&#8221;d&#8211;none d&#8211;sm-flex&#8221; css=&#8221;.vc_custom_1567764450129{margin-top: 15px !important;}&#8221;][vc_column css=&#8221;.vc_custom_1652957113120{padding-top: 20% !important;padding-right: 10% !important;padding-bottom: 20% !important;padding-left: 10% !important;background-image: url(https:\/\/www.bspool.eu\/wp-content\/uploads\/2019\/08\/banner-1.jpg?id=30) !important;background-position: center !important;background-repeat: no-repeat !important;background-size: cover !important;}&#8221; offset=&#8221;vc_hidden-lg&#8221; el_class=&#8221;fondo-cloracion-salina&#8221;][vc_single_image image=&#8221;171&#8243; img_size=&#8221;full&#8221; image_svg=&#8221;yes&#8221; image_content_width=&#8221;100px&#8221;][vc_custom_heading text=&#8221;\u00c9lectrolyse au sel&#8221; font_container=&#8221;tag:h2|text_align:left|color:%23ffffff&#8221; use_theme_fonts=&#8221;yes&#8221; font_weight=&#8221;font-weight: 900;&#8221; css=&#8221;.vc_custom_1652957070615{margin-bottom: 30px !important;}&#8221; el_class=&#8221;texto-sombreado&#8221;][vc_column_text el_class=&#8221;text&#8211;white&#8221;]<a href=\"https:\/\/www.bspool.eu\/fr\/electrolyse-au-sel\/\">Voir Produits &gt;<\/a>[\/vc_column_text][\/vc_column][\/vc_row][vc_row full_width=&#8221;stretch_row_content_no_spaces&#8221; content_placement=&#8221;middle&#8221; row_responsive=&#8221;d&#8211;none d&#8211;sm-flex&#8221;][vc_column css=&#8221;.vc_custom_1652957126022{padding-top: 20% !important;padding-right: 10% !important;padding-bottom: 20% !important;padding-left: 10% !important;background-image: url(https:\/\/www.bspool.eu\/wp-content\/uploads\/2019\/09\/agua_recortada.jpg?id=1240) !important;background-position: center !important;background-repeat: no-repeat !important;background-size: cover !important;}&#8221; offset=&#8221;vc_hidden-lg&#8221; el_class=&#8221;fondo-dosificacion&#8221;][vc_single_image image=&#8221;195&#8243; img_size=&#8221;full&#8221; image_svg=&#8221;yes&#8221; image_content_width=&#8221;87px&#8221;][vc_custom_heading text=&#8221;Dosage&#8221; font_container=&#8221;tag:h2|text_align:left|color:%23ffffff&#8221; google_fonts=&#8221;font_family:Montserrat%3Aregular%2C700|font_style:700%20bold%20regular%3A700%3Anormal&#8221; font_weight=&#8221;font-weight: 900;&#8221; css=&#8221;.vc_custom_1652957078593{margin-bottom: 30px !important;}&#8221; el_class=&#8221;texto-sombreado&#8221;][vc_column_text el_class=&#8221;text&#8211;white&#8221;]<a href=\"https:\/\/www.bspool.eu\/fr\/dosage\/\">Voir Produits &gt;<\/a>[\/vc_column_text][\/vc_column][\/vc_row][vc_row full_width=&#8221;stretch_row_content_no_spaces&#8221; equal_height=&#8221;yes&#8221; content_placement=&#8221;middle&#8221; row_responsive=&#8221;d&#8211;none d&#8211;sm-flex&#8221; css=&#8221;.vc_custom_1567764511139{margin-bottom: 15px !important;}&#8221;][vc_column css=&#8221;.vc_custom_1652957145404{padding-top: 20% !important;padding-right: 10% !important;padding-bottom: 20% !important;padding-left: 10% !important;background-image: url(https:\/\/www.bspool.eu\/wp-content\/uploads\/2019\/08\/banner-3.jpg?id=46) !important;background-position: center !important;background-repeat: no-repeat !important;background-size: cover !important;}&#8221; offset=&#8221;vc_hidden-lg&#8221; el_class=&#8221;fondo-automatizacion&#8221;][vc_single_image image=&#8221;185&#8243; img_size=&#8221;full&#8221; image_svg=&#8221;yes&#8221; image_content_width=&#8221;83px&#8221;][vc_custom_heading text=&#8221;Automatisation&#8221; font_container=&#8221;tag:h2|text_align:left|color:%23ffffff&#8221; google_fonts=&#8221;font_family:Montserrat%3Aregular%2C700|font_style:700%20bold%20regular%3A700%3Anormal&#8221; font_weight=&#8221;font-weight: 900;&#8221; css=&#8221;.vc_custom_1652957088331{margin-bottom: 30px !important;}&#8221; el_class=&#8221;texto-sombreado&#8221;][vc_column_text el_class=&#8221;text&#8211;white&#8221;]<a href=\"https:\/\/www.bspool.eu\/fr\/automatisation\/\">Voir Produits &gt;<\/a>[\/vc_column_text][\/vc_column][\/vc_row][vc_row full_width=&#8221;stretch_row_content_no_spaces&#8221; equal_height=&#8221;yes&#8221; content_placement=&#8221;middle&#8221; row_responsive=&#8221;d&#8211;none d&#8211;sm-flex&#8221; css=&#8221;.vc_custom_1567764511139{margin-bottom: 15px !important;}&#8221;][vc_column css=&#8221;.vc_custom_1705581267371{padding-top: 20% !important;padding-right: 10% !important;padding-bottom: 20% !important;padding-left: 10% !important;background-image: url(https:\/\/www.bspool.eu\/wp-content\/uploads\/2022\/05\/001_Web_BSPool_BannerProductos_Domotica.png?id=6808) !important;background-position: center !important;background-repeat: no-repeat !important;background-size: cover !important;}&#8221; offset=&#8221;vc_hidden-lg&#8221; el_class=&#8221;fondo-automatizacion&#8221;][vc_single_image image=&#8221;6700&#8243; img_size=&#8221;500px&#8221; image_svg=&#8221;yes&#8221; image_content_width=&#8221;83px&#8221;][vc_custom_heading text=&#8221;Domotique&#8221; font_container=&#8221;tag:h2|text_align:left|color:%23ffffff&#8221; google_fonts=&#8221;font_family:Montserrat%3Aregular%2C700|font_style:700%20bold%20regular%3A700%3Anormal&#8221; font_weight=&#8221;font-weight: 900;&#8221; css=&#8221;.vc_custom_1705581287732{margin-bottom: 30px !important;}&#8221; el_class=&#8221;texto-sombreado&#8221;][vc_column_text el_class=&#8221;text&#8211;white&#8221;]<a href=\"https:\/\/www.bspool.eu\/fr\/automatisation-de-la-maison\/\">Voir Produits &gt;<\/a>[\/vc_column_text][\/vc_column][\/vc_row][vc_row full_width=&#8221;stretch_row_content_no_spaces&#8221;][vc_column css=&#8221;.vc_custom_1566807329560{padding-top: 0px !important;}&#8221;][vc_row_inner equal_height=&#8221;yes&#8221; content_placement=&#8221;middle&#8221; css=&#8221;.vc_custom_1566980971573{padding-right: 0px !important;padding-left: 0px !important;}&#8221;][vc_column_inner width=&#8221;1\/2&#8243; css=&#8221;.vc_custom_1566982430894{padding-top: 10% !important;padding-right: 10% !important;padding-bottom: 10% !important;padding-left: 10% !important;background-color: #a1e4f2 !important;}&#8221;][vc_custom_heading text=&#8221;Vous \u00eates un particulier?&#8221; use_theme_fonts=&#8221;yes&#8221; css=&#8221;.vc_custom_1588773339749{margin-bottom: 30px !important;}&#8221;][vc_custom_heading text=&#8221;Laissez-nous vos coordonn\u00e9es et nous vous contacterons pour vous donner des informations sans engagement sur l&#8217;\u00e9lectrolyseur au sel qui s&#8217;adapte le mieux \u00e0 vos besoins.&#8221; font_container=&#8221;tag:p|text_align:left&#8221; use_theme_fonts=&#8221;yes&#8221; css=&#8221;.vc_custom_1588773347520{margin-bottom: 50px !important;}&#8221;]<div role=\"form\" class=\"wpcf7\" id=\"wpcf7-f24074-o1\" dir=\"ltr\">\n<div class=\"screen-reader-response\" aria-live=\"polite\"><\/div>\n<form action=\"\/fr\/wp-json\/wp\/v2\/pages\/3270#wpcf7-f24074-o1\" method=\"post\" class=\"wpcf7-form\" novalidate=\"novalidate\">\n<div style=\"display: none;\">\n<input type=\"hidden\" name=\"_wpcf7\" value=\"24074\" \/>\n<input type=\"hidden\" name=\"_wpcf7_version\" value=\"5.1.8\" \/>\n<input type=\"hidden\" name=\"_wpcf7_locale\" value=\"\" \/>\n<input type=\"hidden\" name=\"_wpcf7_unit_tag\" value=\"wpcf7-f24074-o1\" \/>\n<input type=\"hidden\" name=\"_wpcf7_container_post\" value=\"0\" \/>\n<\/div>\n<div class=\"form-product form-product--particular\">\n  <span class=\"wpcf7-form-control-wrap your-name\"><input type=\"text\" name=\"your-name\" value=\"\" size=\"40\" class=\"wpcf7-form-control wpcf7-text wpcf7-validates-as-required\" aria-required=\"true\" aria-invalid=\"false\" placeholder=\"*Nom et pr\u00e9nom\" \/><\/span><br \/>\n  <span class=\"wpcf7-form-control-wrap your-email\"><input type=\"email\" name=\"your-email\" value=\"\" size=\"40\" class=\"wpcf7-form-control wpcf7-text wpcf7-email wpcf7-validates-as-required wpcf7-validates-as-email\" aria-required=\"true\" aria-invalid=\"false\" placeholder=\"*E-mail\" \/><\/span><br \/>\n  <span class=\"wpcf7-form-control-wrap your-phone\"><input type=\"text\" name=\"your-phone\" value=\"\" size=\"40\" class=\"wpcf7-form-control wpcf7-text\" aria-invalid=\"false\" placeholder=\"T\u00e9l\u00e9phone\" \/><\/span><\/p>\n<div class=\"text--right\">\n<span id=\"wpcf7-6a050d03590af-wrapper\" class=\"wpcf7-form-control-wrap info-wrap\" style=\"display:none !important; visibility:hidden !important;\"><label for=\"wpcf7-6a050d03590af-field\" class=\"hp-message\">Veuillez laisser ce champ vide.<\/label><input id=\"wpcf7-6a050d03590af-field\"  class=\"wpcf7-form-control wpcf7-text\" type=\"text\" name=\"info\" value=\"\" size=\"40\" tabindex=\"-1\" autocomplete=\"new-password\" \/><\/span><br \/>\n<label><span class=\"wpcf7-form-control-wrap politica-privacidad\"><span class=\"wpcf7-form-control wpcf7-checkbox wpcf7-validates-as-required\"><span class=\"wpcf7-list-item first last\"><input type=\"checkbox\" name=\"politica-privacidad[]\" value=\"\" \/><span class=\"wpcf7-list-item-label\"><\/span><\/span><\/span><\/span><span class=\"checkbox-text\">J'ai lu et accepte le <a href=\"https:\/\/www.bspool.eu\/fr\/politique-de-confidentialite\/\" target=\"!blank\">Politique de confidentialit\u00e9<\/a>.<\/span><\/label><\/p>\n<p><label><span class=\"wpcf7-form-control-wrap informacion-comercial\"><span class=\"wpcf7-form-control wpcf7-checkbox\"><span class=\"wpcf7-list-item first last\"><input type=\"checkbox\" name=\"informacion-comercial[]\" value=\"\" \/><span class=\"wpcf7-list-item-label\"><\/span><\/span><\/span><\/span><span class=\"checkbox-text\">J'accepte de recevoir les informations commerciales que BSV ELECTRONIC SL juge opportun de m'envoyer par courrier \u00e9lectronique. Il est possible de se d\u00e9sinscrire \u00e0 tout moment.<\/span><\/label><br \/>\n    <input type=\"submit\" value=\"Envoyer\" class=\"wpcf7-form-control wpcf7-submit\" \/>\n  <\/div>\n<\/div>\n<div class=\"wpcf7-response-output wpcf7-display-none\" aria-hidden=\"true\"><\/div><\/form><\/div>[\/vc_column_inner][vc_column_inner width=&#8221;1\/2&#8243; css=&#8221;.vc_custom_1566982437884{padding-top: 10% !important;padding-right: 10% !important;padding-bottom: 10% !important;padding-left: 10% !important;background-color: #002642 !important;}&#8221;][vc_custom_heading text=&#8221;Vous \u00eates distributeur?&#8221; font_container=&#8221;tag:h2|text_align:left|color:%23a1e4f2&#8243; use_theme_fonts=&#8221;yes&#8221; css=&#8221;.vc_custom_1588773362564{margin-bottom: 30px !important;}&#8221;][vc_custom_heading text=&#8221;Remplissez le formulaire avec les coordonn\u00e9es de votre entreprise pour recevoir des informations sur les solutions d&#8217;\u00e9lectrolyse au sel que vous pouvez proposer \u00e0 vos clients.&#8221; font_container=&#8221;tag:p|text_align:left|color:%23a1e4f2&#8243; use_theme_fonts=&#8221;yes&#8221; css=&#8221;.vc_custom_1588773372115{margin-bottom: 50px !important;}&#8221;]<div role=\"form\" class=\"wpcf7\" id=\"wpcf7-f24068-o2\" dir=\"ltr\">\n<div class=\"screen-reader-response\" aria-live=\"polite\"><\/div>\n<form action=\"\/fr\/wp-json\/wp\/v2\/pages\/3270#wpcf7-f24068-o2\" method=\"post\" class=\"wpcf7-form\" novalidate=\"novalidate\">\n<div style=\"display: none;\">\n<input type=\"hidden\" name=\"_wpcf7\" value=\"24068\" \/>\n<input type=\"hidden\" name=\"_wpcf7_version\" value=\"5.1.8\" \/>\n<input type=\"hidden\" name=\"_wpcf7_locale\" value=\"\" \/>\n<input type=\"hidden\" name=\"_wpcf7_unit_tag\" value=\"wpcf7-f24068-o2\" \/>\n<input type=\"hidden\" name=\"_wpcf7_container_post\" value=\"0\" \/>\n<\/div>\n<div class=\"form-product form-product--distribuidor\">\n  <span class=\"wpcf7-form-control-wrap your-name\"><input type=\"text\" name=\"your-name\" value=\"\" size=\"40\" class=\"wpcf7-form-control wpcf7-text wpcf7-validates-as-required\" aria-required=\"true\" aria-invalid=\"false\" placeholder=\"*Nom de l&#039;entreprise\" \/><\/span><br \/>\n  <span class=\"wpcf7-form-control-wrap your-email\"><input type=\"email\" name=\"your-email\" value=\"\" size=\"40\" class=\"wpcf7-form-control wpcf7-text wpcf7-email wpcf7-validates-as-required wpcf7-validates-as-email\" aria-required=\"true\" aria-invalid=\"false\" placeholder=\"*E-mail\" \/><\/span><br \/>\n  <span class=\"wpcf7-form-control-wrap your-phone\"><input type=\"text\" name=\"your-phone\" value=\"\" size=\"40\" class=\"wpcf7-form-control wpcf7-text\" aria-invalid=\"false\" placeholder=\"T\u00e9l\u00e9phone\" \/><\/span><\/p>\n<div class=\"text--right\">\n<span id=\"wpcf7-6a050d0359915-wrapper\" class=\"wpcf7-form-control-wrap info-wrap\" style=\"display:none !important; visibility:hidden !important;\"><label for=\"wpcf7-6a050d0359915-field\" class=\"hp-message\">Veuillez laisser ce champ vide.<\/label><input id=\"wpcf7-6a050d0359915-field\"  class=\"wpcf7-form-control wpcf7-text\" type=\"text\" name=\"info\" value=\"\" size=\"40\" tabindex=\"-1\" autocomplete=\"new-password\" \/><\/span><br \/>\n<label><span class=\"wpcf7-form-control-wrap politica-privacidad\"><span class=\"wpcf7-form-control wpcf7-checkbox wpcf7-validates-as-required\"><span class=\"wpcf7-list-item first last\"><input type=\"checkbox\" name=\"politica-privacidad[]\" value=\"\" \/><span class=\"wpcf7-list-item-label\"><\/span><\/span><\/span><\/span><span class=\"checkbox-text\">J'ai lu et accepte le <a href=\"https:\/\/www.bspool.eu\/fr\/politique-de-confidentialite\/\" target=\"!blank\">Politique de confidentialit\u00e9<\/a>.<\/span><\/label><\/p>\n<p><label><span class=\"wpcf7-form-control-wrap informacion-comercial\"><span class=\"wpcf7-form-control wpcf7-checkbox\"><span class=\"wpcf7-list-item first last\"><input type=\"checkbox\" name=\"informacion-comercial[]\" value=\"\" \/><span class=\"wpcf7-list-item-label\"><\/span><\/span><\/span><\/span><span class=\"checkbox-text\">J'accepte de recevoir les informations commerciales que BSV ELECTRONIC SL juge opportun de m'envoyer par courrier \u00e9lectronique. Il est possible de se d\u00e9sinscrire \u00e0 tout moment.<\/span><\/label><br \/>\n<input type=\"submit\" value=\"Envoyer\" class=\"wpcf7-form-control wpcf7-submit\" \/><\/p><\/div>\n<\/div>\n<div class=\"wpcf7-response-output wpcf7-display-none\" aria-hidden=\"true\"><\/div><\/form><\/div>[\/vc_column_inner][\/vc_row_inner][\/vc_column][\/vc_row]<\/p>\n","protected":false},"excerpt":{"rendered":"<p>[vc_row full_width=&#8221;stretch_row_content_no_spaces&#8221; full_height=&#8221;yes&#8221; css=&#8221;.vc_custom_1567699239408{background-image: url(https:\/\/www.bspool.eu\/wp-content\/uploads\/2019\/09\/banner-catalogo.jpg?id=986) !important;background-position: center !important;background-repeat: no-repeat !important;background-size: cover !important;}&#8221; el_class=&#8221;banner&#8221;][vc_column][vc_row_inner row_content_width=&#8221;container&#8221;][vc_column_inner][vc_custom_heading text=&#8221;D\u00e9couvrez notre catalogue de produits&#8221; font_container=&#8221;tag:h1|text_align:center|color:%23ffffff&#8221; use_theme_fonts=&#8221;yes&#8221; font_weight=&#8221;font-weight: 400;&#8221; css=&#8221;.vc_custom_1588773201679{margin-bottom: 40px !important;}&#8221;][vc_btn title=&#8221;T\u00e9l\u00e9chargez ici&#8221; style=&#8221;custom&#8221; custom_background=&#8221;#a1e4f2&#8243; custom_text=&#8221;#002642&#8243; align=&#8221;center&#8221; el_class=&#8221;btn-custom&#8221; link=&#8221;url:https%3A%2F%2Fwww.bspool.eu%2Fwp-content%2Fuploads%2F2026%2F01%2FBSV_Catalogo2026.pdf||target:%20_blank|&#8221;][\/vc_column_inner][\/vc_row_inner][\/vc_column][\/vc_row][vc_row el_id=&#8221;content&#8221;][vc_column css=&#8221;.vc_custom_1567764329245{padding-top: 0px !important;}&#8221;][\/vc_column][\/vc_row][vc_row equal_height=&#8221;yes&#8221; content_placement=&#8221;middle&#8221; row_responsive=&#8221;d&#8211;none d&#8211;md-flex&#8221; css=&#8221;.vc_custom_1589360185925{margin-top: 30px !important;margin-bottom: 30px !important;padding-right: 30px !important;padding-left: 30px !important;}&#8221; el_id=&#8221;content&#8221; el_class=&#8221;catalogue-frances&#8221;][vc_column width=&#8221;1\/4&#8243; css=&#8221;.vc_custom_1652957109266{padding-top: [&hellip;]<\/p>\n","protected":false},"author":1,"featured_media":0,"parent":0,"menu_order":0,"comment_status":"closed","ping_status":"closed","template":"","meta":[],"_links":{"self":[{"href":"https:\/\/www.bspool.eu\/fr\/wp-json\/wp\/v2\/pages\/3270"}],"collection":[{"href":"https:\/\/www.bspool.eu\/fr\/wp-json\/wp\/v2\/pages"}],"about":[{"href":"https:\/\/www.bspool.eu\/fr\/wp-json\/wp\/v2\/types\/page"}],"author":[{"embeddable":true,"href":"https:\/\/www.bspool.eu\/fr\/wp-json\/wp\/v2\/users\/1"}],"replies":[{"embeddable":true,"href":"https:\/\/www.bspool.eu\/fr\/wp-json\/wp\/v2\/comments?post=3270"}],"version-history":[{"count":14,"href":"https:\/\/www.bspool.eu\/fr\/wp-json\/wp\/v2\/pages\/3270\/revisions"}],"predecessor-version":[{"id":34610,"href":"https:\/\/www.bspool.eu\/fr\/wp-json\/wp\/v2\/pages\/3270\/revisions\/34610"}],"wp:attachment":[{"href":"https:\/\/www.bspool.eu\/fr\/wp-json\/wp\/v2\/media?parent=3270"}],"curies":[{"name":"wp","href":"https:\/\/api.w.org\/{rel}","templated":true}]}}