{"id":3285,"date":"2019-08-19T13:10:18","date_gmt":"2019-08-19T11:10:18","guid":{"rendered":"https:\/\/www.bspool.eu\/contacto\/"},"modified":"2023-11-07T11:44:31","modified_gmt":"2023-11-07T10:44:31","slug":"contact","status":"publish","type":"page","link":"https:\/\/www.bspool.eu\/fr\/contact\/","title":{"rendered":"Contact"},"content":{"rendered":"<p>[vc_row full_width=&#8221;stretch_row_content_no_spaces&#8221; el_class=&#8221;contact-map&#8221;][vc_column css=&#8221;.vc_custom_1565167632521{padding-top: 0px !important;}&#8221;][vc_row_inner css=&#8221;.vc_custom_1581412051405{padding-right: 0px !important;padding-left: 0px !important;background-color: #002642 !important;}&#8221; el_class=&#8221;google-mapa activado&#8221;][vc_column_inner css=&#8221;.vc_custom_1565167643483{padding-top: 0px !important;}&#8221;][vc_gmaps link=&#8221;#E-8_JTNDaWZyYW1lJTIwc3JjJTNEJTIyaHR0cHMlM0ElMkYlMkZ3d3cuZ29vZ2xlLmNvbSUyRm1hcHMlMkZlbWJlZCUzRnBiJTNEJTIxMW0xOCUyMTFtMTIlMjExbTMlMjExZDI5ODIuMzM4NjI0NzA1NjE4MyUyMTJkMi4yODY1MzQ2MTU0MzMyNDEzJTIxM2Q0MS42MjY4MTE0NzkyNDI5NSUyMTJtMyUyMTFmMCUyMTJmMCUyMTNmMCUyMTNtMiUyMTFpMTAyNCUyMTJpNzY4JTIxNGYxMy4xJTIxM20zJTIxMW0yJTIxMXMweDEyYTRjNjNhMDgzNzZjMjMlMjUzQTB4ZWY4YjI3YjhhZDEyYzliNyUyMTJzQnN2JTJCRWxlY3Ryb25pYyUyNTJDJTJCUy5MLiUyMTVlMCUyMTNtMiUyMTFzZXMlMjEyc2VzJTIxNHYxNTY1MTYzMDQxMjQ4JTIxNW0yJTIxMXNlcyUyMTJzZXMlMjIlMjB3aWR0aCUzRCUyMjYwMCUyMiUyMGhlaWdodCUzRCUyMjQ1MCUyMiUyMGZyYW1lYm9yZGVyJTNEJTIyMCUyMiUyMHN0eWxlJTNEJTIyYm9yZGVyJTNBMCUyMiUyMGFsbG93ZnVsbHNjcmVlbiUzRSUzQyUyRmlmcmFtZSUzRQ==&#8221; size=&#8221;460&#8243; css=&#8221;.vc_custom_1567425826278{margin-bottom: 0px !important;}&#8221;][\/vc_column_inner][\/vc_row_inner][vc_row_inner css=&#8221;.vc_custom_1581411941700{padding-right: 0px !important;padding-left: 0px !important;background-color: #002642 !important;}&#8221; el_class=&#8221;google-mapa&#8221;][vc_column_inner css=&#8221;.vc_custom_1565167643483{padding-top: 0px !important;}&#8221;][vc_gmaps link=&#8221;#E-8_JTNDaWZyYW1lJTIwc3JjJTNEJTIyaHR0cHMlM0ElMkYlMkZ3d3cuZ29vZ2xlLmNvbSUyRm1hcHMlMkZlbWJlZCUzRnBiJTNEJTIxMW0xOCUyMTFtMTIlMjExbTMlMjExZDYyOTEuODQ5OTM0NTE4MzIxJTIxMmQtMS4yMDQwNTYxMjM1OTYwMTY1JTIxM2QzNy45NTU1Mzc5MTg5MDc4JTIxMm0zJTIxMWYwJTIxMmYwJTIxM2YwJTIxM20yJTIxMWkxMDI0JTIxMmk3NjglMjE0ZjEzLjElMjEzbTMlMjExbTIlMjExczB4ZDYzN2YyOTY0MWYyYmFmJTI1M0EweGFhYjUzOTA4N2MyOWRmYTglMjEyc1BvbGlnb25vJTI1MjBJbmR1c3RyaWFsJTI1MjBPZXN0ZSUyMTVlMCUyMTNtMiUyMTFzZXMlMjEyc2VzJTIxNHYxNTgxNDExNzU3NjYwJTIxNW0yJTIxMXNlcyUyMTJzZXMlMjIlMjB3aWR0aCUzRCUyMjYwMCUyMiUyMGhlaWdodCUzRCUyMjQ1MCUyMiUyMGZyYW1lYm9yZGVyJTNEJTIyMCUyMiUyMHN0eWxlJTNEJTIyYm9yZGVyJTNBMCUzQiUyMiUyMGFsbG93ZnVsbHNjcmVlbiUzRCUyMiUyMiUzRSUzQyUyRmlmcmFtZSUzRQ==&#8221; size=&#8221;460&#8243; css=&#8221;.vc_custom_1581411781015{margin-bottom: 0px !important;}&#8221;][\/vc_column_inner][\/vc_row_inner][vc_row_inner css=&#8221;.vc_custom_1581411945948{padding-right: 0px !important;padding-left: 0px !important;background-color: #002642 !important;}&#8221; el_class=&#8221;google-mapa&#8221;][vc_column_inner css=&#8221;.vc_custom_1565167643483{padding-top: 0px !important;}&#8221;][vc_gmaps link=&#8221;#E-8_JTNDaWZyYW1lJTIwc3JjJTNEJTIyaHR0cHMlM0ElMkYlMkZ3d3cuZ29vZ2xlLmNvbSUyRm1hcHMlMkZlbWJlZCUzRnBiJTNEJTIxMW0xOCUyMTFtMTIlMjExbTMlMjExZDM1OTIuMzc0MTk4NzkxODI2NSUyMTJkLTgwLjE0MTE1MDg4NDk3ODQzJTIxM2QyNS43OTEyMjYxODM2MjMzNzYlMjEybTMlMjExZjAlMjEyZjAlMjEzZjAlMjEzbTIlMjExaTEwMjQlMjEyaTc2OCUyMTRmMTMuMSUyMTNtMyUyMTFtMiUyMTFzMHg4OGQ5YjQ4NjVlZGIzZDhmJTI1M0EweDJhMWM5NjI0YWFmZjRjYTUlMjEyczE2ODAlMjUyME1pY2hpZ2FuJTI1MjBBdmUlMjUyMFNURSUyNTIwNzAwRCUyNTJDJTI1MjBNaWFtaSUyNTIwQmVhY2glMjUyQyUyNTIwRkwlMjUyMDMzMTM5JTI1MkMlMjUyMEVFLiUyNTIwVVUuJTIxNWUwJTIxM20yJTIxMXNlcyUyMTJzZXMlMjE0djE1ODE0MTE4NDcyMjclMjE1bTIlMjExc2VzJTIxMnNlcyUyMiUyMHdpZHRoJTNEJTIyNjAwJTIyJTIwaGVpZ2h0JTNEJTIyNDUwJTIyJTIwZnJhbWVib3JkZXIlM0QlMjIwJTIyJTIwc3R5bGUlM0QlMjJib3JkZXIlM0EwJTNCJTIyJTIwYWxsb3dmdWxsc2NyZWVuJTNEJTIyJTIyJTNFJTNDJTJGaWZyYW1lJTNF&#8221; size=&#8221;460&#8243; css=&#8221;.vc_custom_1581411855597{margin-bottom: 0px !important;}&#8221;][\/vc_column_inner][\/vc_row_inner][\/vc_column][\/vc_row][vc_row full_width=&#8221;stretch_row_content_no_spaces&#8221; css=&#8221;.vc_custom_1581505366466{padding-top: 5% !important;padding-bottom: 5% !important;background-color: #002642 !important;}&#8221; el_class=&#8221;pagina-contacto&#8221;][vc_column css=&#8221;.vc_custom_1565167632521{padding-top: 0px !important;}&#8221;][vc_row_inner row_content_width=&#8221;container&#8221;][vc_column_inner][vc_image_list_father class=&#8221;imagelist&#8211;contact&#8221;][vc_image_list_son image_id=&#8221;201&#8243; image_width=&#8221;40px&#8221; title=&#8221;Contact&#8221; title_color=&#8221;#ffffff&#8221; title_width=&#8221;&#8221;][\/vc_image_list_father][\/vc_column_inner][\/vc_row_inner][vc_row_inner row_content_width=&#8221;container&#8221;][vc_column_inner width=&#8221;1\/2&#8243;][vc_wp_text]<\/p>\n<ul class=\"lista-delegaciones-contact\">\n<li style=\"font-weight: bold;\"><b><u>BSV Electronic Bureaux<\/u><\/b><\/li>\n<li><b><u>BSV Site de Production Murcia<\/u><\/b><\/li>\n<li><b><u>BSV D\u00e9l\u00e9gation Miami<\/u><\/b><\/li>\n<\/ul>\n<p>[\/vc_wp_text][\/vc_column_inner][vc_column_inner width=&#8221;1\/2&#8243;][vc_wp_text el_class=&#8221;info-contacto&#8221;]<\/p>\n<ul class=\"info-contact-desplegada activado\">\n<li>C\/ Ribera del Congost 40 A<\/li>\n<li>Poligon Industrial Sector V<\/li>\n<li>08520 Les Franqueses del Vall\u00e8s<\/li>\n<li>Barcelona (Espagne)<\/li>\n<li>GPS: N 41\u00ba 37\u2032 36\u201d \/ E 2\u00ba 17\u2032 17\u201d<\/li>\n<li>T\u00e9l. +34 93 861 51 15<\/li>\n<li>Fax +34 93 861 52 99<\/li>\n<li>bsv@bsvelectronic.com<\/li>\n<\/ul>\n<ul class=\"info-contact-desplegada\">\n<li>Pol\u00edgono Industrial Oeste Murcia<\/li>\n<li>Avenida de las Am\u00e9ricas 10\/2 M\u00f3dulo C<\/li>\n<li>30820 Alcantarilla<\/li>\n<li>Murcia (Espagne)<\/li>\n<\/ul>\n<ul class=\"info-contact-desplegada\">\n<li>1680 Michigan Ave STE 700D<\/li>\n<li>Miami Beach, FL 33139<\/li>\n<li>\u00c9tats-Unis<\/li>\n<\/ul>\n<p>[\/vc_wp_text][\/vc_column_inner][\/vc_row_inner][\/vc_column][\/vc_row][vc_row full_width=&#8221;stretch_row_content_no_spaces&#8221; css=&#8221;.vc_custom_1567764826523{padding-top: 5% !important;padding-bottom: 5% !important;background-color: #dfebf6 !important;}&#8221;][vc_column][vc_row_inner row_content_width=&#8221;container&#8221;][vc_column_inner][vc_custom_heading text=&#8221;Formulaire de contact &#8221; use_theme_fonts=&#8221;yes&#8221; css=&#8221;.vc_custom_1588838249403{margin-bottom: 30px !important;}&#8221;]<div role=\"form\" class=\"wpcf7\" id=\"wpcf7-f24075-o1\" dir=\"ltr\">\n<div class=\"screen-reader-response\" aria-live=\"polite\"><\/div>\n<form action=\"\/fr\/wp-json\/wp\/v2\/pages\/3285#wpcf7-f24075-o1\" method=\"post\" class=\"wpcf7-form\" novalidate=\"novalidate\">\n<div style=\"display: none;\">\n<input type=\"hidden\" name=\"_wpcf7\" value=\"24075\" \/>\n<input type=\"hidden\" name=\"_wpcf7_version\" value=\"5.1.8\" \/>\n<input type=\"hidden\" name=\"_wpcf7_locale\" value=\"\" \/>\n<input type=\"hidden\" name=\"_wpcf7_unit_tag\" value=\"wpcf7-f24075-o1\" \/>\n<input type=\"hidden\" name=\"_wpcf7_container_post\" value=\"0\" \/>\n<\/div>\n<div class=\"form-contact\">\n<div class=\"vc_row\">\n<div class=\"vc_col-sm-5 vc_col-xs-12\">\n      <span class=\"wpcf7-form-control-wrap your-name\"><input type=\"text\" name=\"your-name\" value=\"\" size=\"40\" class=\"wpcf7-form-control wpcf7-text wpcf7-validates-as-required\" aria-required=\"true\" aria-invalid=\"false\" placeholder=\"*Nom et pr\u00e9nom\" \/><\/span>\n    <\/div>\n<div class=\"vc_col-sm-7 vc_col-xs-12\">\n      <span class=\"wpcf7-form-control-wrap your-email\"><input type=\"email\" name=\"your-email\" value=\"\" size=\"40\" class=\"wpcf7-form-control wpcf7-text wpcf7-email wpcf7-validates-as-required wpcf7-validates-as-email\" aria-required=\"true\" aria-invalid=\"false\" placeholder=\"*E-mail\" \/><\/span>\n    <\/div>\n<div class=\"vc_col-xs-12\">\n      <span class=\"wpcf7-form-control-wrap textarea-698\"><textarea name=\"textarea-698\" cols=\"40\" rows=\"10\" class=\"wpcf7-form-control wpcf7-textarea\" aria-invalid=\"false\" placeholder=\"Message\"><\/textarea><\/span>\n    <\/div>\n<div class=\"vc_col-sm-4 vc_col-xs-12\">\n      <label><span class=\"wpcf7-form-control-wrap politica-privacidad\"><span class=\"wpcf7-form-control wpcf7-checkbox wpcf7-validates-as-required\"><span class=\"wpcf7-list-item first last\"><input type=\"checkbox\" name=\"politica-privacidad[]\" value=\"\" \/><span class=\"wpcf7-list-item-label\"><\/span><\/span><\/span><\/span><span class=\"checkbox-text\">J'ai lu et accepte le <a href=\"https:\/\/www.bspool.eu\/fr\/politique-de-confidentialite\/\" target=\"!blank\">Politique de confidentialit\u00e9<\/a>.<\/span><\/label><\/p>\n<p><label><span class=\"wpcf7-form-control-wrap informacion-comercial\"><span class=\"wpcf7-form-control wpcf7-checkbox\"><span class=\"wpcf7-list-item first last\"><input type=\"checkbox\" name=\"informacion-comercial[]\" value=\"\" \/><span class=\"wpcf7-list-item-label\"><\/span><\/span><\/span><\/span><span class=\"checkbox-text\">J'accepte de recevoir les informations commerciales que BSV ELECTRONIC SL juge opportun de m'envoyer par courrier \u00e9lectronique. Il est possible de se d\u00e9sinscrire \u00e0 tout moment.<\/span><\/label><br \/>\n      <span id=\"wpcf7-6a050cfa683b1-wrapper\" class=\"wpcf7-form-control-wrap info-wrap\" style=\"display:none !important; visibility:hidden !important;\"><label for=\"wpcf7-6a050cfa683b1-field\" class=\"hp-message\">Veuillez laisser ce champ vide.<\/label><input id=\"wpcf7-6a050cfa683b1-field\"  class=\"wpcf7-form-control wpcf7-text\" type=\"text\" name=\"info\" value=\"\" size=\"40\" tabindex=\"-1\" autocomplete=\"new-password\" \/><\/span>\n    <\/div>\n<div class=\"vc_col-sm-4 vc_col-xs-12\">\n<div class=\"text--right\">\n        <input type=\"submit\" value=\"Envoyer\" class=\"wpcf7-form-control wpcf7-submit\" \/>\n      <\/div><\/div><\/div>\n<\/div>\n<div class=\"wpcf7-response-output wpcf7-display-none\" aria-hidden=\"true\"><\/div><\/form><\/div>[\/vc_column_inner][\/vc_row_inner][\/vc_column][\/vc_row][vc_row full_width=&#8221;stretch_row_content_no_spaces&#8221;][vc_column css=&#8221;.vc_custom_1566807329560{padding-top: 0px !important;}&#8221;][vc_row_inner equal_height=&#8221;yes&#8221; content_placement=&#8221;middle&#8221; css=&#8221;.vc_custom_1566980971573{padding-right: 0px !important;padding-left: 0px !important;}&#8221;][vc_column_inner width=&#8221;1\/2&#8243; css=&#8221;.vc_custom_1566982430894{padding-top: 10% !important;padding-right: 10% !important;padding-bottom: 10% !important;padding-left: 10% !important;background-color: #a1e4f2 !important;}&#8221;][vc_custom_heading text=&#8221;Vous \u00eates un particulier?&#8221; use_theme_fonts=&#8221;yes&#8221; css=&#8221;.vc_custom_1588838261624{margin-bottom: 30px !important;}&#8221;][vc_custom_heading text=&#8221;Laissez-nous vos coordonn\u00e9es et nous vous contacterons pour vous donner des informations sans engagement sur l&#8217;\u00e9lectrolyseur au sel qui s&#8217;adapte le mieux \u00e0 vos besoins.&#8221; font_container=&#8221;tag:p|text_align:left&#8221; use_theme_fonts=&#8221;yes&#8221; css=&#8221;.vc_custom_1588838270502{margin-bottom: 50px !important;}&#8221;]<div role=\"form\" class=\"wpcf7\" id=\"wpcf7-f24074-o2\" dir=\"ltr\">\n<div class=\"screen-reader-response\" aria-live=\"polite\"><\/div>\n<form action=\"\/fr\/wp-json\/wp\/v2\/pages\/3285#wpcf7-f24074-o2\" method=\"post\" class=\"wpcf7-form\" novalidate=\"novalidate\">\n<div style=\"display: none;\">\n<input type=\"hidden\" name=\"_wpcf7\" value=\"24074\" \/>\n<input type=\"hidden\" name=\"_wpcf7_version\" value=\"5.1.8\" \/>\n<input type=\"hidden\" name=\"_wpcf7_locale\" value=\"\" \/>\n<input type=\"hidden\" name=\"_wpcf7_unit_tag\" value=\"wpcf7-f24074-o2\" \/>\n<input type=\"hidden\" name=\"_wpcf7_container_post\" value=\"0\" \/>\n<\/div>\n<div class=\"form-product form-product--particular\">\n  <span class=\"wpcf7-form-control-wrap your-name\"><input type=\"text\" name=\"your-name\" value=\"\" size=\"40\" class=\"wpcf7-form-control wpcf7-text wpcf7-validates-as-required\" aria-required=\"true\" aria-invalid=\"false\" placeholder=\"*Nom et pr\u00e9nom\" \/><\/span><br \/>\n  <span class=\"wpcf7-form-control-wrap your-email\"><input type=\"email\" name=\"your-email\" value=\"\" size=\"40\" class=\"wpcf7-form-control wpcf7-text wpcf7-email wpcf7-validates-as-required wpcf7-validates-as-email\" aria-required=\"true\" aria-invalid=\"false\" placeholder=\"*E-mail\" \/><\/span><br \/>\n  <span class=\"wpcf7-form-control-wrap your-phone\"><input type=\"text\" name=\"your-phone\" value=\"\" size=\"40\" class=\"wpcf7-form-control wpcf7-text\" aria-invalid=\"false\" placeholder=\"T\u00e9l\u00e9phone\" \/><\/span><\/p>\n<div class=\"text--right\">\n<span id=\"wpcf7-6a050cfa68b24-wrapper\" class=\"wpcf7-form-control-wrap info-wrap\" style=\"display:none !important; visibility:hidden !important;\"><label for=\"wpcf7-6a050cfa68b24-field\" class=\"hp-message\">Veuillez laisser ce champ vide.<\/label><input id=\"wpcf7-6a050cfa68b24-field\"  class=\"wpcf7-form-control wpcf7-text\" type=\"text\" name=\"info\" value=\"\" size=\"40\" tabindex=\"-1\" autocomplete=\"new-password\" \/><\/span><br \/>\n<label><span class=\"wpcf7-form-control-wrap politica-privacidad\"><span class=\"wpcf7-form-control wpcf7-checkbox wpcf7-validates-as-required\"><span class=\"wpcf7-list-item first last\"><input type=\"checkbox\" name=\"politica-privacidad[]\" value=\"\" \/><span class=\"wpcf7-list-item-label\"><\/span><\/span><\/span><\/span><span class=\"checkbox-text\">J'ai lu et accepte le <a href=\"https:\/\/www.bspool.eu\/fr\/politique-de-confidentialite\/\" target=\"!blank\">Politique de confidentialit\u00e9<\/a>.<\/span><\/label><\/p>\n<p><label><span class=\"wpcf7-form-control-wrap informacion-comercial\"><span class=\"wpcf7-form-control wpcf7-checkbox\"><span class=\"wpcf7-list-item first last\"><input type=\"checkbox\" name=\"informacion-comercial[]\" value=\"\" \/><span class=\"wpcf7-list-item-label\"><\/span><\/span><\/span><\/span><span class=\"checkbox-text\">J'accepte de recevoir les informations commerciales que BSV ELECTRONIC SL juge opportun de m'envoyer par courrier \u00e9lectronique. Il est possible de se d\u00e9sinscrire \u00e0 tout moment.<\/span><\/label><br \/>\n    <input type=\"submit\" value=\"Envoyer\" class=\"wpcf7-form-control wpcf7-submit\" \/>\n  <\/div>\n<\/div>\n<div class=\"wpcf7-response-output wpcf7-display-none\" aria-hidden=\"true\"><\/div><\/form><\/div>[\/vc_column_inner][vc_column_inner width=&#8221;1\/2&#8243; css=&#8221;.vc_custom_1566982437884{padding-top: 10% !important;padding-right: 10% !important;padding-bottom: 10% !important;padding-left: 10% !important;background-color: #002642 !important;}&#8221;][vc_custom_heading text=&#8221;Vous \u00eates distributeur?&#8221; font_container=&#8221;tag:h2|text_align:left|color:%23a1e4f2&#8243; use_theme_fonts=&#8221;yes&#8221; css=&#8221;.vc_custom_1588838286016{margin-bottom: 30px !important;}&#8221;][vc_custom_heading text=&#8221;Remplissez le formulaire avec les coordonn\u00e9es de votre entreprise pour recevoir des informations sur les solutions d&#8217;\u00e9lectrolyse au sel que vous pouvez proposer \u00e0 vos clients.&#8221; font_container=&#8221;tag:p|text_align:left|color:%23a1e4f2&#8243; use_theme_fonts=&#8221;yes&#8221; css=&#8221;.vc_custom_1588838293757{margin-bottom: 50px !important;}&#8221;]<div role=\"form\" class=\"wpcf7\" id=\"wpcf7-f24068-o3\" dir=\"ltr\">\n<div class=\"screen-reader-response\" aria-live=\"polite\"><\/div>\n<form action=\"\/fr\/wp-json\/wp\/v2\/pages\/3285#wpcf7-f24068-o3\" method=\"post\" class=\"wpcf7-form\" novalidate=\"novalidate\">\n<div style=\"display: none;\">\n<input type=\"hidden\" name=\"_wpcf7\" value=\"24068\" \/>\n<input type=\"hidden\" name=\"_wpcf7_version\" value=\"5.1.8\" \/>\n<input type=\"hidden\" name=\"_wpcf7_locale\" value=\"\" \/>\n<input type=\"hidden\" name=\"_wpcf7_unit_tag\" value=\"wpcf7-f24068-o3\" \/>\n<input type=\"hidden\" name=\"_wpcf7_container_post\" value=\"0\" \/>\n<\/div>\n<div class=\"form-product form-product--distribuidor\">\n  <span class=\"wpcf7-form-control-wrap your-name\"><input type=\"text\" name=\"your-name\" value=\"\" size=\"40\" class=\"wpcf7-form-control wpcf7-text wpcf7-validates-as-required\" aria-required=\"true\" aria-invalid=\"false\" placeholder=\"*Nom de l&#039;entreprise\" \/><\/span><br \/>\n  <span class=\"wpcf7-form-control-wrap your-email\"><input type=\"email\" name=\"your-email\" value=\"\" size=\"40\" class=\"wpcf7-form-control wpcf7-text wpcf7-email wpcf7-validates-as-required wpcf7-validates-as-email\" aria-required=\"true\" aria-invalid=\"false\" placeholder=\"*E-mail\" \/><\/span><br \/>\n  <span class=\"wpcf7-form-control-wrap your-phone\"><input type=\"text\" name=\"your-phone\" value=\"\" size=\"40\" class=\"wpcf7-form-control wpcf7-text\" aria-invalid=\"false\" placeholder=\"T\u00e9l\u00e9phone\" \/><\/span><\/p>\n<div class=\"text--right\">\n<span id=\"wpcf7-6a050cfa6929f-wrapper\" class=\"wpcf7-form-control-wrap info-wrap\" style=\"display:none !important; visibility:hidden !important;\"><label for=\"wpcf7-6a050cfa6929f-field\" class=\"hp-message\">Veuillez laisser ce champ vide.<\/label><input id=\"wpcf7-6a050cfa6929f-field\"  class=\"wpcf7-form-control wpcf7-text\" type=\"text\" name=\"info\" value=\"\" size=\"40\" tabindex=\"-1\" autocomplete=\"new-password\" \/><\/span><br \/>\n<label><span class=\"wpcf7-form-control-wrap politica-privacidad\"><span class=\"wpcf7-form-control wpcf7-checkbox wpcf7-validates-as-required\"><span class=\"wpcf7-list-item first last\"><input type=\"checkbox\" name=\"politica-privacidad[]\" value=\"\" \/><span class=\"wpcf7-list-item-label\"><\/span><\/span><\/span><\/span><span class=\"checkbox-text\">J'ai lu et accepte le <a href=\"https:\/\/www.bspool.eu\/fr\/politique-de-confidentialite\/\" target=\"!blank\">Politique de confidentialit\u00e9<\/a>.<\/span><\/label><\/p>\n<p><label><span class=\"wpcf7-form-control-wrap informacion-comercial\"><span class=\"wpcf7-form-control wpcf7-checkbox\"><span class=\"wpcf7-list-item first last\"><input type=\"checkbox\" name=\"informacion-comercial[]\" value=\"\" \/><span class=\"wpcf7-list-item-label\"><\/span><\/span><\/span><\/span><span class=\"checkbox-text\">J'accepte de recevoir les informations commerciales que BSV ELECTRONIC SL juge opportun de m'envoyer par courrier \u00e9lectronique. Il est possible de se d\u00e9sinscrire \u00e0 tout moment.<\/span><\/label><br \/>\n<input type=\"submit\" value=\"Envoyer\" class=\"wpcf7-form-control wpcf7-submit\" \/><\/p><\/div>\n<\/div>\n<div class=\"wpcf7-response-output wpcf7-display-none\" aria-hidden=\"true\"><\/div><\/form><\/div>[\/vc_column_inner][\/vc_row_inner][\/vc_column][\/vc_row]<\/p>\n","protected":false},"excerpt":{"rendered":"<p>[vc_row full_width=&#8221;stretch_row_content_no_spaces&#8221; el_class=&#8221;contact-map&#8221;][vc_column css=&#8221;.vc_custom_1565167632521{padding-top: 0px !important;}&#8221;][vc_row_inner css=&#8221;.vc_custom_1581412051405{padding-right: 0px !important;padding-left: 0px !important;background-color: #002642 !important;}&#8221; el_class=&#8221;google-mapa activado&#8221;][vc_column_inner css=&#8221;.vc_custom_1565167643483{padding-top: 0px !important;}&#8221;][vc_gmaps link=&#8221;#E-8_JTNDaWZyYW1lJTIwc3JjJTNEJTIyaHR0cHMlM0ElMkYlMkZ3d3cuZ29vZ2xlLmNvbSUyRm1hcHMlMkZlbWJlZCUzRnBiJTNEJTIxMW0xOCUyMTFtMTIlMjExbTMlMjExZDI5ODIuMzM4NjI0NzA1NjE4MyUyMTJkMi4yODY1MzQ2MTU0MzMyNDEzJTIxM2Q0MS42MjY4MTE0NzkyNDI5NSUyMTJtMyUyMTFmMCUyMTJmMCUyMTNmMCUyMTNtMiUyMTFpMTAyNCUyMTJpNzY4JTIxNGYxMy4xJTIxM20zJTIxMW0yJTIxMXMweDEyYTRjNjNhMDgzNzZjMjMlMjUzQTB4ZWY4YjI3YjhhZDEyYzliNyUyMTJzQnN2JTJCRWxlY3Ryb25pYyUyNTJDJTJCUy5MLiUyMTVlMCUyMTNtMiUyMTFzZXMlMjEyc2VzJTIxNHYxNTY1MTYzMDQxMjQ4JTIxNW0yJTIxMXNlcyUyMTJzZXMlMjIlMjB3aWR0aCUzRCUyMjYwMCUyMiUyMGhlaWdodCUzRCUyMjQ1MCUyMiUyMGZyYW1lYm9yZGVyJTNEJTIyMCUyMiUyMHN0eWxlJTNEJTIyYm9yZGVyJTNBMCUyMiUyMGFsbG93ZnVsbHNjcmVlbiUzRSUzQyUyRmlmcmFtZSUzRQ==&#8221; size=&#8221;460&#8243; css=&#8221;.vc_custom_1567425826278{margin-bottom: 0px !important;}&#8221;][\/vc_column_inner][\/vc_row_inner][vc_row_inner css=&#8221;.vc_custom_1581411941700{padding-right: 0px !important;padding-left: 0px !important;background-color: #002642 !important;}&#8221; el_class=&#8221;google-mapa&#8221;][vc_column_inner css=&#8221;.vc_custom_1565167643483{padding-top: 0px !important;}&#8221;][vc_gmaps link=&#8221;#E-8_JTNDaWZyYW1lJTIwc3JjJTNEJTIyaHR0cHMlM0ElMkYlMkZ3d3cuZ29vZ2xlLmNvbSUyRm1hcHMlMkZlbWJlZCUzRnBiJTNEJTIxMW0xOCUyMTFtMTIlMjExbTMlMjExZDYyOTEuODQ5OTM0NTE4MzIxJTIxMmQtMS4yMDQwNTYxMjM1OTYwMTY1JTIxM2QzNy45NTU1Mzc5MTg5MDc4JTIxMm0zJTIxMWYwJTIxMmYwJTIxM2YwJTIxM20yJTIxMWkxMDI0JTIxMmk3NjglMjE0ZjEzLjElMjEzbTMlMjExbTIlMjExczB4ZDYzN2YyOTY0MWYyYmFmJTI1M0EweGFhYjUzOTA4N2MyOWRmYTglMjEyc1BvbGlnb25vJTI1MjBJbmR1c3RyaWFsJTI1MjBPZXN0ZSUyMTVlMCUyMTNtMiUyMTFzZXMlMjEyc2VzJTIxNHYxNTgxNDExNzU3NjYwJTIxNW0yJTIxMXNlcyUyMTJzZXMlMjIlMjB3aWR0aCUzRCUyMjYwMCUyMiUyMGhlaWdodCUzRCUyMjQ1MCUyMiUyMGZyYW1lYm9yZGVyJTNEJTIyMCUyMiUyMHN0eWxlJTNEJTIyYm9yZGVyJTNBMCUzQiUyMiUyMGFsbG93ZnVsbHNjcmVlbiUzRCUyMiUyMiUzRSUzQyUyRmlmcmFtZSUzRQ==&#8221; size=&#8221;460&#8243; css=&#8221;.vc_custom_1581411781015{margin-bottom: 0px !important;}&#8221;][\/vc_column_inner][\/vc_row_inner][vc_row_inner css=&#8221;.vc_custom_1581411945948{padding-right: 0px !important;padding-left: 0px !important;background-color: #002642 !important;}&#8221; el_class=&#8221;google-mapa&#8221;][vc_column_inner css=&#8221;.vc_custom_1565167643483{padding-top: 0px !important;}&#8221;][vc_gmaps link=&#8221;#E-8_JTNDaWZyYW1lJTIwc3JjJTNEJTIyaHR0cHMlM0ElMkYlMkZ3d3cuZ29vZ2xlLmNvbSUyRm1hcHMlMkZlbWJlZCUzRnBiJTNEJTIxMW0xOCUyMTFtMTIlMjExbTMlMjExZDM1OTIuMzc0MTk4NzkxODI2NSUyMTJkLTgwLjE0MTE1MDg4NDk3ODQzJTIxM2QyNS43OTEyMjYxODM2MjMzNzYlMjEybTMlMjExZjAlMjEyZjAlMjEzZjAlMjEzbTIlMjExaTEwMjQlMjEyaTc2OCUyMTRmMTMuMSUyMTNtMyUyMTFtMiUyMTFzMHg4OGQ5YjQ4NjVlZGIzZDhmJTI1M0EweDJhMWM5NjI0YWFmZjRjYTUlMjEyczE2ODAlMjUyME1pY2hpZ2FuJTI1MjBBdmUlMjUyMFNURSUyNTIwNzAwRCUyNTJDJTI1MjBNaWFtaSUyNTIwQmVhY2glMjUyQyUyNTIwRkwlMjUyMDMzMTM5JTI1MkMlMjUyMEVFLiUyNTIwVVUuJTIxNWUwJTIxM20yJTIxMXNlcyUyMTJzZXMlMjE0djE1ODE0MTE4NDcyMjclMjE1bTIlMjExc2VzJTIxMnNlcyUyMiUyMHdpZHRoJTNEJTIyNjAwJTIyJTIwaGVpZ2h0JTNEJTIyNDUwJTIyJTIwZnJhbWVib3JkZXIlM0QlMjIwJTIyJTIwc3R5bGUlM0QlMjJib3JkZXIlM0EwJTNCJTIyJTIwYWxsb3dmdWxsc2NyZWVuJTNEJTIyJTIyJTNFJTNDJTJGaWZyYW1lJTNF&#8221; size=&#8221;460&#8243; css=&#8221;.vc_custom_1581411855597{margin-bottom: 0px !important;}&#8221;][\/vc_column_inner][\/vc_row_inner][\/vc_column][\/vc_row][vc_row [&hellip;]<\/p>\n","protected":false},"author":1,"featured_media":0,"parent":0,"menu_order":0,"comment_status":"closed","ping_status":"closed","template":"","meta":[],"_links":{"self":[{"href":"https:\/\/www.bspool.eu\/fr\/wp-json\/wp\/v2\/pages\/3285"}],"collection":[{"href":"https:\/\/www.bspool.eu\/fr\/wp-json\/wp\/v2\/pages"}],"about":[{"href":"https:\/\/www.bspool.eu\/fr\/wp-json\/wp\/v2\/types\/page"}],"author":[{"embeddable":true,"href":"https:\/\/www.bspool.eu\/fr\/wp-json\/wp\/v2\/users\/1"}],"replies":[{"embeddable":true,"href":"https:\/\/www.bspool.eu\/fr\/wp-json\/wp\/v2\/comments?post=3285"}],"version-history":[{"count":2,"href":"https:\/\/www.bspool.eu\/fr\/wp-json\/wp\/v2\/pages\/3285\/revisions"}],"predecessor-version":[{"id":3288,"href":"https:\/\/www.bspool.eu\/fr\/wp-json\/wp\/v2\/pages\/3285\/revisions\/3288"}],"wp:attachment":[{"href":"https:\/\/www.bspool.eu\/fr\/wp-json\/wp\/v2\/media?parent=3285"}],"curies":[{"name":"wp","href":"https:\/\/api.w.org\/{rel}","templated":true}]}}